{"id":1253,"date":"2025-10-31T11:40:26","date_gmt":"2025-10-31T10:40:26","guid":{"rendered":"https:\/\/justgym.pl\/?page_id=1253"},"modified":"2026-03-19T13:55:10","modified_gmt":"2026-03-19T12:55:10","slug":"activity-schedule","status":"publish","type":"page","link":"https:\/\/justgym.pl\/en\/grafik-zajec","title":{"rendered":"Activity schedule"},"content":{"rendered":"","protected":false},"excerpt":{"rendered":"","protected":false},"author":4,"featured_media":0,"parent":0,"menu_order":0,"comment_status":"closed","ping_status":"closed","template":"template-flexible.php","meta":{"_acf_changed":false,"inline_featured_image":false,"footnotes":""},"class_list":["post-1253","page","type-page","status-publish","hentry"],"acf":[],"yoast_head":"<!-- This site is optimized with the Yoast SEO plugin v27.2 - https:\/\/yoast.com\/product\/yoast-seo-wordpress\/ -->\n<title>Grafik zaj\u0119\u0107 - Just GYM<\/title>\n<meta name=\"description\" content=\"Sprawd\u017a aktualny grafik zaj\u0119\u0107 fitness. Wybierz sw\u00f3j klub, znajd\u017a ulubiony trening i \u0107wicz z nami w ca\u0142ej Polsce. Zapisz si\u0119 ju\u017c teraz!\" \/>\n<meta name=\"robots\" content=\"index, follow, max-snippet:-1, max-image-preview:large, max-video-preview:-1\" \/>\n<link rel=\"canonical\" href=\"https:\/\/justgym.pl\/en\/activity-schedule\" \/>\n<meta property=\"og:locale\" content=\"en_GB\" \/>\n<meta property=\"og:type\" content=\"article\" \/>\n<meta property=\"og:title\" content=\"Grafik zaj\u0119\u0107 - Just GYM\" \/>\n<meta property=\"og:description\" content=\"Sprawd\u017a aktualny grafik zaj\u0119\u0107 fitness. Wybierz sw\u00f3j klub, znajd\u017a ulubiony trening i \u0107wicz z nami w ca\u0142ej Polsce. Zapisz si\u0119 ju\u017c teraz!\" \/>\n<meta property=\"og:url\" content=\"https:\/\/justgym.pl\/en\/activity-schedule\" \/>\n<meta property=\"og:site_name\" content=\"Just GYM\" \/>\n<meta property=\"article:modified_time\" content=\"2026-03-19T12:55:10+00:00\" \/>\n<meta name=\"twitter:card\" content=\"summary_large_image\" \/>\n<script type=\"application\/ld+json\" class=\"yoast-schema-graph\">{\"@context\":\"https:\/\/schema.org\",\"@graph\":[{\"@type\":\"WebPage\",\"@id\":\"https:\/\/justgym.pl\/grafik-zajec\",\"url\":\"https:\/\/justgym.pl\/grafik-zajec\",\"name\":\"Grafik zaj\u0119\u0107 - Just GYM\",\"isPartOf\":{\"@id\":\"https:\/\/justgym.pl\/#website\"},\"datePublished\":\"2025-10-31T10:40:26+00:00\",\"dateModified\":\"2026-03-19T12:55:10+00:00\",\"description\":\"Sprawd\u017a aktualny grafik zaj\u0119\u0107 fitness. Wybierz sw\u00f3j klub, znajd\u017a ulubiony trening i \u0107wicz z nami w ca\u0142ej Polsce. Zapisz si\u0119 ju\u017c teraz!\",\"breadcrumb\":{\"@id\":\"https:\/\/justgym.pl\/grafik-zajec#breadcrumb\"},\"inLanguage\":\"en-GB\",\"potentialAction\":[{\"@type\":\"ReadAction\",\"target\":[\"https:\/\/justgym.pl\/grafik-zajec\"]}]},{\"@type\":\"BreadcrumbList\",\"@id\":\"https:\/\/justgym.pl\/grafik-zajec#breadcrumb\",\"itemListElement\":[{\"@type\":\"ListItem\",\"position\":1,\"name\":\"Strona g\u0142\u00f3wna\",\"item\":\"https:\/\/justgym.pl\/\"},{\"@type\":\"ListItem\",\"position\":2,\"name\":\"Grafik zaj\u0119\u0107\"}]},{\"@type\":\"WebSite\",\"@id\":\"https:\/\/justgym.pl\/#website\",\"url\":\"https:\/\/justgym.pl\/\",\"name\":\"Just GYM\",\"description\":\"\",\"potentialAction\":[{\"@type\":\"SearchAction\",\"target\":{\"@type\":\"EntryPoint\",\"urlTemplate\":\"https:\/\/justgym.pl\/?s={search_term_string}\"},\"query-input\":{\"@type\":\"PropertyValueSpecification\",\"valueRequired\":true,\"valueName\":\"search_term_string\"}}],\"inLanguage\":\"en-GB\"}]}<\/script>\n<!-- \/ Yoast SEO plugin. -->","yoast_head_json":{"title":"Class schedule - Just GYM","description":"Check out the current schedule of fitness classes. Choose your club, find your favourite workout and exercise with us nationwide. Sign up now!","robots":{"index":"index","follow":"follow","max-snippet":"max-snippet:-1","max-image-preview":"max-image-preview:large","max-video-preview":"max-video-preview:-1"},"canonical":"https:\/\/justgym.pl\/en\/activity-schedule","og_locale":"en_GB","og_type":"article","og_title":"Grafik zaj\u0119\u0107 - Just GYM","og_description":"Sprawd\u017a aktualny grafik zaj\u0119\u0107 fitness. Wybierz sw\u00f3j klub, znajd\u017a ulubiony trening i \u0107wicz z nami w ca\u0142ej Polsce. Zapisz si\u0119 ju\u017c teraz!","og_url":"https:\/\/justgym.pl\/en\/activity-schedule","og_site_name":"Just GYM","article_modified_time":"2026-03-19T12:55:10+00:00","twitter_card":"summary_large_image","schema":{"@context":"https:\/\/schema.org","@graph":[{"@type":"WebPage","@id":"https:\/\/justgym.pl\/grafik-zajec","url":"https:\/\/justgym.pl\/grafik-zajec","name":"Class schedule - Just GYM","isPartOf":{"@id":"https:\/\/justgym.pl\/#website"},"datePublished":"2025-10-31T10:40:26+00:00","dateModified":"2026-03-19T12:55:10+00:00","description":"Check out the current schedule of fitness classes. Choose your club, find your favourite workout and exercise with us nationwide. Sign up now!","breadcrumb":{"@id":"https:\/\/justgym.pl\/grafik-zajec#breadcrumb"},"inLanguage":"en-GB","potentialAction":[{"@type":"ReadAction","target":["https:\/\/justgym.pl\/grafik-zajec"]}]},{"@type":"BreadcrumbList","@id":"https:\/\/justgym.pl\/grafik-zajec#breadcrumb","itemListElement":[{"@type":"ListItem","position":1,"name":"Strona g\u0142\u00f3wna","item":"https:\/\/justgym.pl\/"},{"@type":"ListItem","position":2,"name":"Grafik zaj\u0119\u0107"}]},{"@type":"WebSite","@id":"https:\/\/justgym.pl\/#website","url":"https:\/\/justgym.pl\/","name":"Just GYM","description":"","potentialAction":[{"@type":"SearchAction","target":{"@type":"EntryPoint","urlTemplate":"https:\/\/justgym.pl\/?s={search_term_string}"},"query-input":{"@type":"PropertyValueSpecification","valueRequired":true,"valueName":"search_term_string"}}],"inLanguage":"en-GB"}]}},"_links":{"self":[{"href":"https:\/\/justgym.pl\/en\/wp-json\/wp\/v2\/pages\/1253","targetHints":{"allow":["GET"]}}],"collection":[{"href":"https:\/\/justgym.pl\/en\/wp-json\/wp\/v2\/pages"}],"about":[{"href":"https:\/\/justgym.pl\/en\/wp-json\/wp\/v2\/types\/page"}],"author":[{"embeddable":true,"href":"https:\/\/justgym.pl\/en\/wp-json\/wp\/v2\/users\/4"}],"replies":[{"embeddable":true,"href":"https:\/\/justgym.pl\/en\/wp-json\/wp\/v2\/comments?post=1253"}],"version-history":[{"count":6,"href":"https:\/\/justgym.pl\/en\/wp-json\/wp\/v2\/pages\/1253\/revisions"}],"predecessor-version":[{"id":2373,"href":"https:\/\/justgym.pl\/en\/wp-json\/wp\/v2\/pages\/1253\/revisions\/2373"}],"wp:attachment":[{"href":"https:\/\/justgym.pl\/en\/wp-json\/wp\/v2\/media?parent=1253"}],"curies":[{"name":"wp","href":"https:\/\/api.w.org\/{rel}","templated":true}]}}