{"id":1314,"date":"2025-11-03T09:29:56","date_gmt":"2025-11-03T08:29:56","guid":{"rendered":"https:\/\/justgym.pl\/?page_id=1314"},"modified":"2026-04-09T10:43:13","modified_gmt":"2026-04-09T08:43:13","slug":"box","status":"publish","type":"page","link":"https:\/\/justgym.pl\/en\/box","title":{"rendered":"Just GYM BOX"},"content":{"rendered":"","protected":false},"excerpt":{"rendered":"","protected":false},"author":4,"featured_media":2063,"parent":0,"menu_order":0,"comment_status":"closed","ping_status":"closed","template":"","meta":{"_acf_changed":false,"inline_featured_image":false,"footnotes":""},"class_list":["post-1314","page","type-page","status-publish","has-post-thumbnail","hentry"],"acf":[],"yoast_head":"<!-- This site is optimized with the Yoast SEO plugin v27.2 - https:\/\/yoast.com\/product\/yoast-seo-wordpress\/ -->\n<title>Just GYM BOX \u2013 Nowoczesna Si\u0142ownia 24\/7 blisko Ciebie<\/title>\n<meta name=\"description\" content=\"Odkryj Just GYM BOX w Warszawie! 6 nowoczesnych lokalizacji: Wola, Mokot\u00f3w, Wawer, Ursus i Praga. Trenuj 24\/7 blisko domu bez recepcji.\" \/>\n<meta name=\"robots\" content=\"index, follow, max-snippet:-1, max-image-preview:large, max-video-preview:-1\" \/>\n<link rel=\"canonical\" href=\"https:\/\/justgym.pl\/en\/box\" \/>\n<meta property=\"og:locale\" content=\"en_GB\" \/>\n<meta property=\"og:type\" content=\"article\" \/>\n<meta property=\"og:title\" content=\"Just GYM BOX \u2013 Nowoczesna Si\u0142ownia 24\/7 blisko Ciebie\" \/>\n<meta property=\"og:description\" content=\"Odkryj Just GYM BOX w Warszawie! 6 nowoczesnych lokalizacji: Wola, Mokot\u00f3w, Wawer, Ursus i Praga. Trenuj 24\/7 blisko domu bez recepcji.\" \/>\n<meta property=\"og:url\" content=\"https:\/\/justgym.pl\/en\/box\" \/>\n<meta property=\"og:site_name\" content=\"Just GYM\" \/>\n<meta property=\"article:modified_time\" content=\"2026-04-09T08:43:13+00:00\" \/>\n<meta property=\"og:image\" content=\"https:\/\/justgym.pl\/wp-content\/uploads\/2025\/09\/just-gym-box-10-scaled.png\" \/>\n\t<meta property=\"og:image:width\" content=\"2560\" \/>\n\t<meta property=\"og:image:height\" content=\"1709\" \/>\n\t<meta property=\"og:image:type\" content=\"image\/png\" \/>\n<meta name=\"twitter:card\" content=\"summary_large_image\" \/>\n<meta name=\"twitter:label1\" content=\"Estimated reading time\" \/>\n\t<meta name=\"twitter:data1\" content=\"1 minute\" \/>\n<script type=\"application\/ld+json\" class=\"yoast-schema-graph\">{\"@context\":\"https:\/\/schema.org\",\"@graph\":[{\"@type\":\"WebPage\",\"@id\":\"https:\/\/justgym.pl\/box\",\"url\":\"https:\/\/justgym.pl\/box\",\"name\":\"Just GYM BOX \u2013 Nowoczesna Si\u0142ownia 24\/7 blisko Ciebie\",\"isPartOf\":{\"@id\":\"https:\/\/justgym.pl\/#website\"},\"primaryImageOfPage\":{\"@id\":\"https:\/\/justgym.pl\/box#primaryimage\"},\"thumbnailUrl\":\"https:\/\/justgym.pl\/wp-content\/uploads\/2025\/09\/just-gym-box-10-scaled.png\",\"datePublished\":\"2025-11-03T08:29:56+00:00\",\"dateModified\":\"2026-04-09T08:43:13+00:00\",\"description\":\"Odkryj Just GYM BOX w Warszawie! 6 nowoczesnych lokalizacji: Wola, Mokot\u00f3w, Wawer, Ursus i Praga. Trenuj 24\/7 blisko domu bez recepcji.\",\"breadcrumb\":{\"@id\":\"https:\/\/justgym.pl\/box#breadcrumb\"},\"inLanguage\":\"en-GB\",\"potentialAction\":[{\"@type\":\"ReadAction\",\"target\":[\"https:\/\/justgym.pl\/box\"]}]},{\"@type\":\"ImageObject\",\"inLanguage\":\"en-GB\",\"@id\":\"https:\/\/justgym.pl\/box#primaryimage\",\"url\":\"https:\/\/justgym.pl\/wp-content\/uploads\/2025\/09\/just-gym-box-10-scaled.png\",\"contentUrl\":\"https:\/\/justgym.pl\/wp-content\/uploads\/2025\/09\/just-gym-box-10-scaled.png\",\"width\":2560,\"height\":1709,\"caption\":\"Wn\u0119trze si\u0142owni Just GYM BOX Warszawa \u2013 rowery i bie\u017cnie przy przeszklonej \u015bcianie, logo klubu na tle \u015bciany.\"},{\"@type\":\"BreadcrumbList\",\"@id\":\"https:\/\/justgym.pl\/box#breadcrumb\",\"itemListElement\":[{\"@type\":\"ListItem\",\"position\":1,\"name\":\"Strona g\u0142\u00f3wna\",\"item\":\"https:\/\/justgym.pl\/\"},{\"@type\":\"ListItem\",\"position\":2,\"name\":\"Just GYM BOX\"}]},{\"@type\":\"WebSite\",\"@id\":\"https:\/\/justgym.pl\/#website\",\"url\":\"https:\/\/justgym.pl\/\",\"name\":\"Just GYM\",\"description\":\"\",\"potentialAction\":[{\"@type\":\"SearchAction\",\"target\":{\"@type\":\"EntryPoint\",\"urlTemplate\":\"https:\/\/justgym.pl\/?s={search_term_string}\"},\"query-input\":{\"@type\":\"PropertyValueSpecification\",\"valueRequired\":true,\"valueName\":\"search_term_string\"}}],\"inLanguage\":\"en-GB\"}]}<\/script>\n<!-- \/ Yoast SEO plugin. -->","yoast_head_json":{"title":"Just GYM BOX - Modern gym 24\/7 close to you","description":"Discover Just GYM BOX in Warsaw! 6 modern locations: Wola, Mokot\u00f3w, Wawer, Ursus and Praga. Train 24\/7 close to home with no reception.","robots":{"index":"index","follow":"follow","max-snippet":"max-snippet:-1","max-image-preview":"max-image-preview:large","max-video-preview":"max-video-preview:-1"},"canonical":"https:\/\/justgym.pl\/en\/box","og_locale":"en_GB","og_type":"article","og_title":"Just GYM BOX \u2013 Nowoczesna Si\u0142ownia 24\/7 blisko Ciebie","og_description":"Odkryj Just GYM BOX w Warszawie! 6 nowoczesnych lokalizacji: Wola, Mokot\u00f3w, Wawer, Ursus i Praga. Trenuj 24\/7 blisko domu bez recepcji.","og_url":"https:\/\/justgym.pl\/en\/box","og_site_name":"Just GYM","article_modified_time":"2026-04-09T08:43:13+00:00","og_image":[{"width":2560,"height":1709,"url":"https:\/\/justgym.pl\/wp-content\/uploads\/2025\/09\/just-gym-box-10-scaled.png","type":"image\/png"}],"twitter_card":"summary_large_image","twitter_misc":{"Estimated reading time":"1 minute"},"schema":{"@context":"https:\/\/schema.org","@graph":[{"@type":"WebPage","@id":"https:\/\/justgym.pl\/box","url":"https:\/\/justgym.pl\/box","name":"Just GYM BOX - Modern gym 24\/7 close to you","isPartOf":{"@id":"https:\/\/justgym.pl\/#website"},"primaryImageOfPage":{"@id":"https:\/\/justgym.pl\/box#primaryimage"},"thumbnailUrl":"https:\/\/justgym.pl\/wp-content\/uploads\/2025\/09\/just-gym-box-10-scaled.png","datePublished":"2025-11-03T08:29:56+00:00","dateModified":"2026-04-09T08:43:13+00:00","description":"Discover Just GYM BOX in Warsaw! 6 modern locations: Wola, Mokot\u00f3w, Wawer, Ursus and Praga. Train 24\/7 close to home with no reception.","breadcrumb":{"@id":"https:\/\/justgym.pl\/box#breadcrumb"},"inLanguage":"en-GB","potentialAction":[{"@type":"ReadAction","target":["https:\/\/justgym.pl\/box"]}]},{"@type":"ImageObject","inLanguage":"en-GB","@id":"https:\/\/justgym.pl\/box#primaryimage","url":"https:\/\/justgym.pl\/wp-content\/uploads\/2025\/09\/just-gym-box-10-scaled.png","contentUrl":"https:\/\/justgym.pl\/wp-content\/uploads\/2025\/09\/just-gym-box-10-scaled.png","width":2560,"height":1709,"caption":"Wn\u0119trze si\u0142owni Just GYM BOX Warszawa \u2013 rowery i bie\u017cnie przy przeszklonej \u015bcianie, logo klubu na tle \u015bciany."},{"@type":"BreadcrumbList","@id":"https:\/\/justgym.pl\/box#breadcrumb","itemListElement":[{"@type":"ListItem","position":1,"name":"Strona g\u0142\u00f3wna","item":"https:\/\/justgym.pl\/"},{"@type":"ListItem","position":2,"name":"Just GYM BOX"}]},{"@type":"WebSite","@id":"https:\/\/justgym.pl\/#website","url":"https:\/\/justgym.pl\/","name":"Just GYM","description":"","potentialAction":[{"@type":"SearchAction","target":{"@type":"EntryPoint","urlTemplate":"https:\/\/justgym.pl\/?s={search_term_string}"},"query-input":{"@type":"PropertyValueSpecification","valueRequired":true,"valueName":"search_term_string"}}],"inLanguage":"en-GB"}]}},"_links":{"self":[{"href":"https:\/\/justgym.pl\/en\/wp-json\/wp\/v2\/pages\/1314","targetHints":{"allow":["GET"]}}],"collection":[{"href":"https:\/\/justgym.pl\/en\/wp-json\/wp\/v2\/pages"}],"about":[{"href":"https:\/\/justgym.pl\/en\/wp-json\/wp\/v2\/types\/page"}],"author":[{"embeddable":true,"href":"https:\/\/justgym.pl\/en\/wp-json\/wp\/v2\/users\/4"}],"replies":[{"embeddable":true,"href":"https:\/\/justgym.pl\/en\/wp-json\/wp\/v2\/comments?post=1314"}],"version-history":[{"count":72,"href":"https:\/\/justgym.pl\/en\/wp-json\/wp\/v2\/pages\/1314\/revisions"}],"predecessor-version":[{"id":2944,"href":"https:\/\/justgym.pl\/en\/wp-json\/wp\/v2\/pages\/1314\/revisions\/2944"}],"wp:featuredmedia":[{"embeddable":true,"href":"https:\/\/justgym.pl\/en\/wp-json\/wp\/v2\/media\/2063"}],"wp:attachment":[{"href":"https:\/\/justgym.pl\/en\/wp-json\/wp\/v2\/media?parent=1314"}],"curies":[{"name":"wp","href":"https:\/\/api.w.org\/{rel}","templated":true}]}}