{"id":1344,"date":"2025-11-04T13:19:49","date_gmt":"2025-11-04T12:19:49","guid":{"rendered":"https:\/\/justgym.pl\/?page_id=1344"},"modified":"2026-02-09T15:31:14","modified_gmt":"2026-02-09T14:31:14","slug":"sports-cards","status":"publish","type":"page","link":"https:\/\/justgym.pl\/en\/karty-sportowe","title":{"rendered":"Sports cards"},"content":{"rendered":"","protected":false},"excerpt":{"rendered":"","protected":false},"author":4,"featured_media":0,"parent":0,"menu_order":0,"comment_status":"closed","ping_status":"closed","template":"","meta":{"_acf_changed":false,"inline_featured_image":false,"footnotes":""},"class_list":["post-1344","page","type-page","status-publish","hentry"],"acf":[],"yoast_head":"<!-- This site is optimized with the Yoast SEO plugin v27.2 - https:\/\/yoast.com\/product\/yoast-seo-wordpress\/ -->\n<title>Karty sportowe - Just GYM<\/title>\n<meta name=\"description\" content=\"Just GYM honoruje pakiety sportowe Medicover Sport, Multisport, PZU Sport oraz FitProfit. Zobacz, w kt\u00f3rych klubach obowi\u0105zuj\u0105 i na jakich zasadach.\" \/>\n<meta name=\"robots\" content=\"index, follow, max-snippet:-1, max-image-preview:large, max-video-preview:-1\" \/>\n<link rel=\"canonical\" href=\"https:\/\/justgym.pl\/en\/sports-cards\" \/>\n<meta property=\"og:locale\" content=\"en_GB\" \/>\n<meta property=\"og:type\" content=\"article\" \/>\n<meta property=\"og:title\" content=\"Karty sportowe - Just GYM\" \/>\n<meta property=\"og:description\" content=\"Just GYM honoruje pakiety sportowe Medicover Sport, Multisport, PZU Sport oraz FitProfit. Zobacz, w kt\u00f3rych klubach obowi\u0105zuj\u0105 i na jakich zasadach.\" \/>\n<meta property=\"og:url\" content=\"https:\/\/justgym.pl\/en\/sports-cards\" \/>\n<meta property=\"og:site_name\" content=\"Just GYM\" \/>\n<meta property=\"article:modified_time\" content=\"2026-02-09T14:31:14+00:00\" \/>\n<meta name=\"twitter:card\" content=\"summary_large_image\" \/>\n<script type=\"application\/ld+json\" class=\"yoast-schema-graph\">{\"@context\":\"https:\/\/schema.org\",\"@graph\":[{\"@type\":\"WebPage\",\"@id\":\"https:\/\/justgym.pl\/karty-sportowe\",\"url\":\"https:\/\/justgym.pl\/karty-sportowe\",\"name\":\"Karty sportowe - Just GYM\",\"isPartOf\":{\"@id\":\"https:\/\/justgym.pl\/#website\"},\"datePublished\":\"2025-11-04T12:19:49+00:00\",\"dateModified\":\"2026-02-09T14:31:14+00:00\",\"description\":\"Just GYM honoruje pakiety sportowe Medicover Sport, Multisport, PZU Sport oraz FitProfit. Zobacz, w kt\u00f3rych klubach obowi\u0105zuj\u0105 i na jakich zasadach.\",\"breadcrumb\":{\"@id\":\"https:\/\/justgym.pl\/karty-sportowe#breadcrumb\"},\"inLanguage\":\"en-GB\",\"potentialAction\":[{\"@type\":\"ReadAction\",\"target\":[\"https:\/\/justgym.pl\/karty-sportowe\"]}]},{\"@type\":\"BreadcrumbList\",\"@id\":\"https:\/\/justgym.pl\/karty-sportowe#breadcrumb\",\"itemListElement\":[{\"@type\":\"ListItem\",\"position\":1,\"name\":\"Strona g\u0142\u00f3wna\",\"item\":\"https:\/\/justgym.pl\/\"},{\"@type\":\"ListItem\",\"position\":2,\"name\":\"Karty sportowe\"}]},{\"@type\":\"WebSite\",\"@id\":\"https:\/\/justgym.pl\/#website\",\"url\":\"https:\/\/justgym.pl\/\",\"name\":\"Just GYM\",\"description\":\"\",\"potentialAction\":[{\"@type\":\"SearchAction\",\"target\":{\"@type\":\"EntryPoint\",\"urlTemplate\":\"https:\/\/justgym.pl\/?s={search_term_string}\"},\"query-input\":{\"@type\":\"PropertyValueSpecification\",\"valueRequired\":true,\"valueName\":\"search_term_string\"}}],\"inLanguage\":\"en-GB\"}]}<\/script>\n<!-- \/ Yoast SEO plugin. -->","yoast_head_json":{"title":"Sports cards - Just GYM","description":"Just GYM honours Medicover Sport, Multisport, PZU Sport and FitProfit sports packages. See in which clubs they are valid and on what terms.","robots":{"index":"index","follow":"follow","max-snippet":"max-snippet:-1","max-image-preview":"max-image-preview:large","max-video-preview":"max-video-preview:-1"},"canonical":"https:\/\/justgym.pl\/en\/sports-cards","og_locale":"en_GB","og_type":"article","og_title":"Karty sportowe - Just GYM","og_description":"Just GYM honoruje pakiety sportowe Medicover Sport, Multisport, PZU Sport oraz FitProfit. Zobacz, w kt\u00f3rych klubach obowi\u0105zuj\u0105 i na jakich zasadach.","og_url":"https:\/\/justgym.pl\/en\/sports-cards","og_site_name":"Just GYM","article_modified_time":"2026-02-09T14:31:14+00:00","twitter_card":"summary_large_image","schema":{"@context":"https:\/\/schema.org","@graph":[{"@type":"WebPage","@id":"https:\/\/justgym.pl\/karty-sportowe","url":"https:\/\/justgym.pl\/karty-sportowe","name":"Sports cards - Just GYM","isPartOf":{"@id":"https:\/\/justgym.pl\/#website"},"datePublished":"2025-11-04T12:19:49+00:00","dateModified":"2026-02-09T14:31:14+00:00","description":"Just GYM honours Medicover Sport, Multisport, PZU Sport and FitProfit sports packages. See in which clubs they are valid and on what terms.","breadcrumb":{"@id":"https:\/\/justgym.pl\/karty-sportowe#breadcrumb"},"inLanguage":"en-GB","potentialAction":[{"@type":"ReadAction","target":["https:\/\/justgym.pl\/karty-sportowe"]}]},{"@type":"BreadcrumbList","@id":"https:\/\/justgym.pl\/karty-sportowe#breadcrumb","itemListElement":[{"@type":"ListItem","position":1,"name":"Strona g\u0142\u00f3wna","item":"https:\/\/justgym.pl\/"},{"@type":"ListItem","position":2,"name":"Karty sportowe"}]},{"@type":"WebSite","@id":"https:\/\/justgym.pl\/#website","url":"https:\/\/justgym.pl\/","name":"Just GYM","description":"","potentialAction":[{"@type":"SearchAction","target":{"@type":"EntryPoint","urlTemplate":"https:\/\/justgym.pl\/?s={search_term_string}"},"query-input":{"@type":"PropertyValueSpecification","valueRequired":true,"valueName":"search_term_string"}}],"inLanguage":"en-GB"}]}},"_links":{"self":[{"href":"https:\/\/justgym.pl\/en\/wp-json\/wp\/v2\/pages\/1344","targetHints":{"allow":["GET"]}}],"collection":[{"href":"https:\/\/justgym.pl\/en\/wp-json\/wp\/v2\/pages"}],"about":[{"href":"https:\/\/justgym.pl\/en\/wp-json\/wp\/v2\/types\/page"}],"author":[{"embeddable":true,"href":"https:\/\/justgym.pl\/en\/wp-json\/wp\/v2\/users\/4"}],"replies":[{"embeddable":true,"href":"https:\/\/justgym.pl\/en\/wp-json\/wp\/v2\/comments?post=1344"}],"version-history":[{"count":19,"href":"https:\/\/justgym.pl\/en\/wp-json\/wp\/v2\/pages\/1344\/revisions"}],"predecessor-version":[{"id":2528,"href":"https:\/\/justgym.pl\/en\/wp-json\/wp\/v2\/pages\/1344\/revisions\/2528"}],"wp:attachment":[{"href":"https:\/\/justgym.pl\/en\/wp-json\/wp\/v2\/media?parent=1344"}],"curies":[{"name":"wp","href":"https:\/\/api.w.org\/{rel}","templated":true}]}}