{"id":1590,"date":"2025-12-03T11:00:56","date_gmt":"2025-12-03T10:00:56","guid":{"rendered":"https:\/\/justgym.pl\/?page_id=1590"},"modified":"2026-01-26T13:43:50","modified_gmt":"2026-01-26T12:43:50","slug":"mcfit","status":"publish","type":"page","link":"https:\/\/justgym.pl\/en\/mcfit","title":{"rendered":"McFIT"},"content":{"rendered":"","protected":false},"excerpt":{"rendered":"","protected":false},"author":4,"featured_media":0,"parent":0,"menu_order":0,"comment_status":"closed","ping_status":"closed","template":"","meta":{"_acf_changed":false,"inline_featured_image":false,"footnotes":""},"class_list":["post-1590","page","type-page","status-publish","hentry"],"acf":[],"yoast_head":"<!-- This site is optimized with the Yoast SEO plugin v27.4 - https:\/\/yoast.com\/product\/yoast-seo-wordpress\/ -->\n<title>McFIT to teraz Just GYM \u2013 nowe kluby 24\/7<\/title>\n<meta name=\"description\" content=\"Kluby McFIT w Poznaniu, Wroc\u0142awiu, Gdyni i Szczecinie dzia\u0142aj\u0105 jako Just GYM. Trenuj 24\/7 bez limitu, korzystaj z zaj\u0119\u0107 grupowych i sprz\u0119tu marek premium.\" \/>\n<meta name=\"robots\" content=\"index, follow, max-snippet:-1, max-image-preview:large, max-video-preview:-1\" \/>\n<link rel=\"canonical\" href=\"https:\/\/justgym.pl\/en\/mcfit\" \/>\n<meta property=\"og:locale\" content=\"en_GB\" \/>\n<meta property=\"og:type\" content=\"article\" \/>\n<meta property=\"og:title\" content=\"McFIT to teraz Just GYM \u2013 nowe kluby 24\/7\" \/>\n<meta property=\"og:description\" content=\"Kluby McFIT w Poznaniu, Wroc\u0142awiu, Gdyni i Szczecinie dzia\u0142aj\u0105 jako Just GYM. Trenuj 24\/7 bez limitu, korzystaj z zaj\u0119\u0107 grupowych i sprz\u0119tu marek premium.\" \/>\n<meta property=\"og:url\" content=\"https:\/\/justgym.pl\/en\/mcfit\" \/>\n<meta property=\"og:site_name\" content=\"Just GYM\" \/>\n<meta property=\"article:modified_time\" content=\"2026-01-26T12:43:50+00:00\" \/>\n<meta name=\"twitter:card\" content=\"summary_large_image\" \/>\n<script type=\"application\/ld+json\" class=\"yoast-schema-graph\">{\"@context\":\"https:\\\/\\\/schema.org\",\"@graph\":[{\"@type\":\"WebPage\",\"@id\":\"https:\\\/\\\/justgym.pl\\\/mcfit\",\"url\":\"https:\\\/\\\/justgym.pl\\\/mcfit\",\"name\":\"McFIT to teraz Just GYM \u2013 nowe kluby 24\\\/7\",\"isPartOf\":{\"@id\":\"https:\\\/\\\/justgym.pl\\\/#website\"},\"datePublished\":\"2025-12-03T10:00:56+00:00\",\"dateModified\":\"2026-01-26T12:43:50+00:00\",\"description\":\"Kluby McFIT w Poznaniu, Wroc\u0142awiu, Gdyni i Szczecinie dzia\u0142aj\u0105 jako Just GYM. Trenuj 24\\\/7 bez limitu, korzystaj z zaj\u0119\u0107 grupowych i sprz\u0119tu marek premium.\",\"breadcrumb\":{\"@id\":\"https:\\\/\\\/justgym.pl\\\/mcfit#breadcrumb\"},\"inLanguage\":\"en-GB\",\"potentialAction\":[{\"@type\":\"ReadAction\",\"target\":[\"https:\\\/\\\/justgym.pl\\\/mcfit\"]}]},{\"@type\":\"BreadcrumbList\",\"@id\":\"https:\\\/\\\/justgym.pl\\\/mcfit#breadcrumb\",\"itemListElement\":[{\"@type\":\"ListItem\",\"position\":1,\"name\":\"Strona g\u0142\u00f3wna\",\"item\":\"https:\\\/\\\/justgym.pl\\\/\"},{\"@type\":\"ListItem\",\"position\":2,\"name\":\"McFIT\"}]},{\"@type\":\"WebSite\",\"@id\":\"https:\\\/\\\/justgym.pl\\\/#website\",\"url\":\"https:\\\/\\\/justgym.pl\\\/\",\"name\":\"Just GYM\",\"description\":\"\",\"potentialAction\":[{\"@type\":\"SearchAction\",\"target\":{\"@type\":\"EntryPoint\",\"urlTemplate\":\"https:\\\/\\\/justgym.pl\\\/?s={search_term_string}\"},\"query-input\":{\"@type\":\"PropertyValueSpecification\",\"valueRequired\":true,\"valueName\":\"search_term_string\"}}],\"inLanguage\":\"en-GB\"}]}<\/script>\n<!-- \/ Yoast SEO plugin. -->","yoast_head_json":{"title":"McFIT is now Just GYM - new 24\/7 clubs","description":"McFIT clubs in Pozna\u0144, Wroc\u0142aw, Gdynia and Szczecin operate as Just GYM. Workout 24\/7 with no limit, enjoy group classes and premium brand equipment.","robots":{"index":"index","follow":"follow","max-snippet":"max-snippet:-1","max-image-preview":"max-image-preview:large","max-video-preview":"max-video-preview:-1"},"canonical":"https:\/\/justgym.pl\/en\/mcfit","og_locale":"en_GB","og_type":"article","og_title":"McFIT to teraz Just GYM \u2013 nowe kluby 24\/7","og_description":"Kluby McFIT w Poznaniu, Wroc\u0142awiu, Gdyni i Szczecinie dzia\u0142aj\u0105 jako Just GYM. Trenuj 24\/7 bez limitu, korzystaj z zaj\u0119\u0107 grupowych i sprz\u0119tu marek premium.","og_url":"https:\/\/justgym.pl\/en\/mcfit","og_site_name":"Just GYM","article_modified_time":"2026-01-26T12:43:50+00:00","twitter_card":"summary_large_image","schema":{"@context":"https:\/\/schema.org","@graph":[{"@type":"WebPage","@id":"https:\/\/justgym.pl\/mcfit","url":"https:\/\/justgym.pl\/mcfit","name":"McFIT is now Just GYM - new 24\/7 clubs","isPartOf":{"@id":"https:\/\/justgym.pl\/#website"},"datePublished":"2025-12-03T10:00:56+00:00","dateModified":"2026-01-26T12:43:50+00:00","description":"McFIT clubs in Pozna\u0144, Wroc\u0142aw, Gdynia and Szczecin operate as Just GYM. Workout 24\/7 with no limit, enjoy group classes and premium brand equipment.","breadcrumb":{"@id":"https:\/\/justgym.pl\/mcfit#breadcrumb"},"inLanguage":"en-GB","potentialAction":[{"@type":"ReadAction","target":["https:\/\/justgym.pl\/mcfit"]}]},{"@type":"BreadcrumbList","@id":"https:\/\/justgym.pl\/mcfit#breadcrumb","itemListElement":[{"@type":"ListItem","position":1,"name":"Strona g\u0142\u00f3wna","item":"https:\/\/justgym.pl\/"},{"@type":"ListItem","position":2,"name":"McFIT"}]},{"@type":"WebSite","@id":"https:\/\/justgym.pl\/#website","url":"https:\/\/justgym.pl\/","name":"Just GYM","description":"","potentialAction":[{"@type":"SearchAction","target":{"@type":"EntryPoint","urlTemplate":"https:\/\/justgym.pl\/?s={search_term_string}"},"query-input":{"@type":"PropertyValueSpecification","valueRequired":true,"valueName":"search_term_string"}}],"inLanguage":"en-GB"}]}},"_links":{"self":[{"href":"https:\/\/justgym.pl\/en\/wp-json\/wp\/v2\/pages\/1590","targetHints":{"allow":["GET"]}}],"collection":[{"href":"https:\/\/justgym.pl\/en\/wp-json\/wp\/v2\/pages"}],"about":[{"href":"https:\/\/justgym.pl\/en\/wp-json\/wp\/v2\/types\/page"}],"author":[{"embeddable":true,"href":"https:\/\/justgym.pl\/en\/wp-json\/wp\/v2\/users\/4"}],"replies":[{"embeddable":true,"href":"https:\/\/justgym.pl\/en\/wp-json\/wp\/v2\/comments?post=1590"}],"version-history":[{"count":9,"href":"https:\/\/justgym.pl\/en\/wp-json\/wp\/v2\/pages\/1590\/revisions"}],"predecessor-version":[{"id":2186,"href":"https:\/\/justgym.pl\/en\/wp-json\/wp\/v2\/pages\/1590\/revisions\/2186"}],"wp:attachment":[{"href":"https:\/\/justgym.pl\/en\/wp-json\/wp\/v2\/media?parent=1590"}],"curies":[{"name":"wp","href":"https:\/\/api.w.org\/{rel}","templated":true}]}}