{"id":2171,"date":"2026-01-26T10:06:13","date_gmt":"2026-01-26T09:06:13","guid":{"rendered":"https:\/\/justgym.pl\/?page_id=2171"},"modified":"2026-01-26T10:06:13","modified_gmt":"2026-01-26T09:06:13","slug":"pzu-sport","status":"publish","type":"page","link":"https:\/\/justgym.pl\/en\/karty-sportowe\/pzu-sport","title":{"rendered":"PZU Sport"},"content":{"rendered":"","protected":false},"excerpt":{"rendered":"","protected":false},"author":4,"featured_media":0,"parent":1344,"menu_order":0,"comment_status":"closed","ping_status":"closed","template":"","meta":{"_acf_changed":false,"inline_featured_image":false,"footnotes":""},"class_list":["post-2171","page","type-page","status-publish","hentry"],"acf":[],"yoast_head":"<!-- This site is optimized with the Yoast SEO plugin v27.2 - https:\/\/yoast.com\/product\/yoast-seo-wordpress\/ -->\n<title>Just GYM &amp; PZU Sport \u2013 zasady wej\u015bcia do klubu<\/title>\n<meta name=\"description\" content=\"Dowiedz si\u0119, jak korzysta\u0107 z karty PZU Sport w Just GYM. Sprawd\u017a zasady wej\u015bcia do klubu, weryfikacj\u0119 karty i dost\u0119p do stref treningowych w naszych si\u0142owniach.\" \/>\n<meta name=\"robots\" content=\"index, follow, max-snippet:-1, max-image-preview:large, max-video-preview:-1\" \/>\n<link rel=\"canonical\" href=\"https:\/\/justgym.pl\/en\/sports-cards\/pzu-sport\" \/>\n<meta property=\"og:locale\" content=\"en_GB\" \/>\n<meta property=\"og:type\" content=\"article\" \/>\n<meta property=\"og:title\" content=\"Just GYM &amp; PZU Sport \u2013 zasady wej\u015bcia do klubu\" \/>\n<meta property=\"og:description\" content=\"Dowiedz si\u0119, jak korzysta\u0107 z karty PZU Sport w Just GYM. Sprawd\u017a zasady wej\u015bcia do klubu, weryfikacj\u0119 karty i dost\u0119p do stref treningowych w naszych si\u0142owniach.\" \/>\n<meta property=\"og:url\" content=\"https:\/\/justgym.pl\/en\/sports-cards\/pzu-sport\" \/>\n<meta property=\"og:site_name\" content=\"Just GYM\" \/>\n<meta name=\"twitter:card\" content=\"summary_large_image\" \/>\n<script type=\"application\/ld+json\" class=\"yoast-schema-graph\">{\"@context\":\"https:\/\/schema.org\",\"@graph\":[{\"@type\":\"WebPage\",\"@id\":\"https:\/\/justgym.pl\/karty-sportowe\/pzu-sport\",\"url\":\"https:\/\/justgym.pl\/karty-sportowe\/pzu-sport\",\"name\":\"Just GYM & PZU Sport \u2013 zasady wej\u015bcia do klubu\",\"isPartOf\":{\"@id\":\"https:\/\/justgym.pl\/#website\"},\"datePublished\":\"2026-01-26T09:06:13+00:00\",\"description\":\"Dowiedz si\u0119, jak korzysta\u0107 z karty PZU Sport w Just GYM. Sprawd\u017a zasady wej\u015bcia do klubu, weryfikacj\u0119 karty i dost\u0119p do stref treningowych w naszych si\u0142owniach.\",\"breadcrumb\":{\"@id\":\"https:\/\/justgym.pl\/karty-sportowe\/pzu-sport#breadcrumb\"},\"inLanguage\":\"en-GB\",\"potentialAction\":[{\"@type\":\"ReadAction\",\"target\":[\"https:\/\/justgym.pl\/karty-sportowe\/pzu-sport\"]}]},{\"@type\":\"BreadcrumbList\",\"@id\":\"https:\/\/justgym.pl\/karty-sportowe\/pzu-sport#breadcrumb\",\"itemListElement\":[{\"@type\":\"ListItem\",\"position\":1,\"name\":\"Strona g\u0142\u00f3wna\",\"item\":\"https:\/\/justgym.pl\/\"},{\"@type\":\"ListItem\",\"position\":2,\"name\":\"Karty sportowe\",\"item\":\"https:\/\/justgym.pl\/karty-sportowe\"},{\"@type\":\"ListItem\",\"position\":3,\"name\":\"PZU Sport\"}]},{\"@type\":\"WebSite\",\"@id\":\"https:\/\/justgym.pl\/#website\",\"url\":\"https:\/\/justgym.pl\/\",\"name\":\"Just GYM\",\"description\":\"\",\"potentialAction\":[{\"@type\":\"SearchAction\",\"target\":{\"@type\":\"EntryPoint\",\"urlTemplate\":\"https:\/\/justgym.pl\/?s={search_term_string}\"},\"query-input\":{\"@type\":\"PropertyValueSpecification\",\"valueRequired\":true,\"valueName\":\"search_term_string\"}}],\"inLanguage\":\"en-GB\"}]}<\/script>\n<!-- \/ Yoast SEO plugin. -->","yoast_head_json":{"title":"Just GYM &amp; PZU Sport - Club entry rules","description":"Find out how to use your PZU Sport card at Just GYM. Check out the club entry rules, card verification and access to training areas in our gyms.","robots":{"index":"index","follow":"follow","max-snippet":"max-snippet:-1","max-image-preview":"max-image-preview:large","max-video-preview":"max-video-preview:-1"},"canonical":"https:\/\/justgym.pl\/en\/sports-cards\/pzu-sport","og_locale":"en_GB","og_type":"article","og_title":"Just GYM & PZU Sport \u2013 zasady wej\u015bcia do klubu","og_description":"Dowiedz si\u0119, jak korzysta\u0107 z karty PZU Sport w Just GYM. Sprawd\u017a zasady wej\u015bcia do klubu, weryfikacj\u0119 karty i dost\u0119p do stref treningowych w naszych si\u0142owniach.","og_url":"https:\/\/justgym.pl\/en\/sports-cards\/pzu-sport","og_site_name":"Just GYM","twitter_card":"summary_large_image","schema":{"@context":"https:\/\/schema.org","@graph":[{"@type":"WebPage","@id":"https:\/\/justgym.pl\/karty-sportowe\/pzu-sport","url":"https:\/\/justgym.pl\/karty-sportowe\/pzu-sport","name":"Just GYM &amp; PZU Sport - Club entry rules","isPartOf":{"@id":"https:\/\/justgym.pl\/#website"},"datePublished":"2026-01-26T09:06:13+00:00","description":"Find out how to use your PZU Sport card at Just GYM. Check out the club entry rules, card verification and access to training areas in our gyms.","breadcrumb":{"@id":"https:\/\/justgym.pl\/karty-sportowe\/pzu-sport#breadcrumb"},"inLanguage":"en-GB","potentialAction":[{"@type":"ReadAction","target":["https:\/\/justgym.pl\/karty-sportowe\/pzu-sport"]}]},{"@type":"BreadcrumbList","@id":"https:\/\/justgym.pl\/karty-sportowe\/pzu-sport#breadcrumb","itemListElement":[{"@type":"ListItem","position":1,"name":"Strona g\u0142\u00f3wna","item":"https:\/\/justgym.pl\/"},{"@type":"ListItem","position":2,"name":"Karty sportowe","item":"https:\/\/justgym.pl\/karty-sportowe"},{"@type":"ListItem","position":3,"name":"PZU Sport"}]},{"@type":"WebSite","@id":"https:\/\/justgym.pl\/#website","url":"https:\/\/justgym.pl\/","name":"Just GYM","description":"","potentialAction":[{"@type":"SearchAction","target":{"@type":"EntryPoint","urlTemplate":"https:\/\/justgym.pl\/?s={search_term_string}"},"query-input":{"@type":"PropertyValueSpecification","valueRequired":true,"valueName":"search_term_string"}}],"inLanguage":"en-GB"}]}},"_links":{"self":[{"href":"https:\/\/justgym.pl\/en\/wp-json\/wp\/v2\/pages\/2171","targetHints":{"allow":["GET"]}}],"collection":[{"href":"https:\/\/justgym.pl\/en\/wp-json\/wp\/v2\/pages"}],"about":[{"href":"https:\/\/justgym.pl\/en\/wp-json\/wp\/v2\/types\/page"}],"author":[{"embeddable":true,"href":"https:\/\/justgym.pl\/en\/wp-json\/wp\/v2\/users\/4"}],"replies":[{"embeddable":true,"href":"https:\/\/justgym.pl\/en\/wp-json\/wp\/v2\/comments?post=2171"}],"version-history":[{"count":1,"href":"https:\/\/justgym.pl\/en\/wp-json\/wp\/v2\/pages\/2171\/revisions"}],"predecessor-version":[{"id":2172,"href":"https:\/\/justgym.pl\/en\/wp-json\/wp\/v2\/pages\/2171\/revisions\/2172"}],"up":[{"embeddable":true,"href":"https:\/\/justgym.pl\/en\/wp-json\/wp\/v2\/pages\/1344"}],"wp:attachment":[{"href":"https:\/\/justgym.pl\/en\/wp-json\/wp\/v2\/media?parent=2171"}],"curies":[{"name":"wp","href":"https:\/\/api.w.org\/{rel}","templated":true}]}}