{"id":230,"date":"2025-09-12T17:09:26","date_gmt":"2025-09-12T15:09:26","guid":{"rendered":"https:\/\/justgym.pl\/?page_id=230"},"modified":"2026-02-12T13:41:57","modified_gmt":"2026-02-12T12:41:57","slug":"faq","status":"publish","type":"page","link":"https:\/\/justgym.pl\/en\/faq","title":{"rendered":"FAQ"},"content":{"rendered":"","protected":false},"excerpt":{"rendered":"","protected":false},"author":1,"featured_media":0,"parent":0,"menu_order":0,"comment_status":"closed","ping_status":"closed","template":"","meta":{"_acf_changed":false,"inline_featured_image":false,"footnotes":""},"class_list":["post-230","page","type-page","status-publish","hentry"],"acf":[],"yoast_head":"<!-- This site is optimized with the Yoast SEO plugin v27.2 - https:\/\/yoast.com\/product\/yoast-seo-wordpress\/ -->\n<title>FAQ Just GYM \u2013 Najcz\u0119stsze Pytania i Odpowiedzi<\/title>\n<meta name=\"description\" content=\"Masz pytania? Znajd\u017a szybkie odpowiedzi w FAQ Just GYM. Dowiedz si\u0119 wszystkiego o karnetach, p\u0142atno\u015bciach i zasadach treningu w Just GYM.\" \/>\n<meta name=\"robots\" content=\"index, follow, max-snippet:-1, max-image-preview:large, max-video-preview:-1\" \/>\n<link rel=\"canonical\" href=\"https:\/\/justgym.pl\/en\/faq\" \/>\n<meta property=\"og:locale\" content=\"en_GB\" \/>\n<meta property=\"og:type\" content=\"article\" \/>\n<meta property=\"og:title\" content=\"FAQ Just GYM \u2013 Najcz\u0119stsze Pytania i Odpowiedzi\" \/>\n<meta property=\"og:description\" content=\"Masz pytania? Znajd\u017a szybkie odpowiedzi w FAQ Just GYM. Dowiedz si\u0119 wszystkiego o karnetach, p\u0142atno\u015bciach i zasadach treningu w Just GYM.\" \/>\n<meta property=\"og:url\" content=\"https:\/\/justgym.pl\/en\/faq\" \/>\n<meta property=\"og:site_name\" content=\"Just GYM\" \/>\n<meta property=\"article:modified_time\" content=\"2026-02-12T12:41:57+00:00\" \/>\n<meta name=\"twitter:card\" content=\"summary_large_image\" \/>\n<script type=\"application\/ld+json\" class=\"yoast-schema-graph\">{\"@context\":\"https:\/\/schema.org\",\"@graph\":[{\"@type\":\"WebPage\",\"@id\":\"https:\/\/justgym.pl\/faq\",\"url\":\"https:\/\/justgym.pl\/faq\",\"name\":\"FAQ Just GYM \u2013 Najcz\u0119stsze Pytania i Odpowiedzi\",\"isPartOf\":{\"@id\":\"https:\/\/justgym.pl\/#website\"},\"datePublished\":\"2025-09-12T15:09:26+00:00\",\"dateModified\":\"2026-02-12T12:41:57+00:00\",\"description\":\"Masz pytania? Znajd\u017a szybkie odpowiedzi w FAQ Just GYM. Dowiedz si\u0119 wszystkiego o karnetach, p\u0142atno\u015bciach i zasadach treningu w Just GYM.\",\"breadcrumb\":{\"@id\":\"https:\/\/justgym.pl\/faq#breadcrumb\"},\"inLanguage\":\"en-GB\",\"potentialAction\":[{\"@type\":\"ReadAction\",\"target\":[\"https:\/\/justgym.pl\/faq\"]}]},{\"@type\":\"BreadcrumbList\",\"@id\":\"https:\/\/justgym.pl\/faq#breadcrumb\",\"itemListElement\":[{\"@type\":\"ListItem\",\"position\":1,\"name\":\"Strona g\u0142\u00f3wna\",\"item\":\"https:\/\/justgym.pl\/\"},{\"@type\":\"ListItem\",\"position\":2,\"name\":\"FAQ\"}]},{\"@type\":\"WebSite\",\"@id\":\"https:\/\/justgym.pl\/#website\",\"url\":\"https:\/\/justgym.pl\/\",\"name\":\"Just GYM\",\"description\":\"\",\"potentialAction\":[{\"@type\":\"SearchAction\",\"target\":{\"@type\":\"EntryPoint\",\"urlTemplate\":\"https:\/\/justgym.pl\/?s={search_term_string}\"},\"query-input\":{\"@type\":\"PropertyValueSpecification\",\"valueRequired\":true,\"valueName\":\"search_term_string\"}}],\"inLanguage\":\"en-GB\"}]}<\/script>\n<!-- \/ Yoast SEO plugin. -->","yoast_head_json":{"title":"Just GYM FAQ - Frequently Asked Questions and Answers","description":"Do you have questions? Find quick answers in the Just GYM FAQ. Find out all about passes, payments and workout policies at Just GYM.","robots":{"index":"index","follow":"follow","max-snippet":"max-snippet:-1","max-image-preview":"max-image-preview:large","max-video-preview":"max-video-preview:-1"},"canonical":"https:\/\/justgym.pl\/en\/faq","og_locale":"en_GB","og_type":"article","og_title":"FAQ Just GYM \u2013 Najcz\u0119stsze Pytania i Odpowiedzi","og_description":"Masz pytania? Znajd\u017a szybkie odpowiedzi w FAQ Just GYM. Dowiedz si\u0119 wszystkiego o karnetach, p\u0142atno\u015bciach i zasadach treningu w Just GYM.","og_url":"https:\/\/justgym.pl\/en\/faq","og_site_name":"Just GYM","article_modified_time":"2026-02-12T12:41:57+00:00","twitter_card":"summary_large_image","schema":{"@context":"https:\/\/schema.org","@graph":[{"@type":"WebPage","@id":"https:\/\/justgym.pl\/faq","url":"https:\/\/justgym.pl\/faq","name":"Just GYM FAQ - Frequently Asked Questions and Answers","isPartOf":{"@id":"https:\/\/justgym.pl\/#website"},"datePublished":"2025-09-12T15:09:26+00:00","dateModified":"2026-02-12T12:41:57+00:00","description":"Do you have questions? Find quick answers in the Just GYM FAQ. Find out all about passes, payments and workout policies at Just GYM.","breadcrumb":{"@id":"https:\/\/justgym.pl\/faq#breadcrumb"},"inLanguage":"en-GB","potentialAction":[{"@type":"ReadAction","target":["https:\/\/justgym.pl\/faq"]}]},{"@type":"BreadcrumbList","@id":"https:\/\/justgym.pl\/faq#breadcrumb","itemListElement":[{"@type":"ListItem","position":1,"name":"Strona g\u0142\u00f3wna","item":"https:\/\/justgym.pl\/"},{"@type":"ListItem","position":2,"name":"FAQ"}]},{"@type":"WebSite","@id":"https:\/\/justgym.pl\/#website","url":"https:\/\/justgym.pl\/","name":"Just GYM","description":"","potentialAction":[{"@type":"SearchAction","target":{"@type":"EntryPoint","urlTemplate":"https:\/\/justgym.pl\/?s={search_term_string}"},"query-input":{"@type":"PropertyValueSpecification","valueRequired":true,"valueName":"search_term_string"}}],"inLanguage":"en-GB"}]}},"_links":{"self":[{"href":"https:\/\/justgym.pl\/en\/wp-json\/wp\/v2\/pages\/230","targetHints":{"allow":["GET"]}}],"collection":[{"href":"https:\/\/justgym.pl\/en\/wp-json\/wp\/v2\/pages"}],"about":[{"href":"https:\/\/justgym.pl\/en\/wp-json\/wp\/v2\/types\/page"}],"author":[{"embeddable":true,"href":"https:\/\/justgym.pl\/en\/wp-json\/wp\/v2\/users\/1"}],"replies":[{"embeddable":true,"href":"https:\/\/justgym.pl\/en\/wp-json\/wp\/v2\/comments?post=230"}],"version-history":[{"count":9,"href":"https:\/\/justgym.pl\/en\/wp-json\/wp\/v2\/pages\/230\/revisions"}],"predecessor-version":[{"id":2336,"href":"https:\/\/justgym.pl\/en\/wp-json\/wp\/v2\/pages\/230\/revisions\/2336"}],"wp:attachment":[{"href":"https:\/\/justgym.pl\/en\/wp-json\/wp\/v2\/media?parent=230"}],"curies":[{"name":"wp","href":"https:\/\/api.w.org\/{rel}","templated":true}]}}