{"id":232,"date":"2025-09-12T17:09:33","date_gmt":"2025-09-12T15:09:33","guid":{"rendered":"https:\/\/justgym.pl\/?page_id=232"},"modified":"2026-02-03T11:10:06","modified_gmt":"2026-02-03T10:10:06","slug":"price-list","status":"publish","type":"page","link":"https:\/\/justgym.pl\/en\/cennik","title":{"rendered":"Price list"},"content":{"rendered":"","protected":false},"excerpt":{"rendered":"","protected":false},"author":1,"featured_media":0,"parent":0,"menu_order":0,"comment_status":"closed","ping_status":"closed","template":"template-flexible.php","meta":{"_acf_changed":false,"inline_featured_image":false,"footnotes":""},"class_list":["post-232","page","type-page","status-publish","hentry"],"acf":[],"yoast_head":"<!-- This site is optimized with the Yoast SEO plugin v27.4 - https:\/\/yoast.com\/product\/yoast-seo-wordpress\/ -->\n<title>Cennik - Karnety Just GYM<\/title>\n<meta name=\"description\" content=\"Trenuj w Just GYM w ca\u0142ej Polsce! Sprawd\u017a cennik karnet\u00f3w OPEN i MULTIKLUB. Dost\u0119p ca\u0142odobowy, brak d\u0142ugoterminowych um\u00f3w i zaj\u0119cia fitness.\" \/>\n<meta name=\"robots\" content=\"index, follow, max-snippet:-1, max-image-preview:large, max-video-preview:-1\" \/>\n<link rel=\"canonical\" href=\"https:\/\/justgym.pl\/en\/price-list\" \/>\n<meta property=\"og:locale\" content=\"en_GB\" \/>\n<meta property=\"og:type\" content=\"article\" \/>\n<meta property=\"og:title\" content=\"Cennik - Karnety Just GYM\" \/>\n<meta property=\"og:description\" content=\"Trenuj w Just GYM w ca\u0142ej Polsce! Sprawd\u017a cennik karnet\u00f3w OPEN i MULTIKLUB. Dost\u0119p ca\u0142odobowy, brak d\u0142ugoterminowych um\u00f3w i zaj\u0119cia fitness.\" \/>\n<meta property=\"og:url\" content=\"https:\/\/justgym.pl\/en\/price-list\" \/>\n<meta property=\"og:site_name\" content=\"Just GYM\" \/>\n<meta property=\"article:modified_time\" content=\"2026-02-03T10:10:06+00:00\" \/>\n<meta name=\"twitter:card\" content=\"summary_large_image\" \/>\n<script type=\"application\/ld+json\" class=\"yoast-schema-graph\">{\"@context\":\"https:\\\/\\\/schema.org\",\"@graph\":[{\"@type\":\"WebPage\",\"@id\":\"https:\\\/\\\/justgym.pl\\\/cennik\",\"url\":\"https:\\\/\\\/justgym.pl\\\/cennik\",\"name\":\"Cennik - Karnety Just GYM\",\"isPartOf\":{\"@id\":\"https:\\\/\\\/justgym.pl\\\/#website\"},\"datePublished\":\"2025-09-12T15:09:33+00:00\",\"dateModified\":\"2026-02-03T10:10:06+00:00\",\"description\":\"Trenuj w Just GYM w ca\u0142ej Polsce! Sprawd\u017a cennik karnet\u00f3w OPEN i MULTIKLUB. Dost\u0119p ca\u0142odobowy, brak d\u0142ugoterminowych um\u00f3w i zaj\u0119cia fitness.\",\"breadcrumb\":{\"@id\":\"https:\\\/\\\/justgym.pl\\\/cennik#breadcrumb\"},\"inLanguage\":\"en-GB\",\"potentialAction\":[{\"@type\":\"ReadAction\",\"target\":[\"https:\\\/\\\/justgym.pl\\\/cennik\"]}]},{\"@type\":\"BreadcrumbList\",\"@id\":\"https:\\\/\\\/justgym.pl\\\/cennik#breadcrumb\",\"itemListElement\":[{\"@type\":\"ListItem\",\"position\":1,\"name\":\"Strona g\u0142\u00f3wna\",\"item\":\"https:\\\/\\\/justgym.pl\\\/\"},{\"@type\":\"ListItem\",\"position\":2,\"name\":\"Cennik\"}]},{\"@type\":\"WebSite\",\"@id\":\"https:\\\/\\\/justgym.pl\\\/#website\",\"url\":\"https:\\\/\\\/justgym.pl\\\/\",\"name\":\"Just GYM\",\"description\":\"\",\"potentialAction\":[{\"@type\":\"SearchAction\",\"target\":{\"@type\":\"EntryPoint\",\"urlTemplate\":\"https:\\\/\\\/justgym.pl\\\/?s={search_term_string}\"},\"query-input\":{\"@type\":\"PropertyValueSpecification\",\"valueRequired\":true,\"valueName\":\"search_term_string\"}}],\"inLanguage\":\"en-GB\"}]}<\/script>\n<!-- \/ Yoast SEO plugin. -->","yoast_head_json":{"title":"Price list - Just GYM passes","description":"Train at Just GYM all over Poland! Check the price list for OPEN and MULTIKLUB passes. 24-hour access, no long-term contracts and fitness classes.","robots":{"index":"index","follow":"follow","max-snippet":"max-snippet:-1","max-image-preview":"max-image-preview:large","max-video-preview":"max-video-preview:-1"},"canonical":"https:\/\/justgym.pl\/en\/price-list","og_locale":"en_GB","og_type":"article","og_title":"Cennik - Karnety Just GYM","og_description":"Trenuj w Just GYM w ca\u0142ej Polsce! Sprawd\u017a cennik karnet\u00f3w OPEN i MULTIKLUB. Dost\u0119p ca\u0142odobowy, brak d\u0142ugoterminowych um\u00f3w i zaj\u0119cia fitness.","og_url":"https:\/\/justgym.pl\/en\/price-list","og_site_name":"Just GYM","article_modified_time":"2026-02-03T10:10:06+00:00","twitter_card":"summary_large_image","schema":{"@context":"https:\/\/schema.org","@graph":[{"@type":"WebPage","@id":"https:\/\/justgym.pl\/cennik","url":"https:\/\/justgym.pl\/cennik","name":"Price list - Just GYM passes","isPartOf":{"@id":"https:\/\/justgym.pl\/#website"},"datePublished":"2025-09-12T15:09:33+00:00","dateModified":"2026-02-03T10:10:06+00:00","description":"Train at Just GYM all over Poland! Check the price list for OPEN and MULTIKLUB passes. 24-hour access, no long-term contracts and fitness classes.","breadcrumb":{"@id":"https:\/\/justgym.pl\/cennik#breadcrumb"},"inLanguage":"en-GB","potentialAction":[{"@type":"ReadAction","target":["https:\/\/justgym.pl\/cennik"]}]},{"@type":"BreadcrumbList","@id":"https:\/\/justgym.pl\/cennik#breadcrumb","itemListElement":[{"@type":"ListItem","position":1,"name":"Strona g\u0142\u00f3wna","item":"https:\/\/justgym.pl\/"},{"@type":"ListItem","position":2,"name":"Cennik"}]},{"@type":"WebSite","@id":"https:\/\/justgym.pl\/#website","url":"https:\/\/justgym.pl\/","name":"Just GYM","description":"","potentialAction":[{"@type":"SearchAction","target":{"@type":"EntryPoint","urlTemplate":"https:\/\/justgym.pl\/?s={search_term_string}"},"query-input":{"@type":"PropertyValueSpecification","valueRequired":true,"valueName":"search_term_string"}}],"inLanguage":"en-GB"}]}},"_links":{"self":[{"href":"https:\/\/justgym.pl\/en\/wp-json\/wp\/v2\/pages\/232","targetHints":{"allow":["GET"]}}],"collection":[{"href":"https:\/\/justgym.pl\/en\/wp-json\/wp\/v2\/pages"}],"about":[{"href":"https:\/\/justgym.pl\/en\/wp-json\/wp\/v2\/types\/page"}],"author":[{"embeddable":true,"href":"https:\/\/justgym.pl\/en\/wp-json\/wp\/v2\/users\/1"}],"replies":[{"embeddable":true,"href":"https:\/\/justgym.pl\/en\/wp-json\/wp\/v2\/comments?post=232"}],"version-history":[{"count":48,"href":"https:\/\/justgym.pl\/en\/wp-json\/wp\/v2\/pages\/232\/revisions"}],"predecessor-version":[{"id":2222,"href":"https:\/\/justgym.pl\/en\/wp-json\/wp\/v2\/pages\/232\/revisions\/2222"}],"wp:attachment":[{"href":"https:\/\/justgym.pl\/en\/wp-json\/wp\/v2\/media?parent=232"}],"curies":[{"name":"wp","href":"https:\/\/api.w.org\/{rel}","templated":true}]}}