{"id":236,"date":"2025-09-12T17:10:47","date_gmt":"2025-09-12T15:10:47","guid":{"rendered":"https:\/\/justgym.pl\/?page_id=236"},"modified":"2026-01-26T13:50:22","modified_gmt":"2026-01-26T12:50:22","slug":"life-begins-after-sixteen","status":"publish","type":"page","link":"https:\/\/justgym.pl\/en\/zycie-zaczyna-sie-po-szesnastce","title":{"rendered":"Life begins after sixteen"},"content":{"rendered":"","protected":false},"excerpt":{"rendered":"","protected":false},"author":1,"featured_media":0,"parent":0,"menu_order":0,"comment_status":"closed","ping_status":"closed","template":"","meta":{"_acf_changed":false,"inline_featured_image":false,"footnotes":""},"class_list":["post-236","page","type-page","status-publish","hentry"],"acf":[],"yoast_head":"<!-- This site is optimized with the Yoast SEO plugin v27.2 - https:\/\/yoast.com\/product\/yoast-seo-wordpress\/ -->\n<title>\u017bycie zaczyna si\u0119 po szesnastce - Just GYM<\/title>\n<meta name=\"description\" content=\"Masz uko\u0144czone 16 lat? Trenuj w Just GYM! Pobierz o\u015bwiadczenie dla rodzica, sprawd\u017a nasze sztos oferty i zacznij przygod\u0119 z fitness ju\u017c dzi\u015b.\" \/>\n<meta name=\"robots\" content=\"index, follow, max-snippet:-1, max-image-preview:large, max-video-preview:-1\" \/>\n<link rel=\"canonical\" href=\"https:\/\/justgym.pl\/en\/life-begins-after-sixteen\" \/>\n<meta property=\"og:locale\" content=\"en_GB\" \/>\n<meta property=\"og:type\" content=\"article\" \/>\n<meta property=\"og:title\" content=\"\u017bycie zaczyna si\u0119 po szesnastce - Just GYM\" \/>\n<meta property=\"og:description\" content=\"Masz uko\u0144czone 16 lat? Trenuj w Just GYM! Pobierz o\u015bwiadczenie dla rodzica, sprawd\u017a nasze sztos oferty i zacznij przygod\u0119 z fitness ju\u017c dzi\u015b.\" \/>\n<meta property=\"og:url\" content=\"https:\/\/justgym.pl\/en\/life-begins-after-sixteen\" \/>\n<meta property=\"og:site_name\" content=\"Just GYM\" \/>\n<meta property=\"article:modified_time\" content=\"2026-01-26T12:50:22+00:00\" \/>\n<meta name=\"twitter:card\" content=\"summary_large_image\" \/>\n<script type=\"application\/ld+json\" class=\"yoast-schema-graph\">{\"@context\":\"https:\/\/schema.org\",\"@graph\":[{\"@type\":\"WebPage\",\"@id\":\"https:\/\/justgym.pl\/zycie-zaczyna-sie-po-szesnastce\",\"url\":\"https:\/\/justgym.pl\/zycie-zaczyna-sie-po-szesnastce\",\"name\":\"\u017bycie zaczyna si\u0119 po szesnastce - Just GYM\",\"isPartOf\":{\"@id\":\"https:\/\/justgym.pl\/#website\"},\"datePublished\":\"2025-09-12T15:10:47+00:00\",\"dateModified\":\"2026-01-26T12:50:22+00:00\",\"description\":\"Masz uko\u0144czone 16 lat? Trenuj w Just GYM! Pobierz o\u015bwiadczenie dla rodzica, sprawd\u017a nasze sztos oferty i zacznij przygod\u0119 z fitness ju\u017c dzi\u015b.\",\"breadcrumb\":{\"@id\":\"https:\/\/justgym.pl\/zycie-zaczyna-sie-po-szesnastce#breadcrumb\"},\"inLanguage\":\"en-GB\",\"potentialAction\":[{\"@type\":\"ReadAction\",\"target\":[\"https:\/\/justgym.pl\/zycie-zaczyna-sie-po-szesnastce\"]}]},{\"@type\":\"BreadcrumbList\",\"@id\":\"https:\/\/justgym.pl\/zycie-zaczyna-sie-po-szesnastce#breadcrumb\",\"itemListElement\":[{\"@type\":\"ListItem\",\"position\":1,\"name\":\"Strona g\u0142\u00f3wna\",\"item\":\"https:\/\/justgym.pl\/\"},{\"@type\":\"ListItem\",\"position\":2,\"name\":\"\u017bycie zaczyna si\u0119 po szesnastce\"}]},{\"@type\":\"WebSite\",\"@id\":\"https:\/\/justgym.pl\/#website\",\"url\":\"https:\/\/justgym.pl\/\",\"name\":\"Just GYM\",\"description\":\"\",\"potentialAction\":[{\"@type\":\"SearchAction\",\"target\":{\"@type\":\"EntryPoint\",\"urlTemplate\":\"https:\/\/justgym.pl\/?s={search_term_string}\"},\"query-input\":{\"@type\":\"PropertyValueSpecification\",\"valueRequired\":true,\"valueName\":\"search_term_string\"}}],\"inLanguage\":\"en-GB\"}]}<\/script>\n<!-- \/ Yoast SEO plugin. -->","yoast_head_json":{"title":"Life begins after sixteen - Just GYM","description":"Are you over 16 years old? Work out at Just GYM! Download the parent statement, check out our shtos offers and start your fitness adventure today.","robots":{"index":"index","follow":"follow","max-snippet":"max-snippet:-1","max-image-preview":"max-image-preview:large","max-video-preview":"max-video-preview:-1"},"canonical":"https:\/\/justgym.pl\/en\/life-begins-after-sixteen","og_locale":"en_GB","og_type":"article","og_title":"\u017bycie zaczyna si\u0119 po szesnastce - Just GYM","og_description":"Masz uko\u0144czone 16 lat? Trenuj w Just GYM! Pobierz o\u015bwiadczenie dla rodzica, sprawd\u017a nasze sztos oferty i zacznij przygod\u0119 z fitness ju\u017c dzi\u015b.","og_url":"https:\/\/justgym.pl\/en\/life-begins-after-sixteen","og_site_name":"Just GYM","article_modified_time":"2026-01-26T12:50:22+00:00","twitter_card":"summary_large_image","schema":{"@context":"https:\/\/schema.org","@graph":[{"@type":"WebPage","@id":"https:\/\/justgym.pl\/zycie-zaczyna-sie-po-szesnastce","url":"https:\/\/justgym.pl\/zycie-zaczyna-sie-po-szesnastce","name":"Life begins after sixteen - Just GYM","isPartOf":{"@id":"https:\/\/justgym.pl\/#website"},"datePublished":"2025-09-12T15:10:47+00:00","dateModified":"2026-01-26T12:50:22+00:00","description":"Are you over 16 years old? Work out at Just GYM! Download the parent statement, check out our shtos offers and start your fitness adventure today.","breadcrumb":{"@id":"https:\/\/justgym.pl\/zycie-zaczyna-sie-po-szesnastce#breadcrumb"},"inLanguage":"en-GB","potentialAction":[{"@type":"ReadAction","target":["https:\/\/justgym.pl\/zycie-zaczyna-sie-po-szesnastce"]}]},{"@type":"BreadcrumbList","@id":"https:\/\/justgym.pl\/zycie-zaczyna-sie-po-szesnastce#breadcrumb","itemListElement":[{"@type":"ListItem","position":1,"name":"Strona g\u0142\u00f3wna","item":"https:\/\/justgym.pl\/"},{"@type":"ListItem","position":2,"name":"\u017bycie zaczyna si\u0119 po szesnastce"}]},{"@type":"WebSite","@id":"https:\/\/justgym.pl\/#website","url":"https:\/\/justgym.pl\/","name":"Just GYM","description":"","potentialAction":[{"@type":"SearchAction","target":{"@type":"EntryPoint","urlTemplate":"https:\/\/justgym.pl\/?s={search_term_string}"},"query-input":{"@type":"PropertyValueSpecification","valueRequired":true,"valueName":"search_term_string"}}],"inLanguage":"en-GB"}]}},"_links":{"self":[{"href":"https:\/\/justgym.pl\/en\/wp-json\/wp\/v2\/pages\/236","targetHints":{"allow":["GET"]}}],"collection":[{"href":"https:\/\/justgym.pl\/en\/wp-json\/wp\/v2\/pages"}],"about":[{"href":"https:\/\/justgym.pl\/en\/wp-json\/wp\/v2\/types\/page"}],"author":[{"embeddable":true,"href":"https:\/\/justgym.pl\/en\/wp-json\/wp\/v2\/users\/1"}],"replies":[{"embeddable":true,"href":"https:\/\/justgym.pl\/en\/wp-json\/wp\/v2\/comments?post=236"}],"version-history":[{"count":6,"href":"https:\/\/justgym.pl\/en\/wp-json\/wp\/v2\/pages\/236\/revisions"}],"predecessor-version":[{"id":2196,"href":"https:\/\/justgym.pl\/en\/wp-json\/wp\/v2\/pages\/236\/revisions\/2196"}],"wp:attachment":[{"href":"https:\/\/justgym.pl\/en\/wp-json\/wp\/v2\/media?parent=236"}],"curies":[{"name":"wp","href":"https:\/\/api.w.org\/{rel}","templated":true}]}}