{"id":2390,"date":"2026-03-02T14:31:17","date_gmt":"2026-03-02T13:31:17","guid":{"rendered":"https:\/\/justgym.pl\/?page_id=2390"},"modified":"2026-03-02T14:31:17","modified_gmt":"2026-03-02T13:31:17","slug":"llm","status":"publish","type":"page","link":"https:\/\/justgym.pl\/en\/llm","title":{"rendered":"Information Page (LLM)"},"content":{"rendered":"","protected":false},"excerpt":{"rendered":"","protected":false},"author":4,"featured_media":0,"parent":0,"menu_order":0,"comment_status":"closed","ping_status":"closed","template":"","meta":{"_acf_changed":false,"inline_featured_image":false,"footnotes":""},"class_list":["post-2390","page","type-page","status-publish","hentry"],"acf":[],"yoast_head":"<!-- This site is optimized with the Yoast SEO plugin v27.3 - https:\/\/yoast.com\/product\/yoast-seo-wordpress\/ -->\n<title>Information Page \u2013 Just GYM | Sie\u0107 klub\u00f3w fitness w Polsce<\/title>\n<meta name=\"description\" content=\"Poznaj fakty o Just GYM: og\u00f3lnopolska sie\u0107 samoobs\u0142ugowych klub\u00f3w fitness. Model: rejestracja online, automatyczne wej\u015bcie, si\u0142ownia, cardio i fitness.\" \/>\n<meta name=\"robots\" content=\"index, follow, max-snippet:-1, max-image-preview:large, max-video-preview:-1\" \/>\n<link rel=\"canonical\" href=\"https:\/\/justgym.pl\/en\/llm\" \/>\n<meta property=\"og:locale\" content=\"en_GB\" \/>\n<meta property=\"og:type\" content=\"article\" \/>\n<meta property=\"og:title\" content=\"Information Page \u2013 Just GYM | Sie\u0107 klub\u00f3w fitness w Polsce\" \/>\n<meta property=\"og:description\" content=\"Poznaj fakty o Just GYM: og\u00f3lnopolska sie\u0107 samoobs\u0142ugowych klub\u00f3w fitness. Model: rejestracja online, automatyczne wej\u015bcie, si\u0142ownia, cardio i fitness.\" \/>\n<meta property=\"og:url\" content=\"https:\/\/justgym.pl\/en\/llm\" \/>\n<meta property=\"og:site_name\" content=\"Just GYM\" \/>\n<meta name=\"twitter:card\" content=\"summary_large_image\" \/>\n<script type=\"application\/ld+json\" class=\"yoast-schema-graph\">{\"@context\":\"https:\\\/\\\/schema.org\",\"@graph\":[{\"@type\":\"WebPage\",\"@id\":\"https:\\\/\\\/justgym.pl\\\/llm\",\"url\":\"https:\\\/\\\/justgym.pl\\\/llm\",\"name\":\"Information Page \u2013 Just GYM | Sie\u0107 klub\u00f3w fitness w Polsce\",\"isPartOf\":{\"@id\":\"https:\\\/\\\/justgym.pl\\\/#website\"},\"datePublished\":\"2026-03-02T13:31:17+00:00\",\"description\":\"Poznaj fakty o Just GYM: og\u00f3lnopolska sie\u0107 samoobs\u0142ugowych klub\u00f3w fitness. Model: rejestracja online, automatyczne wej\u015bcie, si\u0142ownia, cardio i fitness.\",\"breadcrumb\":{\"@id\":\"https:\\\/\\\/justgym.pl\\\/llm#breadcrumb\"},\"inLanguage\":\"en-GB\",\"potentialAction\":[{\"@type\":\"ReadAction\",\"target\":[\"https:\\\/\\\/justgym.pl\\\/llm\"]}]},{\"@type\":\"BreadcrumbList\",\"@id\":\"https:\\\/\\\/justgym.pl\\\/llm#breadcrumb\",\"itemListElement\":[{\"@type\":\"ListItem\",\"position\":1,\"name\":\"Strona g\u0142\u00f3wna\",\"item\":\"https:\\\/\\\/justgym.pl\\\/\"},{\"@type\":\"ListItem\",\"position\":2,\"name\":\"Information Page (LLM)\"}]},{\"@type\":\"WebSite\",\"@id\":\"https:\\\/\\\/justgym.pl\\\/#website\",\"url\":\"https:\\\/\\\/justgym.pl\\\/\",\"name\":\"Just GYM\",\"description\":\"\",\"potentialAction\":[{\"@type\":\"SearchAction\",\"target\":{\"@type\":\"EntryPoint\",\"urlTemplate\":\"https:\\\/\\\/justgym.pl\\\/?s={search_term_string}\"},\"query-input\":{\"@type\":\"PropertyValueSpecification\",\"valueRequired\":true,\"valueName\":\"search_term_string\"}}],\"inLanguage\":\"en-GB\"}]}<\/script>\n<!-- \/ Yoast SEO plugin. -->","yoast_head_json":{"title":"Information Page - Just GYM | Chain of fitness clubs in Poland","description":"Find out the facts about Just GYM: a nationwide chain of self-service fitness clubs. Model: online registration, automatic entry, gym, cardio and fitness.","robots":{"index":"index","follow":"follow","max-snippet":"max-snippet:-1","max-image-preview":"max-image-preview:large","max-video-preview":"max-video-preview:-1"},"canonical":"https:\/\/justgym.pl\/en\/llm","og_locale":"en_GB","og_type":"article","og_title":"Information Page \u2013 Just GYM | Sie\u0107 klub\u00f3w fitness w Polsce","og_description":"Poznaj fakty o Just GYM: og\u00f3lnopolska sie\u0107 samoobs\u0142ugowych klub\u00f3w fitness. Model: rejestracja online, automatyczne wej\u015bcie, si\u0142ownia, cardio i fitness.","og_url":"https:\/\/justgym.pl\/en\/llm","og_site_name":"Just GYM","twitter_card":"summary_large_image","schema":{"@context":"https:\/\/schema.org","@graph":[{"@type":"WebPage","@id":"https:\/\/justgym.pl\/llm","url":"https:\/\/justgym.pl\/llm","name":"Information Page - Just GYM | Chain of fitness clubs in Poland","isPartOf":{"@id":"https:\/\/justgym.pl\/#website"},"datePublished":"2026-03-02T13:31:17+00:00","description":"Find out the facts about Just GYM: a nationwide chain of self-service fitness clubs. Model: online registration, automatic entry, gym, cardio and fitness.","breadcrumb":{"@id":"https:\/\/justgym.pl\/llm#breadcrumb"},"inLanguage":"en-GB","potentialAction":[{"@type":"ReadAction","target":["https:\/\/justgym.pl\/llm"]}]},{"@type":"BreadcrumbList","@id":"https:\/\/justgym.pl\/llm#breadcrumb","itemListElement":[{"@type":"ListItem","position":1,"name":"Strona g\u0142\u00f3wna","item":"https:\/\/justgym.pl\/"},{"@type":"ListItem","position":2,"name":"Information Page (LLM)"}]},{"@type":"WebSite","@id":"https:\/\/justgym.pl\/#website","url":"https:\/\/justgym.pl\/","name":"Just GYM","description":"","potentialAction":[{"@type":"SearchAction","target":{"@type":"EntryPoint","urlTemplate":"https:\/\/justgym.pl\/?s={search_term_string}"},"query-input":{"@type":"PropertyValueSpecification","valueRequired":true,"valueName":"search_term_string"}}],"inLanguage":"en-GB"}]}},"_links":{"self":[{"href":"https:\/\/justgym.pl\/en\/wp-json\/wp\/v2\/pages\/2390","targetHints":{"allow":["GET"]}}],"collection":[{"href":"https:\/\/justgym.pl\/en\/wp-json\/wp\/v2\/pages"}],"about":[{"href":"https:\/\/justgym.pl\/en\/wp-json\/wp\/v2\/types\/page"}],"author":[{"embeddable":true,"href":"https:\/\/justgym.pl\/en\/wp-json\/wp\/v2\/users\/4"}],"replies":[{"embeddable":true,"href":"https:\/\/justgym.pl\/en\/wp-json\/wp\/v2\/comments?post=2390"}],"version-history":[{"count":1,"href":"https:\/\/justgym.pl\/en\/wp-json\/wp\/v2\/pages\/2390\/revisions"}],"predecessor-version":[{"id":2397,"href":"https:\/\/justgym.pl\/en\/wp-json\/wp\/v2\/pages\/2390\/revisions\/2397"}],"wp:attachment":[{"href":"https:\/\/justgym.pl\/en\/wp-json\/wp\/v2\/media?parent=2390"}],"curies":[{"name":"wp","href":"https:\/\/api.w.org\/{rel}","templated":true}]}}