{"id":248,"date":"2025-09-17T12:46:42","date_gmt":"2025-09-17T10:46:42","guid":{"rendered":"https:\/\/justgym.pl\/?page_id=248"},"modified":"2026-01-26T13:43:06","modified_gmt":"2026-01-26T12:43:06","slug":"site-map","status":"publish","type":"page","link":"https:\/\/justgym.pl\/en\/mapa-strony","title":{"rendered":"Site map"},"content":{"rendered":"","protected":false},"excerpt":{"rendered":"","protected":false},"author":1,"featured_media":0,"parent":0,"menu_order":0,"comment_status":"closed","ping_status":"closed","template":"","meta":{"_acf_changed":false,"inline_featured_image":false,"footnotes":""},"class_list":["post-248","page","type-page","status-publish","hentry"],"acf":[],"yoast_head":"<!-- This site is optimized with the Yoast SEO plugin v27.5 - https:\/\/yoast.com\/product\/yoast-seo-wordpress\/ -->\n<title>Mapa strony - Just GYM<\/title>\n<meta name=\"description\" content=\"Nie mo\u017cesz czego\u015b znale\u017a\u0107? Sprawd\u017a map\u0119 strony Just GYM. Pe\u0142na lista klub\u00f3w, cennik i baza wiedzy w jednym miejscu.\" \/>\n<meta name=\"robots\" content=\"index, follow, max-snippet:-1, max-image-preview:large, max-video-preview:-1\" \/>\n<link rel=\"canonical\" href=\"https:\/\/justgym.pl\/en\/site-map\" \/>\n<meta property=\"og:locale\" content=\"en_GB\" \/>\n<meta property=\"og:type\" content=\"article\" \/>\n<meta property=\"og:title\" content=\"Mapa strony - Just GYM\" \/>\n<meta property=\"og:description\" content=\"Nie mo\u017cesz czego\u015b znale\u017a\u0107? Sprawd\u017a map\u0119 strony Just GYM. Pe\u0142na lista klub\u00f3w, cennik i baza wiedzy w jednym miejscu.\" \/>\n<meta property=\"og:url\" content=\"https:\/\/justgym.pl\/en\/site-map\" \/>\n<meta property=\"og:site_name\" content=\"Just GYM\" \/>\n<meta property=\"article:modified_time\" content=\"2026-01-26T12:43:06+00:00\" \/>\n<meta name=\"twitter:card\" content=\"summary_large_image\" \/>\n<script type=\"application\/ld+json\" class=\"yoast-schema-graph\">{\"@context\":\"https:\\\/\\\/schema.org\",\"@graph\":[{\"@type\":\"WebPage\",\"@id\":\"https:\\\/\\\/justgym.pl\\\/mapa-strony\",\"url\":\"https:\\\/\\\/justgym.pl\\\/mapa-strony\",\"name\":\"Mapa strony - Just GYM\",\"isPartOf\":{\"@id\":\"https:\\\/\\\/justgym.pl\\\/#website\"},\"datePublished\":\"2025-09-17T10:46:42+00:00\",\"dateModified\":\"2026-01-26T12:43:06+00:00\",\"description\":\"Nie mo\u017cesz czego\u015b znale\u017a\u0107? Sprawd\u017a map\u0119 strony Just GYM. Pe\u0142na lista klub\u00f3w, cennik i baza wiedzy w jednym miejscu.\",\"breadcrumb\":{\"@id\":\"https:\\\/\\\/justgym.pl\\\/mapa-strony#breadcrumb\"},\"inLanguage\":\"en-GB\",\"potentialAction\":[{\"@type\":\"ReadAction\",\"target\":[\"https:\\\/\\\/justgym.pl\\\/mapa-strony\"]}]},{\"@type\":\"BreadcrumbList\",\"@id\":\"https:\\\/\\\/justgym.pl\\\/mapa-strony#breadcrumb\",\"itemListElement\":[{\"@type\":\"ListItem\",\"position\":1,\"name\":\"Strona g\u0142\u00f3wna\",\"item\":\"https:\\\/\\\/justgym.pl\\\/\"},{\"@type\":\"ListItem\",\"position\":2,\"name\":\"Mapa strony\"}]},{\"@type\":\"WebSite\",\"@id\":\"https:\\\/\\\/justgym.pl\\\/#website\",\"url\":\"https:\\\/\\\/justgym.pl\\\/\",\"name\":\"Just GYM\",\"description\":\"\",\"potentialAction\":[{\"@type\":\"SearchAction\",\"target\":{\"@type\":\"EntryPoint\",\"urlTemplate\":\"https:\\\/\\\/justgym.pl\\\/?s={search_term_string}\"},\"query-input\":{\"@type\":\"PropertyValueSpecification\",\"valueRequired\":true,\"valueName\":\"search_term_string\"}}],\"inLanguage\":\"en-GB\"}]}<\/script>\n<!-- \/ Yoast SEO plugin. -->","yoast_head_json":{"title":"Site map - Just GYM","description":"Can't find something? Check out the Just GYM website map. Full list of clubs, price list and knowledge base in one place.","robots":{"index":"index","follow":"follow","max-snippet":"max-snippet:-1","max-image-preview":"max-image-preview:large","max-video-preview":"max-video-preview:-1"},"canonical":"https:\/\/justgym.pl\/en\/site-map","og_locale":"en_GB","og_type":"article","og_title":"Mapa strony - Just GYM","og_description":"Nie mo\u017cesz czego\u015b znale\u017a\u0107? Sprawd\u017a map\u0119 strony Just GYM. Pe\u0142na lista klub\u00f3w, cennik i baza wiedzy w jednym miejscu.","og_url":"https:\/\/justgym.pl\/en\/site-map","og_site_name":"Just GYM","article_modified_time":"2026-01-26T12:43:06+00:00","twitter_card":"summary_large_image","schema":{"@context":"https:\/\/schema.org","@graph":[{"@type":"WebPage","@id":"https:\/\/justgym.pl\/mapa-strony","url":"https:\/\/justgym.pl\/mapa-strony","name":"Site map - Just GYM","isPartOf":{"@id":"https:\/\/justgym.pl\/#website"},"datePublished":"2025-09-17T10:46:42+00:00","dateModified":"2026-01-26T12:43:06+00:00","description":"Can't find something? Check out the Just GYM website map. Full list of clubs, price list and knowledge base in one place.","breadcrumb":{"@id":"https:\/\/justgym.pl\/mapa-strony#breadcrumb"},"inLanguage":"en-GB","potentialAction":[{"@type":"ReadAction","target":["https:\/\/justgym.pl\/mapa-strony"]}]},{"@type":"BreadcrumbList","@id":"https:\/\/justgym.pl\/mapa-strony#breadcrumb","itemListElement":[{"@type":"ListItem","position":1,"name":"Strona g\u0142\u00f3wna","item":"https:\/\/justgym.pl\/"},{"@type":"ListItem","position":2,"name":"Mapa strony"}]},{"@type":"WebSite","@id":"https:\/\/justgym.pl\/#website","url":"https:\/\/justgym.pl\/","name":"Just GYM","description":"","potentialAction":[{"@type":"SearchAction","target":{"@type":"EntryPoint","urlTemplate":"https:\/\/justgym.pl\/?s={search_term_string}"},"query-input":{"@type":"PropertyValueSpecification","valueRequired":true,"valueName":"search_term_string"}}],"inLanguage":"en-GB"}]}},"_links":{"self":[{"href":"https:\/\/justgym.pl\/en\/wp-json\/wp\/v2\/pages\/248","targetHints":{"allow":["GET"]}}],"collection":[{"href":"https:\/\/justgym.pl\/en\/wp-json\/wp\/v2\/pages"}],"about":[{"href":"https:\/\/justgym.pl\/en\/wp-json\/wp\/v2\/types\/page"}],"author":[{"embeddable":true,"href":"https:\/\/justgym.pl\/en\/wp-json\/wp\/v2\/users\/1"}],"replies":[{"embeddable":true,"href":"https:\/\/justgym.pl\/en\/wp-json\/wp\/v2\/comments?post=248"}],"version-history":[{"count":7,"href":"https:\/\/justgym.pl\/en\/wp-json\/wp\/v2\/pages\/248\/revisions"}],"predecessor-version":[{"id":2162,"href":"https:\/\/justgym.pl\/en\/wp-json\/wp\/v2\/pages\/248\/revisions\/2162"}],"wp:attachment":[{"href":"https:\/\/justgym.pl\/en\/wp-json\/wp\/v2\/media?parent=248"}],"curies":[{"name":"wp","href":"https:\/\/api.w.org\/{rel}","templated":true}]}}