{"id":1274,"date":"2025-10-29T13:44:49","date_gmt":"2025-10-29T12:44:49","guid":{"rendered":"https:\/\/justgym.pl\/?page_id=1274"},"modified":"2026-02-03T10:02:12","modified_gmt":"2026-02-03T09:02:12","slug":"%d1%81%d0%bf%d1%96%d0%b2-%d0%b0%d0%b4%d0%bc%d1%96%d0%bd%d1%96%d1%81%d1%82%d1%80%d0%b0%d1%82%d0%be%d1%80%d0%b8","status":"publish","type":"page","link":"https:\/\/justgym.pl\/uk\/wspoladministratorzy","title":{"rendered":"\u0421\u043f\u0456\u0432-\u0430\u0434\u043c\u0456\u043d\u0456\u0441\u0442\u0440\u0430\u0442\u043e\u0440\u0438"},"content":{"rendered":"","protected":false},"excerpt":{"rendered":"","protected":false},"author":4,"featured_media":0,"parent":0,"menu_order":0,"comment_status":"closed","ping_status":"closed","template":"","meta":{"_acf_changed":false,"inline_featured_image":false,"footnotes":""},"class_list":["post-1274","page","type-page","status-publish","hentry"],"acf":[],"yoast_head":"<!-- This site is optimized with the Yoast SEO plugin v27.5 - https:\/\/yoast.com\/product\/yoast-seo-wordpress\/ -->\n<title>Wsp\u00f3\u0142administratorzy - Just GYM<\/title>\n<meta name=\"description\" content=\"Dowiedz si\u0119, jak Just GYM wsp\u00f3\u0142administrowuje Twoje dane osobowe zgodnie z RODO. Sprawd\u017a zasady, prawa i kontakt w sprawach prywatno\u015bci.\" \/>\n<meta name=\"robots\" content=\"index, follow, max-snippet:-1, max-image-preview:large, max-video-preview:-1\" \/>\n<link rel=\"canonical\" href=\"https:\/\/justgym.pl\/uk\/\u0441\u043f\u0456\u0432-\u0430\u0434\u043c\u0456\u043d\u0456\u0441\u0442\u0440\u0430\u0442\u043e\u0440\u0438\" \/>\n<meta property=\"og:locale\" content=\"uk_UA\" \/>\n<meta property=\"og:type\" content=\"article\" \/>\n<meta property=\"og:title\" content=\"Wsp\u00f3\u0142administratorzy - Just GYM\" \/>\n<meta property=\"og:description\" content=\"Dowiedz si\u0119, jak Just GYM wsp\u00f3\u0142administrowuje Twoje dane osobowe zgodnie z RODO. Sprawd\u017a zasady, prawa i kontakt w sprawach prywatno\u015bci.\" \/>\n<meta property=\"og:url\" content=\"https:\/\/justgym.pl\/uk\/\u0441\u043f\u0456\u0432-\u0430\u0434\u043c\u0456\u043d\u0456\u0441\u0442\u0440\u0430\u0442\u043e\u0440\u0438\" \/>\n<meta property=\"og:site_name\" content=\"Just GYM\" \/>\n<meta property=\"article:modified_time\" content=\"2026-02-03T09:02:12+00:00\" \/>\n<meta name=\"twitter:card\" content=\"summary_large_image\" \/>\n<script type=\"application\/ld+json\" class=\"yoast-schema-graph\">{\"@context\":\"https:\\\/\\\/schema.org\",\"@graph\":[{\"@type\":\"WebPage\",\"@id\":\"https:\\\/\\\/justgym.pl\\\/wspoladministratorzy\",\"url\":\"https:\\\/\\\/justgym.pl\\\/wspoladministratorzy\",\"name\":\"Wsp\u00f3\u0142administratorzy - Just GYM\",\"isPartOf\":{\"@id\":\"https:\\\/\\\/justgym.pl\\\/#website\"},\"datePublished\":\"2025-10-29T12:44:49+00:00\",\"dateModified\":\"2026-02-03T09:02:12+00:00\",\"description\":\"Dowiedz si\u0119, jak Just GYM wsp\u00f3\u0142administrowuje Twoje dane osobowe zgodnie z RODO. Sprawd\u017a zasady, prawa i kontakt w sprawach prywatno\u015bci.\",\"breadcrumb\":{\"@id\":\"https:\\\/\\\/justgym.pl\\\/wspoladministratorzy#breadcrumb\"},\"inLanguage\":\"uk\",\"potentialAction\":[{\"@type\":\"ReadAction\",\"target\":[\"https:\\\/\\\/justgym.pl\\\/wspoladministratorzy\"]}]},{\"@type\":\"BreadcrumbList\",\"@id\":\"https:\\\/\\\/justgym.pl\\\/wspoladministratorzy#breadcrumb\",\"itemListElement\":[{\"@type\":\"ListItem\",\"position\":1,\"name\":\"Strona g\u0142\u00f3wna\",\"item\":\"https:\\\/\\\/justgym.pl\\\/\"},{\"@type\":\"ListItem\",\"position\":2,\"name\":\"Wsp\u00f3\u0142administratorzy\"}]},{\"@type\":\"WebSite\",\"@id\":\"https:\\\/\\\/justgym.pl\\\/#website\",\"url\":\"https:\\\/\\\/justgym.pl\\\/\",\"name\":\"Just GYM\",\"description\":\"\",\"potentialAction\":[{\"@type\":\"SearchAction\",\"target\":{\"@type\":\"EntryPoint\",\"urlTemplate\":\"https:\\\/\\\/justgym.pl\\\/?s={search_term_string}\"},\"query-input\":{\"@type\":\"PropertyValueSpecification\",\"valueRequired\":true,\"valueName\":\"search_term_string\"}}],\"inLanguage\":\"uk\"}]}<\/script>\n<!-- \/ Yoast SEO plugin. -->","yoast_head_json":{"title":"\u0421\u043f\u0456\u0432-\u0430\u0434\u043c\u0456\u043d\u0456\u0441\u0442\u0440\u0430\u0442\u043e\u0440\u0438 - Just GYM","description":"\u0414\u0456\u0437\u043d\u0430\u0439\u0442\u0435\u0441\u044f, \u044f\u043a Just GYM \u0443\u043f\u0440\u0430\u0432\u043b\u044f\u0454 \u0432\u0430\u0448\u0438\u043c\u0438 \u043f\u0435\u0440\u0441\u043e\u043d\u0430\u043b\u044c\u043d\u0438\u043c\u0438 \u0434\u0430\u043d\u0438\u043c\u0438 \u0432\u0456\u0434\u043f\u043e\u0432\u0456\u0434\u043d\u043e \u0434\u043e RODO. \u041e\u0437\u043d\u0430\u0439\u043e\u043c\u0442\u0435\u0441\u044f \u0437 \u043f\u043e\u043b\u0456\u0442\u0438\u043a\u043e\u044e, \u043f\u0440\u0430\u0432\u0430\u043c\u0438 \u0442\u0430 \u043a\u043e\u043d\u0442\u0430\u043a\u0442\u0430\u043c\u0438 \u0434\u043b\u044f \u0432\u0438\u0440\u0456\u0448\u0435\u043d\u043d\u044f \u043f\u0438\u0442\u0430\u043d\u044c \u043a\u043e\u043d\u0444\u0456\u0434\u0435\u043d\u0446\u0456\u0439\u043d\u043e\u0441\u0442\u0456.","robots":{"index":"index","follow":"follow","max-snippet":"max-snippet:-1","max-image-preview":"max-image-preview:large","max-video-preview":"max-video-preview:-1"},"canonical":"https:\/\/justgym.pl\/uk\/\u0441\u043f\u0456\u0432-\u0430\u0434\u043c\u0456\u043d\u0456\u0441\u0442\u0440\u0430\u0442\u043e\u0440\u0438","og_locale":"uk_UA","og_type":"article","og_title":"Wsp\u00f3\u0142administratorzy - Just GYM","og_description":"Dowiedz si\u0119, jak Just GYM wsp\u00f3\u0142administrowuje Twoje dane osobowe zgodnie z RODO. Sprawd\u017a zasady, prawa i kontakt w sprawach prywatno\u015bci.","og_url":"https:\/\/justgym.pl\/uk\/\u0441\u043f\u0456\u0432-\u0430\u0434\u043c\u0456\u043d\u0456\u0441\u0442\u0440\u0430\u0442\u043e\u0440\u0438","og_site_name":"Just GYM","article_modified_time":"2026-02-03T09:02:12+00:00","twitter_card":"summary_large_image","schema":{"@context":"https:\/\/schema.org","@graph":[{"@type":"WebPage","@id":"https:\/\/justgym.pl\/wspoladministratorzy","url":"https:\/\/justgym.pl\/wspoladministratorzy","name":"\u0421\u043f\u0456\u0432-\u0430\u0434\u043c\u0456\u043d\u0456\u0441\u0442\u0440\u0430\u0442\u043e\u0440\u0438 - Just GYM","isPartOf":{"@id":"https:\/\/justgym.pl\/#website"},"datePublished":"2025-10-29T12:44:49+00:00","dateModified":"2026-02-03T09:02:12+00:00","description":"\u0414\u0456\u0437\u043d\u0430\u0439\u0442\u0435\u0441\u044f, \u044f\u043a Just GYM \u0443\u043f\u0440\u0430\u0432\u043b\u044f\u0454 \u0432\u0430\u0448\u0438\u043c\u0438 \u043f\u0435\u0440\u0441\u043e\u043d\u0430\u043b\u044c\u043d\u0438\u043c\u0438 \u0434\u0430\u043d\u0438\u043c\u0438 \u0432\u0456\u0434\u043f\u043e\u0432\u0456\u0434\u043d\u043e \u0434\u043e RODO. \u041e\u0437\u043d\u0430\u0439\u043e\u043c\u0442\u0435\u0441\u044f \u0437 \u043f\u043e\u043b\u0456\u0442\u0438\u043a\u043e\u044e, \u043f\u0440\u0430\u0432\u0430\u043c\u0438 \u0442\u0430 \u043a\u043e\u043d\u0442\u0430\u043a\u0442\u0430\u043c\u0438 \u0434\u043b\u044f \u0432\u0438\u0440\u0456\u0448\u0435\u043d\u043d\u044f \u043f\u0438\u0442\u0430\u043d\u044c \u043a\u043e\u043d\u0444\u0456\u0434\u0435\u043d\u0446\u0456\u0439\u043d\u043e\u0441\u0442\u0456.","breadcrumb":{"@id":"https:\/\/justgym.pl\/wspoladministratorzy#breadcrumb"},"inLanguage":"uk","potentialAction":[{"@type":"ReadAction","target":["https:\/\/justgym.pl\/wspoladministratorzy"]}]},{"@type":"BreadcrumbList","@id":"https:\/\/justgym.pl\/wspoladministratorzy#breadcrumb","itemListElement":[{"@type":"ListItem","position":1,"name":"Strona g\u0142\u00f3wna","item":"https:\/\/justgym.pl\/"},{"@type":"ListItem","position":2,"name":"Wsp\u00f3\u0142administratorzy"}]},{"@type":"WebSite","@id":"https:\/\/justgym.pl\/#website","url":"https:\/\/justgym.pl\/","name":"\u041f\u0440\u043e\u0441\u0442\u043e \u0442\u0440\u0435\u043d\u0430\u0436\u0435\u0440\u043d\u0438\u0439 \u0437\u0430\u043b","description":"","potentialAction":[{"@type":"SearchAction","target":{"@type":"EntryPoint","urlTemplate":"https:\/\/justgym.pl\/?s={search_term_string}"},"query-input":{"@type":"PropertyValueSpecification","valueRequired":true,"valueName":"search_term_string"}}],"inLanguage":"uk"}]}},"_links":{"self":[{"href":"https:\/\/justgym.pl\/uk\/wp-json\/wp\/v2\/pages\/1274","targetHints":{"allow":["GET"]}}],"collection":[{"href":"https:\/\/justgym.pl\/uk\/wp-json\/wp\/v2\/pages"}],"about":[{"href":"https:\/\/justgym.pl\/uk\/wp-json\/wp\/v2\/types\/page"}],"author":[{"embeddable":true,"href":"https:\/\/justgym.pl\/uk\/wp-json\/wp\/v2\/users\/4"}],"replies":[{"embeddable":true,"href":"https:\/\/justgym.pl\/uk\/wp-json\/wp\/v2\/comments?post=1274"}],"version-history":[{"count":3,"href":"https:\/\/justgym.pl\/uk\/wp-json\/wp\/v2\/pages\/1274\/revisions"}],"predecessor-version":[{"id":2221,"href":"https:\/\/justgym.pl\/uk\/wp-json\/wp\/v2\/pages\/1274\/revisions\/2221"}],"wp:attachment":[{"href":"https:\/\/justgym.pl\/uk\/wp-json\/wp\/v2\/media?parent=1274"}],"curies":[{"name":"wp","href":"https:\/\/api.w.org\/{rel}","templated":true}]}}