{"id":1337,"date":"2025-11-04T12:10:55","date_gmt":"2025-11-04T11:10:55","guid":{"rendered":"https:\/\/justgym.pl\/?page_id=1337"},"modified":"2026-01-23T14:23:45","modified_gmt":"2026-01-23T13:23:45","slug":"%d0%ba%d0%be%d1%80%d0%b8%d1%81%d0%bd%d0%b0-%d1%96%d0%bd%d1%84%d0%be%d1%80%d0%bc%d0%b0%d1%86%d1%96%d1%8f","status":"publish","type":"page","link":"https:\/\/justgym.pl\/uk\/przydatne-info","title":{"rendered":"\u041a\u043e\u0440\u0438\u0441\u043d\u0430 \u0456\u043d\u0444\u043e\u0440\u043c\u0430\u0446\u0456\u044f"},"content":{"rendered":"","protected":false},"excerpt":{"rendered":"","protected":false},"author":4,"featured_media":0,"parent":0,"menu_order":0,"comment_status":"closed","ping_status":"closed","template":"","meta":{"_acf_changed":false,"inline_featured_image":false,"footnotes":""},"class_list":["post-1337","page","type-page","status-publish","hentry"],"acf":[],"yoast_head":"<!-- This site is optimized with the Yoast SEO plugin v27.3 - https:\/\/yoast.com\/product\/yoast-seo-wordpress\/ -->\n<title>Przydatne informacje - Just GYM<\/title>\n<meta name=\"description\" content=\"Dowiedz si\u0119, jak szybko zamrozi\u0107 karnet w Just GYM przez Panel Klienta lub aplikacj\u0119. Zamro\u017cenie od 39,99 z\u0142\/mc bez limitu czasu.\" \/>\n<meta name=\"robots\" content=\"index, follow, max-snippet:-1, max-image-preview:large, max-video-preview:-1\" \/>\n<link rel=\"canonical\" href=\"https:\/\/justgym.pl\/uk\/\u043a\u043e\u0440\u0438\u0441\u043d\u0430-\u0456\u043d\u0444\u043e\u0440\u043c\u0430\u0446\u0456\u044f\" \/>\n<meta property=\"og:locale\" content=\"uk_UA\" \/>\n<meta property=\"og:type\" content=\"article\" \/>\n<meta property=\"og:title\" content=\"Przydatne informacje - Just GYM\" \/>\n<meta property=\"og:description\" content=\"Dowiedz si\u0119, jak szybko zamrozi\u0107 karnet w Just GYM przez Panel Klienta lub aplikacj\u0119. Zamro\u017cenie od 39,99 z\u0142\/mc bez limitu czasu.\" \/>\n<meta property=\"og:url\" content=\"https:\/\/justgym.pl\/uk\/\u043a\u043e\u0440\u0438\u0441\u043d\u0430-\u0456\u043d\u0444\u043e\u0440\u043c\u0430\u0446\u0456\u044f\" \/>\n<meta property=\"og:site_name\" content=\"Just GYM\" \/>\n<meta property=\"article:modified_time\" content=\"2026-01-23T13:23:45+00:00\" \/>\n<meta name=\"twitter:card\" content=\"summary_large_image\" \/>\n<script type=\"application\/ld+json\" class=\"yoast-schema-graph\">{\"@context\":\"https:\\\/\\\/schema.org\",\"@graph\":[{\"@type\":\"WebPage\",\"@id\":\"https:\\\/\\\/justgym.pl\\\/przydatne-info\",\"url\":\"https:\\\/\\\/justgym.pl\\\/przydatne-info\",\"name\":\"Przydatne informacje - Just GYM\",\"isPartOf\":{\"@id\":\"https:\\\/\\\/justgym.pl\\\/#website\"},\"datePublished\":\"2025-11-04T11:10:55+00:00\",\"dateModified\":\"2026-01-23T13:23:45+00:00\",\"description\":\"Dowiedz si\u0119, jak szybko zamrozi\u0107 karnet w Just GYM przez Panel Klienta lub aplikacj\u0119. Zamro\u017cenie od 39,99 z\u0142\\\/mc bez limitu czasu.\",\"breadcrumb\":{\"@id\":\"https:\\\/\\\/justgym.pl\\\/przydatne-info#breadcrumb\"},\"inLanguage\":\"uk\",\"potentialAction\":[{\"@type\":\"ReadAction\",\"target\":[\"https:\\\/\\\/justgym.pl\\\/przydatne-info\"]}]},{\"@type\":\"BreadcrumbList\",\"@id\":\"https:\\\/\\\/justgym.pl\\\/przydatne-info#breadcrumb\",\"itemListElement\":[{\"@type\":\"ListItem\",\"position\":1,\"name\":\"Strona g\u0142\u00f3wna\",\"item\":\"https:\\\/\\\/justgym.pl\\\/\"},{\"@type\":\"ListItem\",\"position\":2,\"name\":\"Przydatne informacje\"}]},{\"@type\":\"WebSite\",\"@id\":\"https:\\\/\\\/justgym.pl\\\/#website\",\"url\":\"https:\\\/\\\/justgym.pl\\\/\",\"name\":\"Just GYM\",\"description\":\"\",\"potentialAction\":[{\"@type\":\"SearchAction\",\"target\":{\"@type\":\"EntryPoint\",\"urlTemplate\":\"https:\\\/\\\/justgym.pl\\\/?s={search_term_string}\"},\"query-input\":{\"@type\":\"PropertyValueSpecification\",\"valueRequired\":true,\"valueName\":\"search_term_string\"}}],\"inLanguage\":\"uk\"}]}<\/script>\n<!-- \/ Yoast SEO plugin. -->","yoast_head_json":{"title":"\u041a\u043e\u0440\u0438\u0441\u043d\u0430 \u0456\u043d\u0444\u043e\u0440\u043c\u0430\u0446\u0456\u044f - Just GYM","description":"\u0414\u0456\u0437\u043d\u0430\u0439\u0442\u0435\u0441\u044f, \u044f\u043a \u0448\u0432\u0438\u0434\u043a\u043e \u0437\u0430\u043c\u043e\u0440\u043e\u0437\u0438\u0442\u0438 \u0430\u0431\u043e\u043d\u0435\u043c\u0435\u043d\u0442 \u0443 Just GYM \u0447\u0435\u0440\u0435\u0437 \u041e\u0441\u043e\u0431\u0438\u0441\u0442\u0438\u0439 \u043a\u0430\u0431\u0456\u043d\u0435\u0442 \u0430\u0431\u043e \u0434\u043e\u0434\u0430\u0442\u043e\u043a. \u0417\u0430\u043c\u043e\u0440\u043e\u0437\u044c\u0442\u0435 \u0430\u0431\u043e\u043d\u0435\u043c\u0435\u043d\u0442 \u0432\u0456\u0434 39,99 z\u0142\/\u043c\u0456\u0441\u044f\u0446\u044c \u0431\u0435\u0437 \u043e\u0431\u043c\u0435\u0436\u0435\u043d\u044c \u0443 \u0447\u0430\u0441\u0456.","robots":{"index":"index","follow":"follow","max-snippet":"max-snippet:-1","max-image-preview":"max-image-preview:large","max-video-preview":"max-video-preview:-1"},"canonical":"https:\/\/justgym.pl\/uk\/\u043a\u043e\u0440\u0438\u0441\u043d\u0430-\u0456\u043d\u0444\u043e\u0440\u043c\u0430\u0446\u0456\u044f","og_locale":"uk_UA","og_type":"article","og_title":"Przydatne informacje - Just GYM","og_description":"Dowiedz si\u0119, jak szybko zamrozi\u0107 karnet w Just GYM przez Panel Klienta lub aplikacj\u0119. Zamro\u017cenie od 39,99 z\u0142\/mc bez limitu czasu.","og_url":"https:\/\/justgym.pl\/uk\/\u043a\u043e\u0440\u0438\u0441\u043d\u0430-\u0456\u043d\u0444\u043e\u0440\u043c\u0430\u0446\u0456\u044f","og_site_name":"Just GYM","article_modified_time":"2026-01-23T13:23:45+00:00","twitter_card":"summary_large_image","schema":{"@context":"https:\/\/schema.org","@graph":[{"@type":"WebPage","@id":"https:\/\/justgym.pl\/przydatne-info","url":"https:\/\/justgym.pl\/przydatne-info","name":"\u041a\u043e\u0440\u0438\u0441\u043d\u0430 \u0456\u043d\u0444\u043e\u0440\u043c\u0430\u0446\u0456\u044f - Just GYM","isPartOf":{"@id":"https:\/\/justgym.pl\/#website"},"datePublished":"2025-11-04T11:10:55+00:00","dateModified":"2026-01-23T13:23:45+00:00","description":"\u0414\u0456\u0437\u043d\u0430\u0439\u0442\u0435\u0441\u044f, \u044f\u043a \u0448\u0432\u0438\u0434\u043a\u043e \u0437\u0430\u043c\u043e\u0440\u043e\u0437\u0438\u0442\u0438 \u0430\u0431\u043e\u043d\u0435\u043c\u0435\u043d\u0442 \u0443 Just GYM \u0447\u0435\u0440\u0435\u0437 \u041e\u0441\u043e\u0431\u0438\u0441\u0442\u0438\u0439 \u043a\u0430\u0431\u0456\u043d\u0435\u0442 \u0430\u0431\u043e \u0434\u043e\u0434\u0430\u0442\u043e\u043a. \u0417\u0430\u043c\u043e\u0440\u043e\u0437\u044c\u0442\u0435 \u0430\u0431\u043e\u043d\u0435\u043c\u0435\u043d\u0442 \u0432\u0456\u0434 39,99 z\u0142\/\u043c\u0456\u0441\u044f\u0446\u044c \u0431\u0435\u0437 \u043e\u0431\u043c\u0435\u0436\u0435\u043d\u044c \u0443 \u0447\u0430\u0441\u0456.","breadcrumb":{"@id":"https:\/\/justgym.pl\/przydatne-info#breadcrumb"},"inLanguage":"uk","potentialAction":[{"@type":"ReadAction","target":["https:\/\/justgym.pl\/przydatne-info"]}]},{"@type":"BreadcrumbList","@id":"https:\/\/justgym.pl\/przydatne-info#breadcrumb","itemListElement":[{"@type":"ListItem","position":1,"name":"Strona g\u0142\u00f3wna","item":"https:\/\/justgym.pl\/"},{"@type":"ListItem","position":2,"name":"Przydatne informacje"}]},{"@type":"WebSite","@id":"https:\/\/justgym.pl\/#website","url":"https:\/\/justgym.pl\/","name":"\u041f\u0440\u043e\u0441\u0442\u043e \u0442\u0440\u0435\u043d\u0430\u0436\u0435\u0440\u043d\u0438\u0439 \u0437\u0430\u043b","description":"","potentialAction":[{"@type":"SearchAction","target":{"@type":"EntryPoint","urlTemplate":"https:\/\/justgym.pl\/?s={search_term_string}"},"query-input":{"@type":"PropertyValueSpecification","valueRequired":true,"valueName":"search_term_string"}}],"inLanguage":"uk"}]}},"_links":{"self":[{"href":"https:\/\/justgym.pl\/uk\/wp-json\/wp\/v2\/pages\/1337","targetHints":{"allow":["GET"]}}],"collection":[{"href":"https:\/\/justgym.pl\/uk\/wp-json\/wp\/v2\/pages"}],"about":[{"href":"https:\/\/justgym.pl\/uk\/wp-json\/wp\/v2\/types\/page"}],"author":[{"embeddable":true,"href":"https:\/\/justgym.pl\/uk\/wp-json\/wp\/v2\/users\/4"}],"replies":[{"embeddable":true,"href":"https:\/\/justgym.pl\/uk\/wp-json\/wp\/v2\/comments?post=1337"}],"version-history":[{"count":4,"href":"https:\/\/justgym.pl\/uk\/wp-json\/wp\/v2\/pages\/1337\/revisions"}],"predecessor-version":[{"id":2163,"href":"https:\/\/justgym.pl\/uk\/wp-json\/wp\/v2\/pages\/1337\/revisions\/2163"}],"wp:attachment":[{"href":"https:\/\/justgym.pl\/uk\/wp-json\/wp\/v2\/media?parent=1337"}],"curies":[{"name":"wp","href":"https:\/\/api.w.org\/{rel}","templated":true}]}}