{"id":1683,"date":"2025-12-11T12:03:08","date_gmt":"2025-12-11T11:03:08","guid":{"rendered":"https:\/\/justgym.pl\/?page_id=1683"},"modified":"2026-01-26T13:44:22","modified_gmt":"2026-01-26T12:44:22","slug":"%d0%bf%d1%80%d0%be-%d0%bd%d0%b0%d1%81","status":"publish","type":"page","link":"https:\/\/justgym.pl\/uk\/o-nas","title":{"rendered":"\u041f\u0440\u043e \u043d\u0430\u0441"},"content":{"rendered":"","protected":false},"excerpt":{"rendered":"","protected":false},"author":4,"featured_media":0,"parent":0,"menu_order":0,"comment_status":"closed","ping_status":"closed","template":"","meta":{"_acf_changed":false,"inline_featured_image":false,"footnotes":""},"class_list":["post-1683","page","type-page","status-publish","hentry"],"acf":[],"yoast_head":"<!-- This site is optimized with the Yoast SEO plugin v27.2 - https:\/\/yoast.com\/product\/yoast-seo-wordpress\/ -->\n<title>O nas - Just GYM<\/title>\n<meta name=\"description\" content=\"Dowiedz si\u0119, kim jeste\u015bmy i dlaczego stworzyli\u015bmy Just GYM. Oferujemy pe\u0142n\u0105 wolno\u015b\u0107 treningu, nowoczesny sprz\u0119t i prosty model cz\u0142onkostwa.\" \/>\n<meta name=\"robots\" content=\"index, follow, max-snippet:-1, max-image-preview:large, max-video-preview:-1\" \/>\n<link rel=\"canonical\" href=\"https:\/\/justgym.pl\/uk\/\u043f\u0440\u043e-\u043d\u0430\u0441\" \/>\n<meta property=\"og:locale\" content=\"uk_UA\" \/>\n<meta property=\"og:type\" content=\"article\" \/>\n<meta property=\"og:title\" content=\"O nas - Just GYM\" \/>\n<meta property=\"og:description\" content=\"Dowiedz si\u0119, kim jeste\u015bmy i dlaczego stworzyli\u015bmy Just GYM. Oferujemy pe\u0142n\u0105 wolno\u015b\u0107 treningu, nowoczesny sprz\u0119t i prosty model cz\u0142onkostwa.\" \/>\n<meta property=\"og:url\" content=\"https:\/\/justgym.pl\/uk\/\u043f\u0440\u043e-\u043d\u0430\u0441\" \/>\n<meta property=\"og:site_name\" content=\"Just GYM\" \/>\n<meta property=\"article:modified_time\" content=\"2026-01-26T12:44:22+00:00\" \/>\n<meta name=\"twitter:card\" content=\"summary_large_image\" \/>\n<script type=\"application\/ld+json\" class=\"yoast-schema-graph\">{\"@context\":\"https:\/\/schema.org\",\"@graph\":[{\"@type\":\"WebPage\",\"@id\":\"https:\/\/justgym.pl\/o-nas\",\"url\":\"https:\/\/justgym.pl\/o-nas\",\"name\":\"O nas - Just GYM\",\"isPartOf\":{\"@id\":\"https:\/\/justgym.pl\/#website\"},\"datePublished\":\"2025-12-11T11:03:08+00:00\",\"dateModified\":\"2026-01-26T12:44:22+00:00\",\"description\":\"Dowiedz si\u0119, kim jeste\u015bmy i dlaczego stworzyli\u015bmy Just GYM. Oferujemy pe\u0142n\u0105 wolno\u015b\u0107 treningu, nowoczesny sprz\u0119t i prosty model cz\u0142onkostwa.\",\"breadcrumb\":{\"@id\":\"https:\/\/justgym.pl\/o-nas#breadcrumb\"},\"inLanguage\":\"uk\",\"potentialAction\":[{\"@type\":\"ReadAction\",\"target\":[\"https:\/\/justgym.pl\/o-nas\"]}]},{\"@type\":\"BreadcrumbList\",\"@id\":\"https:\/\/justgym.pl\/o-nas#breadcrumb\",\"itemListElement\":[{\"@type\":\"ListItem\",\"position\":1,\"name\":\"Strona g\u0142\u00f3wna\",\"item\":\"https:\/\/justgym.pl\/\"},{\"@type\":\"ListItem\",\"position\":2,\"name\":\"O nas\"}]},{\"@type\":\"WebSite\",\"@id\":\"https:\/\/justgym.pl\/#website\",\"url\":\"https:\/\/justgym.pl\/\",\"name\":\"Just GYM\",\"description\":\"\",\"potentialAction\":[{\"@type\":\"SearchAction\",\"target\":{\"@type\":\"EntryPoint\",\"urlTemplate\":\"https:\/\/justgym.pl\/?s={search_term_string}\"},\"query-input\":{\"@type\":\"PropertyValueSpecification\",\"valueRequired\":true,\"valueName\":\"search_term_string\"}}],\"inLanguage\":\"uk\"}]}<\/script>\n<!-- \/ Yoast SEO plugin. -->","yoast_head_json":{"title":"\u041f\u0440\u043e \u043d\u0430\u0441 - Just GYM","description":"\u0414\u0456\u0437\u043d\u0430\u0439\u0442\u0435\u0441\u044f, \u0445\u0442\u043e \u043c\u0438 \u0456 \u0447\u043e\u043c\u0443 \u043c\u0438 \u0441\u0442\u0432\u043e\u0440\u0438\u043b\u0438 Just GYM. \u041c\u0438 \u043f\u0440\u043e\u043f\u043e\u043d\u0443\u0454\u043c\u043e \u043f\u043e\u0432\u043d\u0443 \u0441\u0432\u043e\u0431\u043e\u0434\u0443 \u0442\u0440\u0435\u043d\u0443\u0432\u0430\u043d\u044c, \u043d\u0430\u0439\u0441\u0443\u0447\u0430\u0441\u043d\u0456\u0448\u0435 \u043e\u0431\u043b\u0430\u0434\u043d\u0430\u043d\u043d\u044f \u0442\u0430 \u043f\u0440\u043e\u0441\u0442\u0443 \u043c\u043e\u0434\u0435\u043b\u044c cz\u0142onkiness.","robots":{"index":"index","follow":"follow","max-snippet":"max-snippet:-1","max-image-preview":"max-image-preview:large","max-video-preview":"max-video-preview:-1"},"canonical":"https:\/\/justgym.pl\/uk\/\u043f\u0440\u043e-\u043d\u0430\u0441","og_locale":"uk_UA","og_type":"article","og_title":"O nas - Just GYM","og_description":"Dowiedz si\u0119, kim jeste\u015bmy i dlaczego stworzyli\u015bmy Just GYM. Oferujemy pe\u0142n\u0105 wolno\u015b\u0107 treningu, nowoczesny sprz\u0119t i prosty model cz\u0142onkostwa.","og_url":"https:\/\/justgym.pl\/uk\/\u043f\u0440\u043e-\u043d\u0430\u0441","og_site_name":"Just GYM","article_modified_time":"2026-01-26T12:44:22+00:00","twitter_card":"summary_large_image","schema":{"@context":"https:\/\/schema.org","@graph":[{"@type":"WebPage","@id":"https:\/\/justgym.pl\/o-nas","url":"https:\/\/justgym.pl\/o-nas","name":"\u041f\u0440\u043e \u043d\u0430\u0441 - Just GYM","isPartOf":{"@id":"https:\/\/justgym.pl\/#website"},"datePublished":"2025-12-11T11:03:08+00:00","dateModified":"2026-01-26T12:44:22+00:00","description":"\u0414\u0456\u0437\u043d\u0430\u0439\u0442\u0435\u0441\u044f, \u0445\u0442\u043e \u043c\u0438 \u0456 \u0447\u043e\u043c\u0443 \u043c\u0438 \u0441\u0442\u0432\u043e\u0440\u0438\u043b\u0438 Just GYM. \u041c\u0438 \u043f\u0440\u043e\u043f\u043e\u043d\u0443\u0454\u043c\u043e \u043f\u043e\u0432\u043d\u0443 \u0441\u0432\u043e\u0431\u043e\u0434\u0443 \u0442\u0440\u0435\u043d\u0443\u0432\u0430\u043d\u044c, \u043d\u0430\u0439\u0441\u0443\u0447\u0430\u0441\u043d\u0456\u0448\u0435 \u043e\u0431\u043b\u0430\u0434\u043d\u0430\u043d\u043d\u044f \u0442\u0430 \u043f\u0440\u043e\u0441\u0442\u0443 \u043c\u043e\u0434\u0435\u043b\u044c cz\u0142onkiness.","breadcrumb":{"@id":"https:\/\/justgym.pl\/o-nas#breadcrumb"},"inLanguage":"uk","potentialAction":[{"@type":"ReadAction","target":["https:\/\/justgym.pl\/o-nas"]}]},{"@type":"BreadcrumbList","@id":"https:\/\/justgym.pl\/o-nas#breadcrumb","itemListElement":[{"@type":"ListItem","position":1,"name":"Strona g\u0142\u00f3wna","item":"https:\/\/justgym.pl\/"},{"@type":"ListItem","position":2,"name":"O nas"}]},{"@type":"WebSite","@id":"https:\/\/justgym.pl\/#website","url":"https:\/\/justgym.pl\/","name":"\u041f\u0440\u043e\u0441\u0442\u043e \u0442\u0440\u0435\u043d\u0430\u0436\u0435\u0440\u043d\u0438\u0439 \u0437\u0430\u043b","description":"","potentialAction":[{"@type":"SearchAction","target":{"@type":"EntryPoint","urlTemplate":"https:\/\/justgym.pl\/?s={search_term_string}"},"query-input":{"@type":"PropertyValueSpecification","valueRequired":true,"valueName":"search_term_string"}}],"inLanguage":"uk"}]}},"_links":{"self":[{"href":"https:\/\/justgym.pl\/uk\/wp-json\/wp\/v2\/pages\/1683","targetHints":{"allow":["GET"]}}],"collection":[{"href":"https:\/\/justgym.pl\/uk\/wp-json\/wp\/v2\/pages"}],"about":[{"href":"https:\/\/justgym.pl\/uk\/wp-json\/wp\/v2\/types\/page"}],"author":[{"embeddable":true,"href":"https:\/\/justgym.pl\/uk\/wp-json\/wp\/v2\/users\/4"}],"replies":[{"embeddable":true,"href":"https:\/\/justgym.pl\/uk\/wp-json\/wp\/v2\/comments?post=1683"}],"version-history":[{"count":6,"href":"https:\/\/justgym.pl\/uk\/wp-json\/wp\/v2\/pages\/1683\/revisions"}],"predecessor-version":[{"id":1689,"href":"https:\/\/justgym.pl\/uk\/wp-json\/wp\/v2\/pages\/1683\/revisions\/1689"}],"wp:attachment":[{"href":"https:\/\/justgym.pl\/uk\/wp-json\/wp\/v2\/media?parent=1683"}],"curies":[{"name":"wp","href":"https:\/\/api.w.org\/{rel}","templated":true}]}}