{"id":1725,"date":"2025-12-12T13:11:03","date_gmt":"2025-12-12T12:11:03","guid":{"rendered":"https:\/\/justgym.pl\/?page_id=1725"},"modified":"2026-01-12T08:30:32","modified_gmt":"2026-01-12T07:30:32","slug":"%d0%b4%d0%be%d0%b4%d0%b0%d1%82%d0%be%d0%ba","status":"publish","type":"page","link":"https:\/\/justgym.pl\/uk\/appka","title":{"rendered":"\u041c\u043e\u0431\u0456\u043b\u044c\u043d\u0438\u0439 \u0434\u043e\u0434\u0430\u0442\u043e\u043a"},"content":{"rendered":"","protected":false},"excerpt":{"rendered":"","protected":false},"author":4,"featured_media":0,"parent":0,"menu_order":0,"comment_status":"closed","ping_status":"closed","template":"","meta":{"_acf_changed":false,"inline_featured_image":false,"footnotes":""},"class_list":["post-1725","page","type-page","status-publish","hentry"],"acf":[],"yoast_head":"<!-- This site is optimized with the Yoast SEO plugin v27.2 - https:\/\/yoast.com\/product\/yoast-seo-wordpress\/ -->\n<title>Aplikacja mobilna i wej\u015bcie na kod QR - Just GYM<\/title>\n<meta name=\"description\" content=\"Pobierz aplikacj\u0119 Just GYM i korzystaj z wej\u015bcia na kod QR. Sprawd\u017a harmonogram wdro\u017cenia w klubach, jak si\u0119 zalogowa\u0107 oraz jak wej\u015b\u0107 do klubu z aplikacj\u0105.\" \/>\n<meta name=\"robots\" content=\"index, follow, max-snippet:-1, max-image-preview:large, max-video-preview:-1\" \/>\n<link rel=\"canonical\" href=\"https:\/\/justgym.pl\/uk\/\u0434\u043e\u0434\u0430\u0442\u043e\u043a\" \/>\n<meta property=\"og:locale\" content=\"uk_UA\" \/>\n<meta property=\"og:type\" content=\"article\" \/>\n<meta property=\"og:title\" content=\"Aplikacja mobilna i wej\u015bcie na kod QR - Just GYM\" \/>\n<meta property=\"og:description\" content=\"Pobierz aplikacj\u0119 Just GYM i korzystaj z wej\u015bcia na kod QR. Sprawd\u017a harmonogram wdro\u017cenia w klubach, jak si\u0119 zalogowa\u0107 oraz jak wej\u015b\u0107 do klubu z aplikacj\u0105.\" \/>\n<meta property=\"og:url\" content=\"https:\/\/justgym.pl\/uk\/\u0434\u043e\u0434\u0430\u0442\u043e\u043a\" \/>\n<meta property=\"og:site_name\" content=\"Just GYM\" \/>\n<meta property=\"article:modified_time\" content=\"2026-01-12T07:30:32+00:00\" \/>\n<meta name=\"twitter:card\" content=\"summary_large_image\" \/>\n<script type=\"application\/ld+json\" class=\"yoast-schema-graph\">{\"@context\":\"https:\/\/schema.org\",\"@graph\":[{\"@type\":\"WebPage\",\"@id\":\"https:\/\/justgym.pl\/appka\",\"url\":\"https:\/\/justgym.pl\/appka\",\"name\":\"Aplikacja mobilna i wej\u015bcie na kod QR - Just GYM\",\"isPartOf\":{\"@id\":\"https:\/\/justgym.pl\/#website\"},\"datePublished\":\"2025-12-12T12:11:03+00:00\",\"dateModified\":\"2026-01-12T07:30:32+00:00\",\"description\":\"Pobierz aplikacj\u0119 Just GYM i korzystaj z wej\u015bcia na kod QR. Sprawd\u017a harmonogram wdro\u017cenia w klubach, jak si\u0119 zalogowa\u0107 oraz jak wej\u015b\u0107 do klubu z aplikacj\u0105.\",\"breadcrumb\":{\"@id\":\"https:\/\/justgym.pl\/appka#breadcrumb\"},\"inLanguage\":\"uk\",\"potentialAction\":[{\"@type\":\"ReadAction\",\"target\":[\"https:\/\/justgym.pl\/appka\"]}]},{\"@type\":\"BreadcrumbList\",\"@id\":\"https:\/\/justgym.pl\/appka#breadcrumb\",\"itemListElement\":[{\"@type\":\"ListItem\",\"position\":1,\"name\":\"Strona g\u0142\u00f3wna\",\"item\":\"https:\/\/justgym.pl\/\"},{\"@type\":\"ListItem\",\"position\":2,\"name\":\"Aplikacja mobilna\"}]},{\"@type\":\"WebSite\",\"@id\":\"https:\/\/justgym.pl\/#website\",\"url\":\"https:\/\/justgym.pl\/\",\"name\":\"Just GYM\",\"description\":\"\",\"potentialAction\":[{\"@type\":\"SearchAction\",\"target\":{\"@type\":\"EntryPoint\",\"urlTemplate\":\"https:\/\/justgym.pl\/?s={search_term_string}\"},\"query-input\":{\"@type\":\"PropertyValueSpecification\",\"valueRequired\":true,\"valueName\":\"search_term_string\"}}],\"inLanguage\":\"uk\"}]}<\/script>\n<!-- \/ Yoast SEO plugin. -->","yoast_head_json":{"title":"\u041c\u043e\u0431\u0456\u043b\u044c\u043d\u0438\u0439 \u0434\u043e\u0434\u0430\u0442\u043e\u043a \u0442\u0430 \u0432\u0432\u0435\u0434\u0435\u043d\u043d\u044f QR-\u043a\u043e\u0434\u0443 - Just GYM","description":"\u0417\u0430\u0432\u0430\u043d\u0442\u0430\u0436\u0442\u0435 \u0434\u043e\u0434\u0430\u0442\u043e\u043a Just GYM \u0442\u0430 \u0432\u0438\u043a\u043e\u0440\u0438\u0441\u0442\u043e\u0432\u0443\u0439\u0442\u0435 QR-\u043a\u043e\u0434 \u0434\u043b\u044f \u0432\u0445\u043e\u0434\u0443. \u041e\u0437\u043d\u0430\u0439\u043e\u043c\u0442\u0435\u0441\u044f \u0437 \u0440\u043e\u0437\u043a\u043b\u0430\u0434\u043e\u043c \u0440\u043e\u0431\u043e\u0442\u0438 \u043a\u043b\u0443\u0431\u0456\u0432, \u044f\u043a \u0437\u0430\u0440\u0435\u0454\u0441\u0442\u0440\u0443\u0432\u0430\u0442\u0438\u0441\u044f \u0442\u0430 \u044f\u043a \u043f\u043e\u0442\u0440\u0430\u043f\u0438\u0442\u0438 \u0434\u043e \u043a\u043b\u0443\u0431\u0443 \u0437\u0430 \u0434\u043e\u043f\u043e\u043c\u043e\u0433\u043e\u044e \u0434\u043e\u0434\u0430\u0442\u043a\u0443.","robots":{"index":"index","follow":"follow","max-snippet":"max-snippet:-1","max-image-preview":"max-image-preview:large","max-video-preview":"max-video-preview:-1"},"canonical":"https:\/\/justgym.pl\/uk\/\u0434\u043e\u0434\u0430\u0442\u043e\u043a","og_locale":"uk_UA","og_type":"article","og_title":"Aplikacja mobilna i wej\u015bcie na kod QR - Just GYM","og_description":"Pobierz aplikacj\u0119 Just GYM i korzystaj z wej\u015bcia na kod QR. Sprawd\u017a harmonogram wdro\u017cenia w klubach, jak si\u0119 zalogowa\u0107 oraz jak wej\u015b\u0107 do klubu z aplikacj\u0105.","og_url":"https:\/\/justgym.pl\/uk\/\u0434\u043e\u0434\u0430\u0442\u043e\u043a","og_site_name":"Just GYM","article_modified_time":"2026-01-12T07:30:32+00:00","twitter_card":"summary_large_image","schema":{"@context":"https:\/\/schema.org","@graph":[{"@type":"WebPage","@id":"https:\/\/justgym.pl\/appka","url":"https:\/\/justgym.pl\/appka","name":"\u041c\u043e\u0431\u0456\u043b\u044c\u043d\u0438\u0439 \u0434\u043e\u0434\u0430\u0442\u043e\u043a \u0442\u0430 \u0432\u0432\u0435\u0434\u0435\u043d\u043d\u044f QR-\u043a\u043e\u0434\u0443 - Just GYM","isPartOf":{"@id":"https:\/\/justgym.pl\/#website"},"datePublished":"2025-12-12T12:11:03+00:00","dateModified":"2026-01-12T07:30:32+00:00","description":"\u0417\u0430\u0432\u0430\u043d\u0442\u0430\u0436\u0442\u0435 \u0434\u043e\u0434\u0430\u0442\u043e\u043a Just GYM \u0442\u0430 \u0432\u0438\u043a\u043e\u0440\u0438\u0441\u0442\u043e\u0432\u0443\u0439\u0442\u0435 QR-\u043a\u043e\u0434 \u0434\u043b\u044f \u0432\u0445\u043e\u0434\u0443. \u041e\u0437\u043d\u0430\u0439\u043e\u043c\u0442\u0435\u0441\u044f \u0437 \u0440\u043e\u0437\u043a\u043b\u0430\u0434\u043e\u043c \u0440\u043e\u0431\u043e\u0442\u0438 \u043a\u043b\u0443\u0431\u0456\u0432, \u044f\u043a \u0437\u0430\u0440\u0435\u0454\u0441\u0442\u0440\u0443\u0432\u0430\u0442\u0438\u0441\u044f \u0442\u0430 \u044f\u043a \u043f\u043e\u0442\u0440\u0430\u043f\u0438\u0442\u0438 \u0434\u043e \u043a\u043b\u0443\u0431\u0443 \u0437\u0430 \u0434\u043e\u043f\u043e\u043c\u043e\u0433\u043e\u044e \u0434\u043e\u0434\u0430\u0442\u043a\u0443.","breadcrumb":{"@id":"https:\/\/justgym.pl\/appka#breadcrumb"},"inLanguage":"uk","potentialAction":[{"@type":"ReadAction","target":["https:\/\/justgym.pl\/appka"]}]},{"@type":"BreadcrumbList","@id":"https:\/\/justgym.pl\/appka#breadcrumb","itemListElement":[{"@type":"ListItem","position":1,"name":"Strona g\u0142\u00f3wna","item":"https:\/\/justgym.pl\/"},{"@type":"ListItem","position":2,"name":"Aplikacja mobilna"}]},{"@type":"WebSite","@id":"https:\/\/justgym.pl\/#website","url":"https:\/\/justgym.pl\/","name":"\u041f\u0440\u043e\u0441\u0442\u043e \u0442\u0440\u0435\u043d\u0430\u0436\u0435\u0440\u043d\u0438\u0439 \u0437\u0430\u043b","description":"","potentialAction":[{"@type":"SearchAction","target":{"@type":"EntryPoint","urlTemplate":"https:\/\/justgym.pl\/?s={search_term_string}"},"query-input":{"@type":"PropertyValueSpecification","valueRequired":true,"valueName":"search_term_string"}}],"inLanguage":"uk"}]}},"_links":{"self":[{"href":"https:\/\/justgym.pl\/uk\/wp-json\/wp\/v2\/pages\/1725","targetHints":{"allow":["GET"]}}],"collection":[{"href":"https:\/\/justgym.pl\/uk\/wp-json\/wp\/v2\/pages"}],"about":[{"href":"https:\/\/justgym.pl\/uk\/wp-json\/wp\/v2\/types\/page"}],"author":[{"embeddable":true,"href":"https:\/\/justgym.pl\/uk\/wp-json\/wp\/v2\/users\/4"}],"replies":[{"embeddable":true,"href":"https:\/\/justgym.pl\/uk\/wp-json\/wp\/v2\/comments?post=1725"}],"version-history":[{"count":24,"href":"https:\/\/justgym.pl\/uk\/wp-json\/wp\/v2\/pages\/1725\/revisions"}],"predecessor-version":[{"id":2041,"href":"https:\/\/justgym.pl\/uk\/wp-json\/wp\/v2\/pages\/1725\/revisions\/2041"}],"wp:attachment":[{"href":"https:\/\/justgym.pl\/uk\/wp-json\/wp\/v2\/media?parent=1725"}],"curies":[{"name":"wp","href":"https:\/\/api.w.org\/{rel}","templated":true}]}}