{"id":2042,"date":"2026-02-05T11:57:51","date_gmt":"2026-02-05T10:57:51","guid":{"rendered":"https:\/\/justgym.pl\/?page_id=2042"},"modified":"2026-02-25T15:25:12","modified_gmt":"2026-02-25T14:25:12","slug":"%d1%81%d0%bf%d0%be%d1%80%d1%82%d0%b8%d0%b2%d0%bd%d1%96-%d1%81%d0%bf%d0%be%d1%80%d1%83%d0%b4%d0%b8","status":"publish","type":"page","link":"https:\/\/justgym.pl\/uk\/karty-sportowe\/multisport\/obiekty-sportowe","title":{"rendered":"\u0421\u043f\u043e\u0440\u0442\u0438\u0432\u043d\u0456 \u0441\u043f\u043e\u0440\u0443\u0434\u0438 MultiSport"},"content":{"rendered":"","protected":false},"excerpt":{"rendered":"","protected":false},"author":4,"featured_media":2051,"parent":1698,"menu_order":0,"comment_status":"closed","ping_status":"closed","template":"","meta":{"_acf_changed":false,"inline_featured_image":false,"footnotes":""},"class_list":["post-2042","page","type-page","status-publish","has-post-thumbnail","hentry"],"acf":[],"yoast_head":"<!-- This site is optimized with the Yoast SEO plugin v27.2 - https:\/\/yoast.com\/product\/yoast-seo-wordpress\/ -->\n<title>Obiekty MultiSport \u2013 Lista si\u0142owni Just GYM | Trenuj w ca\u0142ej Polsce<\/title>\n<meta name=\"description\" content=\"Sprawd\u017a list\u0119 obiekt\u00f3w sportowych Just GYM akceptuj\u0105cych kart\u0119 MultiSport. Zobacz dost\u0119pne kluby w miastach w ca\u0142ej Polsce.\" \/>\n<meta name=\"robots\" content=\"index, follow, max-snippet:-1, max-image-preview:large, max-video-preview:-1\" \/>\n<link rel=\"canonical\" href=\"https:\/\/justgym.pl\/uk\/\u0441\u043f\u043e\u0440\u0442\u0438\u0432\u043d\u0456-\u043a\u0430\u0440\u0442\u043a\u0438\/\u043c\u0443\u043b\u044c\u0442\u0438\u0441\u043f\u043e\u0440\u0442\/\u0441\u043f\u043e\u0440\u0442\u0438\u0432\u043d\u0456-\u0441\u043f\u043e\u0440\u0443\u0434\u0438\" \/>\n<meta property=\"og:locale\" content=\"uk_UA\" \/>\n<meta property=\"og:type\" content=\"article\" \/>\n<meta property=\"og:title\" content=\"Obiekty MultiSport \u2013 Lista si\u0142owni Just GYM | Trenuj w ca\u0142ej Polsce\" \/>\n<meta property=\"og:description\" content=\"Sprawd\u017a list\u0119 obiekt\u00f3w sportowych Just GYM akceptuj\u0105cych kart\u0119 MultiSport. Zobacz dost\u0119pne kluby w miastach w ca\u0142ej Polsce.\" \/>\n<meta property=\"og:url\" content=\"https:\/\/justgym.pl\/uk\/\u0441\u043f\u043e\u0440\u0442\u0438\u0432\u043d\u0456-\u043a\u0430\u0440\u0442\u043a\u0438\/\u043c\u0443\u043b\u044c\u0442\u0438\u0441\u043f\u043e\u0440\u0442\/\u0441\u043f\u043e\u0440\u0442\u0438\u0432\u043d\u0456-\u0441\u043f\u043e\u0440\u0443\u0434\u0438\" \/>\n<meta property=\"og:site_name\" content=\"Just GYM\" \/>\n<meta property=\"article:modified_time\" content=\"2026-02-25T14:25:12+00:00\" \/>\n<meta property=\"og:image\" content=\"https:\/\/justgym.pl\/wp-content\/uploads\/2026\/01\/obiekty-multisport.png\" \/>\n\t<meta property=\"og:image:width\" content=\"1920\" \/>\n\t<meta property=\"og:image:height\" content=\"1080\" \/>\n\t<meta property=\"og:image:type\" content=\"image\/png\" \/>\n<meta name=\"twitter:card\" content=\"summary_large_image\" \/>\n<meta name=\"twitter:label1\" content=\"\u041f\u0440\u0438\u0431\u043b. \u0447\u0430\u0441 \u0447\u0438\u0442\u0430\u043d\u043d\u044f\" \/>\n\t<meta name=\"twitter:data1\" content=\"1 \u0445\u0432\u0438\u043b\u0438\u043d\u0430\" \/>\n<script type=\"application\/ld+json\" class=\"yoast-schema-graph\">{\"@context\":\"https:\/\/schema.org\",\"@graph\":[{\"@type\":\"WebPage\",\"@id\":\"https:\/\/justgym.pl\/karty-sportowe\/multisport\/obiekty-sportowe\",\"url\":\"https:\/\/justgym.pl\/karty-sportowe\/multisport\/obiekty-sportowe\",\"name\":\"Obiekty MultiSport \u2013 Lista si\u0142owni Just GYM | Trenuj w ca\u0142ej Polsce\",\"isPartOf\":{\"@id\":\"https:\/\/justgym.pl\/#website\"},\"primaryImageOfPage\":{\"@id\":\"https:\/\/justgym.pl\/karty-sportowe\/multisport\/obiekty-sportowe#primaryimage\"},\"thumbnailUrl\":\"https:\/\/justgym.pl\/wp-content\/uploads\/2026\/01\/obiekty-multisport.png\",\"datePublished\":\"2026-02-05T10:57:51+00:00\",\"dateModified\":\"2026-02-25T14:25:12+00:00\",\"description\":\"Sprawd\u017a list\u0119 obiekt\u00f3w sportowych Just GYM akceptuj\u0105cych kart\u0119 MultiSport. Zobacz dost\u0119pne kluby w miastach w ca\u0142ej Polsce.\",\"breadcrumb\":{\"@id\":\"https:\/\/justgym.pl\/karty-sportowe\/multisport\/obiekty-sportowe#breadcrumb\"},\"inLanguage\":\"uk\",\"potentialAction\":[{\"@type\":\"ReadAction\",\"target\":[\"https:\/\/justgym.pl\/karty-sportowe\/multisport\/obiekty-sportowe\"]}]},{\"@type\":\"ImageObject\",\"inLanguage\":\"uk\",\"@id\":\"https:\/\/justgym.pl\/karty-sportowe\/multisport\/obiekty-sportowe#primaryimage\",\"url\":\"https:\/\/justgym.pl\/wp-content\/uploads\/2026\/01\/obiekty-multisport.png\",\"contentUrl\":\"https:\/\/justgym.pl\/wp-content\/uploads\/2026\/01\/obiekty-multisport.png\",\"width\":1920,\"height\":1080,\"caption\":\"Para w sportowych ubraniach siedz\u0105ca na betonowych schodach, nowoczesny lifestyle i aktywno\u015b\u0107 fizyczna\"},{\"@type\":\"BreadcrumbList\",\"@id\":\"https:\/\/justgym.pl\/karty-sportowe\/multisport\/obiekty-sportowe#breadcrumb\",\"itemListElement\":[{\"@type\":\"ListItem\",\"position\":1,\"name\":\"Strona g\u0142\u00f3wna\",\"item\":\"https:\/\/justgym.pl\/\"},{\"@type\":\"ListItem\",\"position\":2,\"name\":\"Karty sportowe\",\"item\":\"https:\/\/justgym.pl\/karty-sportowe\"},{\"@type\":\"ListItem\",\"position\":3,\"name\":\"MultiSport\",\"item\":\"https:\/\/justgym.pl\/karty-sportowe\/multisport\"},{\"@type\":\"ListItem\",\"position\":4,\"name\":\"Obiekty sportowe\"}]},{\"@type\":\"WebSite\",\"@id\":\"https:\/\/justgym.pl\/#website\",\"url\":\"https:\/\/justgym.pl\/\",\"name\":\"Just GYM\",\"description\":\"\",\"potentialAction\":[{\"@type\":\"SearchAction\",\"target\":{\"@type\":\"EntryPoint\",\"urlTemplate\":\"https:\/\/justgym.pl\/?s={search_term_string}\"},\"query-input\":{\"@type\":\"PropertyValueSpecification\",\"valueRequired\":true,\"valueName\":\"search_term_string\"}}],\"inLanguage\":\"uk\"}]}<\/script>\n<!-- \/ Yoast SEO plugin. -->","yoast_head_json":{"title":"\u041c\u0443\u043b\u044c\u0442\u0438\u0441\u043f\u043e\u0440\u0442\u0438\u0432\u043d\u0456 \u0437\u0430\u043a\u043b\u0430\u0434\u0438 - \u0421\u043f\u0438\u0441\u043e\u043a \u0442\u0440\u0435\u043d\u0430\u0436\u0435\u0440\u043d\u0438\u0445 \u0437\u0430\u043b\u0456\u0432 Just GYM | \u0422\u0440\u0435\u043d\u0443\u0432\u0430\u043d\u043d\u044f \u043f\u043e \u0432\u0441\u0456\u0439 \u041f\u043e\u043b\u044c\u0449\u0456","description":"\u041e\u0437\u043d\u0430\u0439\u043e\u043c\u0442\u0435\u0441\u044f \u0437\u0456 \u0441\u043f\u0438\u0441\u043a\u043e\u043c \u0441\u043f\u043e\u0440\u0442\u0438\u0432\u043d\u0438\u0445 \u0437\u0430\u043a\u043b\u0430\u0434\u0456\u0432 Just GYM, \u044f\u043a\u0456 \u043f\u0440\u0438\u0439\u043c\u0430\u044e\u0442\u044c \u043a\u0430\u0440\u0442\u0443 MultiSport. \u041f\u0435\u0440\u0435\u0433\u043b\u044f\u043d\u044c\u0442\u0435 \u0434\u043e\u0441\u0442\u0443\u043f\u043d\u0456 \u043a\u043b\u0443\u0431\u0438 \u0432 \u043c\u0456\u0441\u0442\u0430\u0445 \u043f\u043e \u0432\u0441\u0456\u0439 \u041f\u043e\u043b\u044c\u0449\u0456.","robots":{"index":"index","follow":"follow","max-snippet":"max-snippet:-1","max-image-preview":"max-image-preview:large","max-video-preview":"max-video-preview:-1"},"canonical":"https:\/\/justgym.pl\/uk\/\u0441\u043f\u043e\u0440\u0442\u0438\u0432\u043d\u0456-\u043a\u0430\u0440\u0442\u043a\u0438\/\u043c\u0443\u043b\u044c\u0442\u0438\u0441\u043f\u043e\u0440\u0442\/\u0441\u043f\u043e\u0440\u0442\u0438\u0432\u043d\u0456-\u0441\u043f\u043e\u0440\u0443\u0434\u0438","og_locale":"uk_UA","og_type":"article","og_title":"Obiekty MultiSport \u2013 Lista si\u0142owni Just GYM | Trenuj w ca\u0142ej Polsce","og_description":"Sprawd\u017a list\u0119 obiekt\u00f3w sportowych Just GYM akceptuj\u0105cych kart\u0119 MultiSport. Zobacz dost\u0119pne kluby w miastach w ca\u0142ej Polsce.","og_url":"https:\/\/justgym.pl\/uk\/\u0441\u043f\u043e\u0440\u0442\u0438\u0432\u043d\u0456-\u043a\u0430\u0440\u0442\u043a\u0438\/\u043c\u0443\u043b\u044c\u0442\u0438\u0441\u043f\u043e\u0440\u0442\/\u0441\u043f\u043e\u0440\u0442\u0438\u0432\u043d\u0456-\u0441\u043f\u043e\u0440\u0443\u0434\u0438","og_site_name":"Just GYM","article_modified_time":"2026-02-25T14:25:12+00:00","og_image":[{"width":1920,"height":1080,"url":"https:\/\/justgym.pl\/wp-content\/uploads\/2026\/01\/obiekty-multisport.png","type":"image\/png"}],"twitter_card":"summary_large_image","twitter_misc":{"\u041f\u0440\u0438\u0431\u043b. \u0447\u0430\u0441 \u0447\u0438\u0442\u0430\u043d\u043d\u044f":"1 \u0445\u0432\u0438\u043b\u0438\u043d\u0430"},"schema":{"@context":"https:\/\/schema.org","@graph":[{"@type":"WebPage","@id":"https:\/\/justgym.pl\/karty-sportowe\/multisport\/obiekty-sportowe","url":"https:\/\/justgym.pl\/karty-sportowe\/multisport\/obiekty-sportowe","name":"\u041c\u0443\u043b\u044c\u0442\u0438\u0441\u043f\u043e\u0440\u0442\u0438\u0432\u043d\u0456 \u0437\u0430\u043a\u043b\u0430\u0434\u0438 - \u0421\u043f\u0438\u0441\u043e\u043a \u0442\u0440\u0435\u043d\u0430\u0436\u0435\u0440\u043d\u0438\u0445 \u0437\u0430\u043b\u0456\u0432 Just GYM | \u0422\u0440\u0435\u043d\u0443\u0432\u0430\u043d\u043d\u044f \u043f\u043e \u0432\u0441\u0456\u0439 \u041f\u043e\u043b\u044c\u0449\u0456","isPartOf":{"@id":"https:\/\/justgym.pl\/#website"},"primaryImageOfPage":{"@id":"https:\/\/justgym.pl\/karty-sportowe\/multisport\/obiekty-sportowe#primaryimage"},"thumbnailUrl":"https:\/\/justgym.pl\/wp-content\/uploads\/2026\/01\/obiekty-multisport.png","datePublished":"2026-02-05T10:57:51+00:00","dateModified":"2026-02-25T14:25:12+00:00","description":"\u041e\u0437\u043d\u0430\u0439\u043e\u043c\u0442\u0435\u0441\u044f \u0437\u0456 \u0441\u043f\u0438\u0441\u043a\u043e\u043c \u0441\u043f\u043e\u0440\u0442\u0438\u0432\u043d\u0438\u0445 \u0437\u0430\u043a\u043b\u0430\u0434\u0456\u0432 Just GYM, \u044f\u043a\u0456 \u043f\u0440\u0438\u0439\u043c\u0430\u044e\u0442\u044c \u043a\u0430\u0440\u0442\u0443 MultiSport. \u041f\u0435\u0440\u0435\u0433\u043b\u044f\u043d\u044c\u0442\u0435 \u0434\u043e\u0441\u0442\u0443\u043f\u043d\u0456 \u043a\u043b\u0443\u0431\u0438 \u0432 \u043c\u0456\u0441\u0442\u0430\u0445 \u043f\u043e \u0432\u0441\u0456\u0439 \u041f\u043e\u043b\u044c\u0449\u0456.","breadcrumb":{"@id":"https:\/\/justgym.pl\/karty-sportowe\/multisport\/obiekty-sportowe#breadcrumb"},"inLanguage":"uk","potentialAction":[{"@type":"ReadAction","target":["https:\/\/justgym.pl\/karty-sportowe\/multisport\/obiekty-sportowe"]}]},{"@type":"ImageObject","inLanguage":"uk","@id":"https:\/\/justgym.pl\/karty-sportowe\/multisport\/obiekty-sportowe#primaryimage","url":"https:\/\/justgym.pl\/wp-content\/uploads\/2026\/01\/obiekty-multisport.png","contentUrl":"https:\/\/justgym.pl\/wp-content\/uploads\/2026\/01\/obiekty-multisport.png","width":1920,"height":1080,"caption":"Para w sportowych ubraniach siedz\u0105ca na betonowych schodach, nowoczesny lifestyle i aktywno\u015b\u0107 fizyczna"},{"@type":"BreadcrumbList","@id":"https:\/\/justgym.pl\/karty-sportowe\/multisport\/obiekty-sportowe#breadcrumb","itemListElement":[{"@type":"ListItem","position":1,"name":"Strona g\u0142\u00f3wna","item":"https:\/\/justgym.pl\/"},{"@type":"ListItem","position":2,"name":"Karty sportowe","item":"https:\/\/justgym.pl\/karty-sportowe"},{"@type":"ListItem","position":3,"name":"MultiSport","item":"https:\/\/justgym.pl\/karty-sportowe\/multisport"},{"@type":"ListItem","position":4,"name":"Obiekty sportowe"}]},{"@type":"WebSite","@id":"https:\/\/justgym.pl\/#website","url":"https:\/\/justgym.pl\/","name":"\u041f\u0440\u043e\u0441\u0442\u043e \u0442\u0440\u0435\u043d\u0430\u0436\u0435\u0440\u043d\u0438\u0439 \u0437\u0430\u043b","description":"","potentialAction":[{"@type":"SearchAction","target":{"@type":"EntryPoint","urlTemplate":"https:\/\/justgym.pl\/?s={search_term_string}"},"query-input":{"@type":"PropertyValueSpecification","valueRequired":true,"valueName":"search_term_string"}}],"inLanguage":"uk"}]}},"_links":{"self":[{"href":"https:\/\/justgym.pl\/uk\/wp-json\/wp\/v2\/pages\/2042","targetHints":{"allow":["GET"]}}],"collection":[{"href":"https:\/\/justgym.pl\/uk\/wp-json\/wp\/v2\/pages"}],"about":[{"href":"https:\/\/justgym.pl\/uk\/wp-json\/wp\/v2\/types\/page"}],"author":[{"embeddable":true,"href":"https:\/\/justgym.pl\/uk\/wp-json\/wp\/v2\/users\/4"}],"replies":[{"embeddable":true,"href":"https:\/\/justgym.pl\/uk\/wp-json\/wp\/v2\/comments?post=2042"}],"version-history":[{"count":16,"href":"https:\/\/justgym.pl\/uk\/wp-json\/wp\/v2\/pages\/2042\/revisions"}],"predecessor-version":[{"id":2337,"href":"https:\/\/justgym.pl\/uk\/wp-json\/wp\/v2\/pages\/2042\/revisions\/2337"}],"up":[{"embeddable":true,"href":"https:\/\/justgym.pl\/uk\/wp-json\/wp\/v2\/pages\/1698"}],"wp:featuredmedia":[{"embeddable":true,"href":"https:\/\/justgym.pl\/uk\/wp-json\/wp\/v2\/media\/2051"}],"wp:attachment":[{"href":"https:\/\/justgym.pl\/uk\/wp-json\/wp\/v2\/media?parent=2042"}],"curies":[{"name":"wp","href":"https:\/\/api.w.org\/{rel}","templated":true}]}}