{"id":2147,"date":"2026-01-23T11:46:16","date_gmt":"2026-01-23T10:46:16","guid":{"rendered":"https:\/\/justgym.pl\/?page_id=2147"},"modified":"2026-01-23T11:46:16","modified_gmt":"2026-01-23T10:46:16","slug":"mcfit-%d1%81%d1%82%d0%b0%d1%80%d0%b5-%d0%bc%d1%96%d1%81%d1%82%d0%be","status":"publish","type":"page","link":"https:\/\/justgym.pl\/uk\/mcfit-stare-miasto","title":{"rendered":"McFIT \u0421\u0442\u0430\u0440\u0435 \u043c\u0456\u0441\u0442\u043e"},"content":{"rendered":"","protected":false},"excerpt":{"rendered":"","protected":false},"author":4,"featured_media":0,"parent":0,"menu_order":0,"comment_status":"closed","ping_status":"closed","template":"","meta":{"_acf_changed":false,"inline_featured_image":false,"footnotes":""},"class_list":["post-2147","page","type-page","status-publish","hentry"],"acf":[],"yoast_head":"<!-- This site is optimized with the Yoast SEO plugin v27.2 - https:\/\/yoast.com\/product\/yoast-seo-wordpress\/ -->\n<title>McFIT Stare Miasto - teraz Just GYM<\/title>\n<meta name=\"description\" content=\"McFIT Stare Miasto we Wroc\u0142awiu zmieni\u0142 si\u0119 w Just GYM. Nowoczesna si\u0142ownia 24h w centrum miasta. Zaj\u0119cia fitness w cenie. Do\u0142\u0105cz do nas!\" \/>\n<meta name=\"robots\" content=\"noindex, nofollow\" \/>\n<meta property=\"og:locale\" content=\"uk_UA\" \/>\n<meta property=\"og:type\" content=\"article\" \/>\n<meta property=\"og:title\" content=\"McFIT Stare Miasto - teraz Just GYM\" \/>\n<meta property=\"og:description\" content=\"McFIT Stare Miasto we Wroc\u0142awiu zmieni\u0142 si\u0119 w Just GYM. Nowoczesna si\u0142ownia 24h w centrum miasta. Zaj\u0119cia fitness w cenie. Do\u0142\u0105cz do nas!\" \/>\n<meta property=\"og:url\" content=\"https:\/\/justgym.pl\/uk\/mcfit-\u0441\u0442\u0430\u0440\u0435-\u043c\u0456\u0441\u0442\u043e\" \/>\n<meta property=\"og:site_name\" content=\"Just GYM\" \/>\n<meta name=\"twitter:card\" content=\"summary_large_image\" \/>\n<script type=\"application\/ld+json\" class=\"yoast-schema-graph\">{\"@context\":\"https:\/\/schema.org\",\"@graph\":[{\"@type\":\"WebPage\",\"@id\":\"https:\/\/justgym.pl\/mcfit-stare-miasto\",\"url\":\"https:\/\/justgym.pl\/mcfit-stare-miasto\",\"name\":\"McFIT Stare Miasto - teraz Just GYM\",\"isPartOf\":{\"@id\":\"https:\/\/justgym.pl\/#website\"},\"datePublished\":\"2026-01-23T10:46:16+00:00\",\"description\":\"McFIT Stare Miasto we Wroc\u0142awiu zmieni\u0142 si\u0119 w Just GYM. Nowoczesna si\u0142ownia 24h w centrum miasta. Zaj\u0119cia fitness w cenie. Do\u0142\u0105cz do nas!\",\"breadcrumb\":{\"@id\":\"https:\/\/justgym.pl\/mcfit-stare-miasto#breadcrumb\"},\"inLanguage\":\"uk\",\"potentialAction\":[{\"@type\":\"ReadAction\",\"target\":[\"https:\/\/justgym.pl\/mcfit-stare-miasto\"]}]},{\"@type\":\"BreadcrumbList\",\"@id\":\"https:\/\/justgym.pl\/mcfit-stare-miasto#breadcrumb\",\"itemListElement\":[{\"@type\":\"ListItem\",\"position\":1,\"name\":\"Strona g\u0142\u00f3wna\",\"item\":\"https:\/\/justgym.pl\/\"},{\"@type\":\"ListItem\",\"position\":2,\"name\":\"McFIT Stare Miasto\"}]},{\"@type\":\"WebSite\",\"@id\":\"https:\/\/justgym.pl\/#website\",\"url\":\"https:\/\/justgym.pl\/\",\"name\":\"Just GYM\",\"description\":\"\",\"potentialAction\":[{\"@type\":\"SearchAction\",\"target\":{\"@type\":\"EntryPoint\",\"urlTemplate\":\"https:\/\/justgym.pl\/?s={search_term_string}\"},\"query-input\":{\"@type\":\"PropertyValueSpecification\",\"valueRequired\":true,\"valueName\":\"search_term_string\"}}],\"inLanguage\":\"uk\"}]}<\/script>\n<!-- \/ Yoast SEO plugin. -->","yoast_head_json":{"title":"McFIT \u0421\u0442\u0430\u0440\u0435 \u043c\u0456\u0441\u0442\u043e - \u0442\u0435\u043f\u0435\u0440 Just GYM","description":"McFIT Stare Miasto \u0443 \u0412\u0440\u043e\u0446\u043b\u0430\u0432\u0456 \u043f\u0435\u0440\u0435\u0442\u0432\u043e\u0440\u0438\u0432\u0441\u044f \u043d\u0430 Just GYM. \u0421\u0443\u0447\u0430\u0441\u043d\u0438\u0439 \u0446\u0456\u043b\u043e\u0434\u043e\u0431\u043e\u0432\u0438\u0439 \u0442\u0440\u0435\u043d\u0430\u0436\u0435\u0440\u043d\u0438\u0439 \u0437\u0430\u043b \u0443 \u0446\u0435\u043d\u0442\u0440\u0456 \u043c\u0456\u0441\u0442\u0430. \u0424\u0456\u0442\u043d\u0435\u0441-\u0437\u0430\u043d\u044f\u0442\u0442\u044f \u0432\u043a\u043b\u044e\u0447\u0435\u043d\u0456 \u0443 \u0432\u0430\u0440\u0442\u0456\u0441\u0442\u044c \u0430\u0431\u043e\u043d\u0435\u043c\u0435\u043d\u0442\u0430. \u041f\u0440\u0438\u0454\u0434\u043d\u0443\u0439\u0442\u0435\u0441\u044c \u0434\u043e \u043d\u0430\u0441!","robots":{"index":"noindex","follow":"nofollow"},"og_locale":"uk_UA","og_type":"article","og_title":"McFIT Stare Miasto - teraz Just GYM","og_description":"McFIT Stare Miasto we Wroc\u0142awiu zmieni\u0142 si\u0119 w Just GYM. Nowoczesna si\u0142ownia 24h w centrum miasta. Zaj\u0119cia fitness w cenie. Do\u0142\u0105cz do nas!","og_url":"https:\/\/justgym.pl\/uk\/mcfit-\u0441\u0442\u0430\u0440\u0435-\u043c\u0456\u0441\u0442\u043e","og_site_name":"Just GYM","twitter_card":"summary_large_image","schema":{"@context":"https:\/\/schema.org","@graph":[{"@type":"WebPage","@id":"https:\/\/justgym.pl\/mcfit-stare-miasto","url":"https:\/\/justgym.pl\/mcfit-stare-miasto","name":"McFIT \u0421\u0442\u0430\u0440\u0435 \u043c\u0456\u0441\u0442\u043e - \u0442\u0435\u043f\u0435\u0440 Just GYM","isPartOf":{"@id":"https:\/\/justgym.pl\/#website"},"datePublished":"2026-01-23T10:46:16+00:00","description":"McFIT Stare Miasto \u0443 \u0412\u0440\u043e\u0446\u043b\u0430\u0432\u0456 \u043f\u0435\u0440\u0435\u0442\u0432\u043e\u0440\u0438\u0432\u0441\u044f \u043d\u0430 Just GYM. \u0421\u0443\u0447\u0430\u0441\u043d\u0438\u0439 \u0446\u0456\u043b\u043e\u0434\u043e\u0431\u043e\u0432\u0438\u0439 \u0442\u0440\u0435\u043d\u0430\u0436\u0435\u0440\u043d\u0438\u0439 \u0437\u0430\u043b \u0443 \u0446\u0435\u043d\u0442\u0440\u0456 \u043c\u0456\u0441\u0442\u0430. \u0424\u0456\u0442\u043d\u0435\u0441-\u0437\u0430\u043d\u044f\u0442\u0442\u044f \u0432\u043a\u043b\u044e\u0447\u0435\u043d\u0456 \u0443 \u0432\u0430\u0440\u0442\u0456\u0441\u0442\u044c \u0430\u0431\u043e\u043d\u0435\u043c\u0435\u043d\u0442\u0430. \u041f\u0440\u0438\u0454\u0434\u043d\u0443\u0439\u0442\u0435\u0441\u044c \u0434\u043e \u043d\u0430\u0441!","breadcrumb":{"@id":"https:\/\/justgym.pl\/mcfit-stare-miasto#breadcrumb"},"inLanguage":"uk","potentialAction":[{"@type":"ReadAction","target":["https:\/\/justgym.pl\/mcfit-stare-miasto"]}]},{"@type":"BreadcrumbList","@id":"https:\/\/justgym.pl\/mcfit-stare-miasto#breadcrumb","itemListElement":[{"@type":"ListItem","position":1,"name":"Strona g\u0142\u00f3wna","item":"https:\/\/justgym.pl\/"},{"@type":"ListItem","position":2,"name":"McFIT Stare Miasto"}]},{"@type":"WebSite","@id":"https:\/\/justgym.pl\/#website","url":"https:\/\/justgym.pl\/","name":"\u041f\u0440\u043e\u0441\u0442\u043e \u0442\u0440\u0435\u043d\u0430\u0436\u0435\u0440\u043d\u0438\u0439 \u0437\u0430\u043b","description":"","potentialAction":[{"@type":"SearchAction","target":{"@type":"EntryPoint","urlTemplate":"https:\/\/justgym.pl\/?s={search_term_string}"},"query-input":{"@type":"PropertyValueSpecification","valueRequired":true,"valueName":"search_term_string"}}],"inLanguage":"uk"}]}},"_links":{"self":[{"href":"https:\/\/justgym.pl\/uk\/wp-json\/wp\/v2\/pages\/2147","targetHints":{"allow":["GET"]}}],"collection":[{"href":"https:\/\/justgym.pl\/uk\/wp-json\/wp\/v2\/pages"}],"about":[{"href":"https:\/\/justgym.pl\/uk\/wp-json\/wp\/v2\/types\/page"}],"author":[{"embeddable":true,"href":"https:\/\/justgym.pl\/uk\/wp-json\/wp\/v2\/users\/4"}],"replies":[{"embeddable":true,"href":"https:\/\/justgym.pl\/uk\/wp-json\/wp\/v2\/comments?post=2147"}],"version-history":[{"count":2,"href":"https:\/\/justgym.pl\/uk\/wp-json\/wp\/v2\/pages\/2147\/revisions"}],"predecessor-version":[{"id":2151,"href":"https:\/\/justgym.pl\/uk\/wp-json\/wp\/v2\/pages\/2147\/revisions\/2151"}],"wp:attachment":[{"href":"https:\/\/justgym.pl\/uk\/wp-json\/wp\/v2\/media?parent=2147"}],"curies":[{"name":"wp","href":"https:\/\/api.w.org\/{rel}","templated":true}]}}