{"id":232,"date":"2025-09-12T17:09:33","date_gmt":"2025-09-12T15:09:33","guid":{"rendered":"https:\/\/justgym.pl\/?page_id=232"},"modified":"2026-02-03T11:10:06","modified_gmt":"2026-02-03T10:10:06","slug":"%d0%bf%d1%80%d0%b0%d0%b9%d1%81-%d0%bb%d0%b8%d1%81%d1%82","status":"publish","type":"page","link":"https:\/\/justgym.pl\/uk\/cennik","title":{"rendered":"\u041f\u0440\u0435\u0439\u0441\u043a\u0443\u0440\u0430\u043d\u0442"},"content":{"rendered":"","protected":false},"excerpt":{"rendered":"","protected":false},"author":1,"featured_media":0,"parent":0,"menu_order":0,"comment_status":"closed","ping_status":"closed","template":"template-flexible.php","meta":{"_acf_changed":false,"inline_featured_image":false,"footnotes":""},"class_list":["post-232","page","type-page","status-publish","hentry"],"acf":[],"yoast_head":"<!-- This site is optimized with the Yoast SEO plugin v27.4 - https:\/\/yoast.com\/product\/yoast-seo-wordpress\/ -->\n<title>Cennik - Karnety Just GYM<\/title>\n<meta name=\"description\" content=\"Trenuj w Just GYM w ca\u0142ej Polsce! Sprawd\u017a cennik karnet\u00f3w OPEN i MULTIKLUB. Dost\u0119p ca\u0142odobowy, brak d\u0142ugoterminowych um\u00f3w i zaj\u0119cia fitness.\" \/>\n<meta name=\"robots\" content=\"index, follow, max-snippet:-1, max-image-preview:large, max-video-preview:-1\" \/>\n<link rel=\"canonical\" href=\"https:\/\/justgym.pl\/uk\/\u043f\u0440\u0430\u0439\u0441-\u043b\u0438\u0441\u0442\" \/>\n<meta property=\"og:locale\" content=\"uk_UA\" \/>\n<meta property=\"og:type\" content=\"article\" \/>\n<meta property=\"og:title\" content=\"Cennik - Karnety Just GYM\" \/>\n<meta property=\"og:description\" content=\"Trenuj w Just GYM w ca\u0142ej Polsce! Sprawd\u017a cennik karnet\u00f3w OPEN i MULTIKLUB. Dost\u0119p ca\u0142odobowy, brak d\u0142ugoterminowych um\u00f3w i zaj\u0119cia fitness.\" \/>\n<meta property=\"og:url\" content=\"https:\/\/justgym.pl\/uk\/\u043f\u0440\u0430\u0439\u0441-\u043b\u0438\u0441\u0442\" \/>\n<meta property=\"og:site_name\" content=\"Just GYM\" \/>\n<meta property=\"article:modified_time\" content=\"2026-02-03T10:10:06+00:00\" \/>\n<meta name=\"twitter:card\" content=\"summary_large_image\" \/>\n<script type=\"application\/ld+json\" class=\"yoast-schema-graph\">{\"@context\":\"https:\\\/\\\/schema.org\",\"@graph\":[{\"@type\":\"WebPage\",\"@id\":\"https:\\\/\\\/justgym.pl\\\/cennik\",\"url\":\"https:\\\/\\\/justgym.pl\\\/cennik\",\"name\":\"Cennik - Karnety Just GYM\",\"isPartOf\":{\"@id\":\"https:\\\/\\\/justgym.pl\\\/#website\"},\"datePublished\":\"2025-09-12T15:09:33+00:00\",\"dateModified\":\"2026-02-03T10:10:06+00:00\",\"description\":\"Trenuj w Just GYM w ca\u0142ej Polsce! Sprawd\u017a cennik karnet\u00f3w OPEN i MULTIKLUB. Dost\u0119p ca\u0142odobowy, brak d\u0142ugoterminowych um\u00f3w i zaj\u0119cia fitness.\",\"breadcrumb\":{\"@id\":\"https:\\\/\\\/justgym.pl\\\/cennik#breadcrumb\"},\"inLanguage\":\"uk\",\"potentialAction\":[{\"@type\":\"ReadAction\",\"target\":[\"https:\\\/\\\/justgym.pl\\\/cennik\"]}]},{\"@type\":\"BreadcrumbList\",\"@id\":\"https:\\\/\\\/justgym.pl\\\/cennik#breadcrumb\",\"itemListElement\":[{\"@type\":\"ListItem\",\"position\":1,\"name\":\"Strona g\u0142\u00f3wna\",\"item\":\"https:\\\/\\\/justgym.pl\\\/\"},{\"@type\":\"ListItem\",\"position\":2,\"name\":\"Cennik\"}]},{\"@type\":\"WebSite\",\"@id\":\"https:\\\/\\\/justgym.pl\\\/#website\",\"url\":\"https:\\\/\\\/justgym.pl\\\/\",\"name\":\"Just GYM\",\"description\":\"\",\"potentialAction\":[{\"@type\":\"SearchAction\",\"target\":{\"@type\":\"EntryPoint\",\"urlTemplate\":\"https:\\\/\\\/justgym.pl\\\/?s={search_term_string}\"},\"query-input\":{\"@type\":\"PropertyValueSpecification\",\"valueRequired\":true,\"valueName\":\"search_term_string\"}}],\"inLanguage\":\"uk\"}]}<\/script>\n<!-- \/ Yoast SEO plugin. -->","yoast_head_json":{"title":"\u041f\u0440\u0435\u0439\u0441\u043a\u0443\u0440\u0430\u043d\u0442 - \u0422\u0456\u043b\u044c\u043a\u0438 \u0430\u0431\u043e\u043d\u0435\u043c\u0435\u043d\u0442\u0438 \u0432 \u0442\u0440\u0435\u043d\u0430\u0436\u0435\u0440\u043d\u0438\u0439 \u0437\u0430\u043b","description":"\u0422\u0440\u0435\u043d\u0443\u0439\u0441\u044f \u0432 Just GYM \u043f\u043e \u0432\u0441\u0456\u0439 \u041f\u043e\u043b\u044c\u0449\u0456! \u041e\u0437\u043d\u0430\u0439\u043e\u043c\u0442\u0435\u0441\u044f \u0437 \u043f\u0440\u0435\u0439\u0441\u043a\u0443\u0440\u0430\u043d\u0442\u043e\u043c \u0446\u0456\u043d \u043d\u0430 \u0430\u0431\u043e\u043d\u0435\u043c\u0435\u043d\u0442\u0438 OPEN \u0442\u0430 MULTIKLUB. \u0414\u043e\u0441\u0442\u0443\u043f 24 \u0433\u043e\u0434\u0438\u043d\u0438 \u043d\u0430 \u0434\u043e\u0431\u0443, \u0431\u0435\u0437 \u0434\u043e\u0432\u0433\u043e\u0441\u0442\u0440\u043e\u043a\u043e\u0432\u0438\u0445 \u043a\u043e\u043d\u0442\u0440\u0430\u043a\u0442\u0456\u0432 \u0442\u0430 \u0444\u0456\u0442\u043d\u0435\u0441-\u043a\u043b\u0430\u0441\u0456\u0432.","robots":{"index":"index","follow":"follow","max-snippet":"max-snippet:-1","max-image-preview":"max-image-preview:large","max-video-preview":"max-video-preview:-1"},"canonical":"https:\/\/justgym.pl\/uk\/\u043f\u0440\u0430\u0439\u0441-\u043b\u0438\u0441\u0442","og_locale":"uk_UA","og_type":"article","og_title":"Cennik - Karnety Just GYM","og_description":"Trenuj w Just GYM w ca\u0142ej Polsce! Sprawd\u017a cennik karnet\u00f3w OPEN i MULTIKLUB. Dost\u0119p ca\u0142odobowy, brak d\u0142ugoterminowych um\u00f3w i zaj\u0119cia fitness.","og_url":"https:\/\/justgym.pl\/uk\/\u043f\u0440\u0430\u0439\u0441-\u043b\u0438\u0441\u0442","og_site_name":"Just GYM","article_modified_time":"2026-02-03T10:10:06+00:00","twitter_card":"summary_large_image","schema":{"@context":"https:\/\/schema.org","@graph":[{"@type":"WebPage","@id":"https:\/\/justgym.pl\/cennik","url":"https:\/\/justgym.pl\/cennik","name":"\u041f\u0440\u0435\u0439\u0441\u043a\u0443\u0440\u0430\u043d\u0442 - \u0422\u0456\u043b\u044c\u043a\u0438 \u0430\u0431\u043e\u043d\u0435\u043c\u0435\u043d\u0442\u0438 \u0432 \u0442\u0440\u0435\u043d\u0430\u0436\u0435\u0440\u043d\u0438\u0439 \u0437\u0430\u043b","isPartOf":{"@id":"https:\/\/justgym.pl\/#website"},"datePublished":"2025-09-12T15:09:33+00:00","dateModified":"2026-02-03T10:10:06+00:00","description":"\u0422\u0440\u0435\u043d\u0443\u0439\u0441\u044f \u0432 Just GYM \u043f\u043e \u0432\u0441\u0456\u0439 \u041f\u043e\u043b\u044c\u0449\u0456! \u041e\u0437\u043d\u0430\u0439\u043e\u043c\u0442\u0435\u0441\u044f \u0437 \u043f\u0440\u0435\u0439\u0441\u043a\u0443\u0440\u0430\u043d\u0442\u043e\u043c \u0446\u0456\u043d \u043d\u0430 \u0430\u0431\u043e\u043d\u0435\u043c\u0435\u043d\u0442\u0438 OPEN \u0442\u0430 MULTIKLUB. \u0414\u043e\u0441\u0442\u0443\u043f 24 \u0433\u043e\u0434\u0438\u043d\u0438 \u043d\u0430 \u0434\u043e\u0431\u0443, \u0431\u0435\u0437 \u0434\u043e\u0432\u0433\u043e\u0441\u0442\u0440\u043e\u043a\u043e\u0432\u0438\u0445 \u043a\u043e\u043d\u0442\u0440\u0430\u043a\u0442\u0456\u0432 \u0442\u0430 \u0444\u0456\u0442\u043d\u0435\u0441-\u043a\u043b\u0430\u0441\u0456\u0432.","breadcrumb":{"@id":"https:\/\/justgym.pl\/cennik#breadcrumb"},"inLanguage":"uk","potentialAction":[{"@type":"ReadAction","target":["https:\/\/justgym.pl\/cennik"]}]},{"@type":"BreadcrumbList","@id":"https:\/\/justgym.pl\/cennik#breadcrumb","itemListElement":[{"@type":"ListItem","position":1,"name":"Strona g\u0142\u00f3wna","item":"https:\/\/justgym.pl\/"},{"@type":"ListItem","position":2,"name":"Cennik"}]},{"@type":"WebSite","@id":"https:\/\/justgym.pl\/#website","url":"https:\/\/justgym.pl\/","name":"\u041f\u0440\u043e\u0441\u0442\u043e \u0442\u0440\u0435\u043d\u0430\u0436\u0435\u0440\u043d\u0438\u0439 \u0437\u0430\u043b","description":"","potentialAction":[{"@type":"SearchAction","target":{"@type":"EntryPoint","urlTemplate":"https:\/\/justgym.pl\/?s={search_term_string}"},"query-input":{"@type":"PropertyValueSpecification","valueRequired":true,"valueName":"search_term_string"}}],"inLanguage":"uk"}]}},"_links":{"self":[{"href":"https:\/\/justgym.pl\/uk\/wp-json\/wp\/v2\/pages\/232","targetHints":{"allow":["GET"]}}],"collection":[{"href":"https:\/\/justgym.pl\/uk\/wp-json\/wp\/v2\/pages"}],"about":[{"href":"https:\/\/justgym.pl\/uk\/wp-json\/wp\/v2\/types\/page"}],"author":[{"embeddable":true,"href":"https:\/\/justgym.pl\/uk\/wp-json\/wp\/v2\/users\/1"}],"replies":[{"embeddable":true,"href":"https:\/\/justgym.pl\/uk\/wp-json\/wp\/v2\/comments?post=232"}],"version-history":[{"count":48,"href":"https:\/\/justgym.pl\/uk\/wp-json\/wp\/v2\/pages\/232\/revisions"}],"predecessor-version":[{"id":2222,"href":"https:\/\/justgym.pl\/uk\/wp-json\/wp\/v2\/pages\/232\/revisions\/2222"}],"wp:attachment":[{"href":"https:\/\/justgym.pl\/uk\/wp-json\/wp\/v2\/media?parent=232"}],"curies":[{"name":"wp","href":"https:\/\/api.w.org\/{rel}","templated":true}]}}