{"id":236,"date":"2025-09-12T17:10:47","date_gmt":"2025-09-12T15:10:47","guid":{"rendered":"https:\/\/justgym.pl\/?page_id=236"},"modified":"2026-01-26T13:50:22","modified_gmt":"2026-01-26T12:50:22","slug":"%d0%b6%d0%b8%d1%82%d1%82%d1%8f-%d0%bf%d0%be%d1%87%d0%b8%d0%bd%d0%b0%d1%94%d1%82%d1%8c%d1%81%d1%8f-%d0%bf%d1%96%d1%81%d0%bb%d1%8f-%d1%88%d1%96%d1%81%d1%82%d0%bd%d0%b0%d0%b4%d1%86%d1%8f%d1%82%d0%b8","status":"publish","type":"page","link":"https:\/\/justgym.pl\/uk\/zycie-zaczyna-sie-po-szesnastce","title":{"rendered":"\u0416\u0438\u0442\u0442\u044f \u043f\u043e\u0447\u0438\u043d\u0430\u0454\u0442\u044c\u0441\u044f \u043f\u0456\u0441\u043b\u044f \u0448\u0456\u0441\u0442\u043d\u0430\u0434\u0446\u044f\u0442\u0438"},"content":{"rendered":"","protected":false},"excerpt":{"rendered":"","protected":false},"author":1,"featured_media":0,"parent":0,"menu_order":0,"comment_status":"closed","ping_status":"closed","template":"","meta":{"_acf_changed":false,"inline_featured_image":false,"footnotes":""},"class_list":["post-236","page","type-page","status-publish","hentry"],"acf":[],"yoast_head":"<!-- This site is optimized with the Yoast SEO plugin v27.2 - https:\/\/yoast.com\/product\/yoast-seo-wordpress\/ -->\n<title>\u017bycie zaczyna si\u0119 po szesnastce - Just GYM<\/title>\n<meta name=\"description\" content=\"Masz uko\u0144czone 16 lat? Trenuj w Just GYM! Pobierz o\u015bwiadczenie dla rodzica, sprawd\u017a nasze sztos oferty i zacznij przygod\u0119 z fitness ju\u017c dzi\u015b.\" \/>\n<meta name=\"robots\" content=\"index, follow, max-snippet:-1, max-image-preview:large, max-video-preview:-1\" \/>\n<link rel=\"canonical\" href=\"https:\/\/justgym.pl\/uk\/\u0436\u0438\u0442\u0442\u044f-\u043f\u043e\u0447\u0438\u043d\u0430\u0454\u0442\u044c\u0441\u044f-\u043f\u0456\u0441\u043b\u044f-\u0448\u0456\u0441\u0442\u043d\u0430\u0434\u0446\u044f\u0442\u0438\" \/>\n<meta property=\"og:locale\" content=\"uk_UA\" \/>\n<meta property=\"og:type\" content=\"article\" \/>\n<meta property=\"og:title\" content=\"\u017bycie zaczyna si\u0119 po szesnastce - Just GYM\" \/>\n<meta property=\"og:description\" content=\"Masz uko\u0144czone 16 lat? Trenuj w Just GYM! Pobierz o\u015bwiadczenie dla rodzica, sprawd\u017a nasze sztos oferty i zacznij przygod\u0119 z fitness ju\u017c dzi\u015b.\" \/>\n<meta property=\"og:url\" content=\"https:\/\/justgym.pl\/uk\/\u0436\u0438\u0442\u0442\u044f-\u043f\u043e\u0447\u0438\u043d\u0430\u0454\u0442\u044c\u0441\u044f-\u043f\u0456\u0441\u043b\u044f-\u0448\u0456\u0441\u0442\u043d\u0430\u0434\u0446\u044f\u0442\u0438\" \/>\n<meta property=\"og:site_name\" content=\"Just GYM\" \/>\n<meta property=\"article:modified_time\" content=\"2026-01-26T12:50:22+00:00\" \/>\n<meta name=\"twitter:card\" content=\"summary_large_image\" \/>\n<script type=\"application\/ld+json\" class=\"yoast-schema-graph\">{\"@context\":\"https:\/\/schema.org\",\"@graph\":[{\"@type\":\"WebPage\",\"@id\":\"https:\/\/justgym.pl\/zycie-zaczyna-sie-po-szesnastce\",\"url\":\"https:\/\/justgym.pl\/zycie-zaczyna-sie-po-szesnastce\",\"name\":\"\u017bycie zaczyna si\u0119 po szesnastce - Just GYM\",\"isPartOf\":{\"@id\":\"https:\/\/justgym.pl\/#website\"},\"datePublished\":\"2025-09-12T15:10:47+00:00\",\"dateModified\":\"2026-01-26T12:50:22+00:00\",\"description\":\"Masz uko\u0144czone 16 lat? Trenuj w Just GYM! Pobierz o\u015bwiadczenie dla rodzica, sprawd\u017a nasze sztos oferty i zacznij przygod\u0119 z fitness ju\u017c dzi\u015b.\",\"breadcrumb\":{\"@id\":\"https:\/\/justgym.pl\/zycie-zaczyna-sie-po-szesnastce#breadcrumb\"},\"inLanguage\":\"uk\",\"potentialAction\":[{\"@type\":\"ReadAction\",\"target\":[\"https:\/\/justgym.pl\/zycie-zaczyna-sie-po-szesnastce\"]}]},{\"@type\":\"BreadcrumbList\",\"@id\":\"https:\/\/justgym.pl\/zycie-zaczyna-sie-po-szesnastce#breadcrumb\",\"itemListElement\":[{\"@type\":\"ListItem\",\"position\":1,\"name\":\"Strona g\u0142\u00f3wna\",\"item\":\"https:\/\/justgym.pl\/\"},{\"@type\":\"ListItem\",\"position\":2,\"name\":\"\u017bycie zaczyna si\u0119 po szesnastce\"}]},{\"@type\":\"WebSite\",\"@id\":\"https:\/\/justgym.pl\/#website\",\"url\":\"https:\/\/justgym.pl\/\",\"name\":\"Just GYM\",\"description\":\"\",\"potentialAction\":[{\"@type\":\"SearchAction\",\"target\":{\"@type\":\"EntryPoint\",\"urlTemplate\":\"https:\/\/justgym.pl\/?s={search_term_string}\"},\"query-input\":{\"@type\":\"PropertyValueSpecification\",\"valueRequired\":true,\"valueName\":\"search_term_string\"}}],\"inLanguage\":\"uk\"}]}<\/script>\n<!-- \/ Yoast SEO plugin. -->","yoast_head_json":{"title":"\u0416\u0438\u0442\u0442\u044f \u043f\u043e\u0447\u0438\u043d\u0430\u0454\u0442\u044c\u0441\u044f \u043f\u0456\u0441\u043b\u044f \u0448\u0456\u0441\u0442\u043d\u0430\u0434\u0446\u044f\u0442\u0438 - Just GYM","description":"\u0422\u043e\u0431\u0456 \u0431\u0456\u043b\u044c\u0448\u0435 16 \u0440\u043e\u043a\u0456\u0432? \u0417\u0430\u0439\u043c\u0430\u0439\u0441\u044f \u0443 Just GYM! \u0417\u0430\u0432\u0430\u043d\u0442\u0430\u0436\u0442\u0435 \u0437\u0430\u044f\u0432\u0443 \u0431\u0430\u0442\u044c\u043a\u0456\u0432, \u043e\u0437\u043d\u0430\u0439\u043e\u043c\u0442\u0435\u0441\u044f \u0437 \u043d\u0430\u0448\u0438\u043c\u0438 \u043f\u0440\u043e\u043f\u043e\u0437\u0438\u0446\u0456\u044f\u043c\u0438 \u0442\u0430 \u0440\u043e\u0437\u043f\u043e\u0447\u043d\u0456\u0442\u044c \u0441\u0432\u043e\u044e \u0444\u0456\u0442\u043d\u0435\u0441-\u043f\u0440\u0438\u0433\u043e\u0434\u0443 \u0432\u0436\u0435 \u0441\u044c\u043e\u0433\u043e\u0434\u043d\u0456.","robots":{"index":"index","follow":"follow","max-snippet":"max-snippet:-1","max-image-preview":"max-image-preview:large","max-video-preview":"max-video-preview:-1"},"canonical":"https:\/\/justgym.pl\/uk\/\u0436\u0438\u0442\u0442\u044f-\u043f\u043e\u0447\u0438\u043d\u0430\u0454\u0442\u044c\u0441\u044f-\u043f\u0456\u0441\u043b\u044f-\u0448\u0456\u0441\u0442\u043d\u0430\u0434\u0446\u044f\u0442\u0438","og_locale":"uk_UA","og_type":"article","og_title":"\u017bycie zaczyna si\u0119 po szesnastce - Just GYM","og_description":"Masz uko\u0144czone 16 lat? Trenuj w Just GYM! Pobierz o\u015bwiadczenie dla rodzica, sprawd\u017a nasze sztos oferty i zacznij przygod\u0119 z fitness ju\u017c dzi\u015b.","og_url":"https:\/\/justgym.pl\/uk\/\u0436\u0438\u0442\u0442\u044f-\u043f\u043e\u0447\u0438\u043d\u0430\u0454\u0442\u044c\u0441\u044f-\u043f\u0456\u0441\u043b\u044f-\u0448\u0456\u0441\u0442\u043d\u0430\u0434\u0446\u044f\u0442\u0438","og_site_name":"Just GYM","article_modified_time":"2026-01-26T12:50:22+00:00","twitter_card":"summary_large_image","schema":{"@context":"https:\/\/schema.org","@graph":[{"@type":"WebPage","@id":"https:\/\/justgym.pl\/zycie-zaczyna-sie-po-szesnastce","url":"https:\/\/justgym.pl\/zycie-zaczyna-sie-po-szesnastce","name":"\u0416\u0438\u0442\u0442\u044f \u043f\u043e\u0447\u0438\u043d\u0430\u0454\u0442\u044c\u0441\u044f \u043f\u0456\u0441\u043b\u044f \u0448\u0456\u0441\u0442\u043d\u0430\u0434\u0446\u044f\u0442\u0438 - Just GYM","isPartOf":{"@id":"https:\/\/justgym.pl\/#website"},"datePublished":"2025-09-12T15:10:47+00:00","dateModified":"2026-01-26T12:50:22+00:00","description":"\u0422\u043e\u0431\u0456 \u0431\u0456\u043b\u044c\u0448\u0435 16 \u0440\u043e\u043a\u0456\u0432? \u0417\u0430\u0439\u043c\u0430\u0439\u0441\u044f \u0443 Just GYM! \u0417\u0430\u0432\u0430\u043d\u0442\u0430\u0436\u0442\u0435 \u0437\u0430\u044f\u0432\u0443 \u0431\u0430\u0442\u044c\u043a\u0456\u0432, \u043e\u0437\u043d\u0430\u0439\u043e\u043c\u0442\u0435\u0441\u044f \u0437 \u043d\u0430\u0448\u0438\u043c\u0438 \u043f\u0440\u043e\u043f\u043e\u0437\u0438\u0446\u0456\u044f\u043c\u0438 \u0442\u0430 \u0440\u043e\u0437\u043f\u043e\u0447\u043d\u0456\u0442\u044c \u0441\u0432\u043e\u044e \u0444\u0456\u0442\u043d\u0435\u0441-\u043f\u0440\u0438\u0433\u043e\u0434\u0443 \u0432\u0436\u0435 \u0441\u044c\u043e\u0433\u043e\u0434\u043d\u0456.","breadcrumb":{"@id":"https:\/\/justgym.pl\/zycie-zaczyna-sie-po-szesnastce#breadcrumb"},"inLanguage":"uk","potentialAction":[{"@type":"ReadAction","target":["https:\/\/justgym.pl\/zycie-zaczyna-sie-po-szesnastce"]}]},{"@type":"BreadcrumbList","@id":"https:\/\/justgym.pl\/zycie-zaczyna-sie-po-szesnastce#breadcrumb","itemListElement":[{"@type":"ListItem","position":1,"name":"Strona g\u0142\u00f3wna","item":"https:\/\/justgym.pl\/"},{"@type":"ListItem","position":2,"name":"\u017bycie zaczyna si\u0119 po szesnastce"}]},{"@type":"WebSite","@id":"https:\/\/justgym.pl\/#website","url":"https:\/\/justgym.pl\/","name":"\u041f\u0440\u043e\u0441\u0442\u043e \u0442\u0440\u0435\u043d\u0430\u0436\u0435\u0440\u043d\u0438\u0439 \u0437\u0430\u043b","description":"","potentialAction":[{"@type":"SearchAction","target":{"@type":"EntryPoint","urlTemplate":"https:\/\/justgym.pl\/?s={search_term_string}"},"query-input":{"@type":"PropertyValueSpecification","valueRequired":true,"valueName":"search_term_string"}}],"inLanguage":"uk"}]}},"_links":{"self":[{"href":"https:\/\/justgym.pl\/uk\/wp-json\/wp\/v2\/pages\/236","targetHints":{"allow":["GET"]}}],"collection":[{"href":"https:\/\/justgym.pl\/uk\/wp-json\/wp\/v2\/pages"}],"about":[{"href":"https:\/\/justgym.pl\/uk\/wp-json\/wp\/v2\/types\/page"}],"author":[{"embeddable":true,"href":"https:\/\/justgym.pl\/uk\/wp-json\/wp\/v2\/users\/1"}],"replies":[{"embeddable":true,"href":"https:\/\/justgym.pl\/uk\/wp-json\/wp\/v2\/comments?post=236"}],"version-history":[{"count":6,"href":"https:\/\/justgym.pl\/uk\/wp-json\/wp\/v2\/pages\/236\/revisions"}],"predecessor-version":[{"id":2196,"href":"https:\/\/justgym.pl\/uk\/wp-json\/wp\/v2\/pages\/236\/revisions\/2196"}],"wp:attachment":[{"href":"https:\/\/justgym.pl\/uk\/wp-json\/wp\/v2\/media?parent=236"}],"curies":[{"name":"wp","href":"https:\/\/api.w.org\/{rel}","templated":true}]}}