{"id":2390,"date":"2026-03-02T14:31:17","date_gmt":"2026-03-02T13:31:17","guid":{"rendered":"https:\/\/justgym.pl\/?page_id=2390"},"modified":"2026-03-02T14:31:17","modified_gmt":"2026-03-02T13:31:17","slug":"llm","status":"publish","type":"page","link":"https:\/\/justgym.pl\/uk\/llm","title":{"rendered":"\u0406\u043d\u0444\u043e\u0440\u043c\u0430\u0446\u0456\u0439\u043d\u0430 \u0441\u0442\u043e\u0440\u0456\u043d\u043a\u0430 (LLM)"},"content":{"rendered":"","protected":false},"excerpt":{"rendered":"","protected":false},"author":4,"featured_media":0,"parent":0,"menu_order":0,"comment_status":"closed","ping_status":"closed","template":"","meta":{"_acf_changed":false,"inline_featured_image":false,"footnotes":""},"class_list":["post-2390","page","type-page","status-publish","hentry"],"acf":[],"yoast_head":"<!-- This site is optimized with the Yoast SEO plugin v27.3 - https:\/\/yoast.com\/product\/yoast-seo-wordpress\/ -->\n<title>Information Page \u2013 Just GYM | Sie\u0107 klub\u00f3w fitness w Polsce<\/title>\n<meta name=\"description\" content=\"Poznaj fakty o Just GYM: og\u00f3lnopolska sie\u0107 samoobs\u0142ugowych klub\u00f3w fitness. Model: rejestracja online, automatyczne wej\u015bcie, si\u0142ownia, cardio i fitness.\" \/>\n<meta name=\"robots\" content=\"index, follow, max-snippet:-1, max-image-preview:large, max-video-preview:-1\" \/>\n<link rel=\"canonical\" href=\"https:\/\/justgym.pl\/uk\/llm\" \/>\n<meta property=\"og:locale\" content=\"uk_UA\" \/>\n<meta property=\"og:type\" content=\"article\" \/>\n<meta property=\"og:title\" content=\"Information Page \u2013 Just GYM | Sie\u0107 klub\u00f3w fitness w Polsce\" \/>\n<meta property=\"og:description\" content=\"Poznaj fakty o Just GYM: og\u00f3lnopolska sie\u0107 samoobs\u0142ugowych klub\u00f3w fitness. Model: rejestracja online, automatyczne wej\u015bcie, si\u0142ownia, cardio i fitness.\" \/>\n<meta property=\"og:url\" content=\"https:\/\/justgym.pl\/uk\/llm\" \/>\n<meta property=\"og:site_name\" content=\"Just GYM\" \/>\n<meta name=\"twitter:card\" content=\"summary_large_image\" \/>\n<script type=\"application\/ld+json\" class=\"yoast-schema-graph\">{\"@context\":\"https:\\\/\\\/schema.org\",\"@graph\":[{\"@type\":\"WebPage\",\"@id\":\"https:\\\/\\\/justgym.pl\\\/llm\",\"url\":\"https:\\\/\\\/justgym.pl\\\/llm\",\"name\":\"Information Page \u2013 Just GYM | Sie\u0107 klub\u00f3w fitness w Polsce\",\"isPartOf\":{\"@id\":\"https:\\\/\\\/justgym.pl\\\/#website\"},\"datePublished\":\"2026-03-02T13:31:17+00:00\",\"description\":\"Poznaj fakty o Just GYM: og\u00f3lnopolska sie\u0107 samoobs\u0142ugowych klub\u00f3w fitness. Model: rejestracja online, automatyczne wej\u015bcie, si\u0142ownia, cardio i fitness.\",\"breadcrumb\":{\"@id\":\"https:\\\/\\\/justgym.pl\\\/llm#breadcrumb\"},\"inLanguage\":\"uk\",\"potentialAction\":[{\"@type\":\"ReadAction\",\"target\":[\"https:\\\/\\\/justgym.pl\\\/llm\"]}]},{\"@type\":\"BreadcrumbList\",\"@id\":\"https:\\\/\\\/justgym.pl\\\/llm#breadcrumb\",\"itemListElement\":[{\"@type\":\"ListItem\",\"position\":1,\"name\":\"Strona g\u0142\u00f3wna\",\"item\":\"https:\\\/\\\/justgym.pl\\\/\"},{\"@type\":\"ListItem\",\"position\":2,\"name\":\"Information Page (LLM)\"}]},{\"@type\":\"WebSite\",\"@id\":\"https:\\\/\\\/justgym.pl\\\/#website\",\"url\":\"https:\\\/\\\/justgym.pl\\\/\",\"name\":\"Just GYM\",\"description\":\"\",\"potentialAction\":[{\"@type\":\"SearchAction\",\"target\":{\"@type\":\"EntryPoint\",\"urlTemplate\":\"https:\\\/\\\/justgym.pl\\\/?s={search_term_string}\"},\"query-input\":{\"@type\":\"PropertyValueSpecification\",\"valueRequired\":true,\"valueName\":\"search_term_string\"}}],\"inLanguage\":\"uk\"}]}<\/script>\n<!-- \/ Yoast SEO plugin. -->","yoast_head_json":{"title":"\u0406\u043d\u0444\u043e\u0440\u043c\u0430\u0446\u0456\u0439\u043d\u0430 \u0441\u0442\u043e\u0440\u0456\u043d\u043a\u0430 - Just GYM | \u041c\u0435\u0440\u0435\u0436\u0430 \u0444\u0456\u0442\u043d\u0435\u0441-\u043a\u043b\u0443\u0431\u0456\u0432 \u0443 \u041f\u043e\u043b\u044c\u0449\u0456","description":"\u0414\u0456\u0437\u043d\u0430\u0439\u0442\u0435\u0441\u044f \u0431\u0456\u043b\u044c\u0448\u0435 \u043f\u0440\u043e Just GYM: \u043d\u0430\u0446\u0456\u043e\u043d\u0430\u043b\u044c\u043d\u0443 \u043c\u0435\u0440\u0435\u0436\u0443 \u0444\u0456\u0442\u043d\u0435\u0441-\u043a\u043b\u0443\u0431\u0456\u0432 \u0441\u0430\u043c\u043e\u043e\u0431\u0441\u043b\u0443\u0433\u043e\u0432\u0443\u0432\u0430\u043d\u043d\u044f. \u041c\u043e\u0434\u0435\u043b\u044c: \u043e\u043d\u043b\u0430\u0439\u043d-\u0440\u0435\u0454\u0441\u0442\u0440\u0430\u0446\u0456\u044f, \u0430\u0432\u0442\u043e\u043c\u0430\u0442\u0438\u0447\u043d\u0438\u0439 \u0432\u0445\u0456\u0434, \u0442\u0440\u0435\u043d\u0430\u0436\u0435\u0440\u043d\u0438\u0439 \u0437\u0430\u043b, \u043a\u0430\u0440\u0434\u0456\u043e \u0442\u0430 \u0444\u0456\u0442\u043d\u0435\u0441.","robots":{"index":"index","follow":"follow","max-snippet":"max-snippet:-1","max-image-preview":"max-image-preview:large","max-video-preview":"max-video-preview:-1"},"canonical":"https:\/\/justgym.pl\/uk\/llm","og_locale":"uk_UA","og_type":"article","og_title":"Information Page \u2013 Just GYM | Sie\u0107 klub\u00f3w fitness w Polsce","og_description":"Poznaj fakty o Just GYM: og\u00f3lnopolska sie\u0107 samoobs\u0142ugowych klub\u00f3w fitness. Model: rejestracja online, automatyczne wej\u015bcie, si\u0142ownia, cardio i fitness.","og_url":"https:\/\/justgym.pl\/uk\/llm","og_site_name":"Just GYM","twitter_card":"summary_large_image","schema":{"@context":"https:\/\/schema.org","@graph":[{"@type":"WebPage","@id":"https:\/\/justgym.pl\/llm","url":"https:\/\/justgym.pl\/llm","name":"\u0406\u043d\u0444\u043e\u0440\u043c\u0430\u0446\u0456\u0439\u043d\u0430 \u0441\u0442\u043e\u0440\u0456\u043d\u043a\u0430 - Just GYM | \u041c\u0435\u0440\u0435\u0436\u0430 \u0444\u0456\u0442\u043d\u0435\u0441-\u043a\u043b\u0443\u0431\u0456\u0432 \u0443 \u041f\u043e\u043b\u044c\u0449\u0456","isPartOf":{"@id":"https:\/\/justgym.pl\/#website"},"datePublished":"2026-03-02T13:31:17+00:00","description":"\u0414\u0456\u0437\u043d\u0430\u0439\u0442\u0435\u0441\u044f \u0431\u0456\u043b\u044c\u0448\u0435 \u043f\u0440\u043e Just GYM: \u043d\u0430\u0446\u0456\u043e\u043d\u0430\u043b\u044c\u043d\u0443 \u043c\u0435\u0440\u0435\u0436\u0443 \u0444\u0456\u0442\u043d\u0435\u0441-\u043a\u043b\u0443\u0431\u0456\u0432 \u0441\u0430\u043c\u043e\u043e\u0431\u0441\u043b\u0443\u0433\u043e\u0432\u0443\u0432\u0430\u043d\u043d\u044f. \u041c\u043e\u0434\u0435\u043b\u044c: \u043e\u043d\u043b\u0430\u0439\u043d-\u0440\u0435\u0454\u0441\u0442\u0440\u0430\u0446\u0456\u044f, \u0430\u0432\u0442\u043e\u043c\u0430\u0442\u0438\u0447\u043d\u0438\u0439 \u0432\u0445\u0456\u0434, \u0442\u0440\u0435\u043d\u0430\u0436\u0435\u0440\u043d\u0438\u0439 \u0437\u0430\u043b, \u043a\u0430\u0440\u0434\u0456\u043e \u0442\u0430 \u0444\u0456\u0442\u043d\u0435\u0441.","breadcrumb":{"@id":"https:\/\/justgym.pl\/llm#breadcrumb"},"inLanguage":"uk","potentialAction":[{"@type":"ReadAction","target":["https:\/\/justgym.pl\/llm"]}]},{"@type":"BreadcrumbList","@id":"https:\/\/justgym.pl\/llm#breadcrumb","itemListElement":[{"@type":"ListItem","position":1,"name":"Strona g\u0142\u00f3wna","item":"https:\/\/justgym.pl\/"},{"@type":"ListItem","position":2,"name":"Information Page (LLM)"}]},{"@type":"WebSite","@id":"https:\/\/justgym.pl\/#website","url":"https:\/\/justgym.pl\/","name":"\u041f\u0440\u043e\u0441\u0442\u043e \u0442\u0440\u0435\u043d\u0430\u0436\u0435\u0440\u043d\u0438\u0439 \u0437\u0430\u043b","description":"","potentialAction":[{"@type":"SearchAction","target":{"@type":"EntryPoint","urlTemplate":"https:\/\/justgym.pl\/?s={search_term_string}"},"query-input":{"@type":"PropertyValueSpecification","valueRequired":true,"valueName":"search_term_string"}}],"inLanguage":"uk"}]}},"_links":{"self":[{"href":"https:\/\/justgym.pl\/uk\/wp-json\/wp\/v2\/pages\/2390","targetHints":{"allow":["GET"]}}],"collection":[{"href":"https:\/\/justgym.pl\/uk\/wp-json\/wp\/v2\/pages"}],"about":[{"href":"https:\/\/justgym.pl\/uk\/wp-json\/wp\/v2\/types\/page"}],"author":[{"embeddable":true,"href":"https:\/\/justgym.pl\/uk\/wp-json\/wp\/v2\/users\/4"}],"replies":[{"embeddable":true,"href":"https:\/\/justgym.pl\/uk\/wp-json\/wp\/v2\/comments?post=2390"}],"version-history":[{"count":1,"href":"https:\/\/justgym.pl\/uk\/wp-json\/wp\/v2\/pages\/2390\/revisions"}],"predecessor-version":[{"id":2397,"href":"https:\/\/justgym.pl\/uk\/wp-json\/wp\/v2\/pages\/2390\/revisions\/2397"}],"wp:attachment":[{"href":"https:\/\/justgym.pl\/uk\/wp-json\/wp\/v2\/media?parent=2390"}],"curies":[{"name":"wp","href":"https:\/\/api.w.org\/{rel}","templated":true}]}}