{"id":242,"date":"2025-09-12T17:13:10","date_gmt":"2025-09-12T15:13:10","guid":{"rendered":"https:\/\/justgym.pl\/?page_id=242"},"modified":"2025-12-23T09:50:25","modified_gmt":"2025-12-23T08:50:25","slug":"medicover-sport","status":"publish","type":"page","link":"https:\/\/justgym.pl\/uk\/karty-sportowe\/medicover-sport","title":{"rendered":"Medicover Sport"},"content":{"rendered":"","protected":false},"excerpt":{"rendered":"","protected":false},"author":1,"featured_media":0,"parent":1344,"menu_order":0,"comment_status":"closed","ping_status":"closed","template":"","meta":{"_acf_changed":false,"inline_featured_image":false,"footnotes":""},"class_list":["post-242","page","type-page","status-publish","hentry"],"acf":[],"yoast_head":"<!-- This site is optimized with the Yoast SEO plugin v27.5 - https:\/\/yoast.com\/product\/yoast-seo-wordpress\/ -->\n<title>Medicover Sport w Just GYM \u2013 ca\u0142odobowy dost\u0119p do si\u0142owni 24\/7<\/title>\n<meta name=\"description\" content=\"Sprawd\u017a, jak dzia\u0142a karta Medicover Sport w Just GYM. Trenuj bez limitu, 24 godziny na dob\u0119, 7 dni w tygodniu, w nowoczesnych klubach fitness w ca\u0142ej Polsce.\" \/>\n<meta name=\"robots\" content=\"index, follow, max-snippet:-1, max-image-preview:large, max-video-preview:-1\" \/>\n<link rel=\"canonical\" href=\"https:\/\/justgym.pl\/uk\/\u0441\u043f\u043e\u0440\u0442\u0438\u0432\u043d\u0456-\u043a\u0430\u0440\u0442\u043a\u0438\/medicover-sport\" \/>\n<meta property=\"og:locale\" content=\"uk_UA\" \/>\n<meta property=\"og:type\" content=\"article\" \/>\n<meta property=\"og:title\" content=\"Medicover Sport w Just GYM \u2013 ca\u0142odobowy dost\u0119p do si\u0142owni 24\/7\" \/>\n<meta property=\"og:description\" content=\"Sprawd\u017a, jak dzia\u0142a karta Medicover Sport w Just GYM. Trenuj bez limitu, 24 godziny na dob\u0119, 7 dni w tygodniu, w nowoczesnych klubach fitness w ca\u0142ej Polsce.\" \/>\n<meta property=\"og:url\" content=\"https:\/\/justgym.pl\/uk\/\u0441\u043f\u043e\u0440\u0442\u0438\u0432\u043d\u0456-\u043a\u0430\u0440\u0442\u043a\u0438\/medicover-sport\" \/>\n<meta property=\"og:site_name\" content=\"Just GYM\" \/>\n<meta property=\"article:modified_time\" content=\"2025-12-23T08:50:25+00:00\" \/>\n<meta name=\"twitter:card\" content=\"summary_large_image\" \/>\n<script type=\"application\/ld+json\" class=\"yoast-schema-graph\">{\"@context\":\"https:\\\/\\\/schema.org\",\"@graph\":[{\"@type\":\"WebPage\",\"@id\":\"https:\\\/\\\/justgym.pl\\\/karty-sportowe\\\/medicover-sport\",\"url\":\"https:\\\/\\\/justgym.pl\\\/karty-sportowe\\\/medicover-sport\",\"name\":\"Medicover Sport w Just GYM \u2013 ca\u0142odobowy dost\u0119p do si\u0142owni 24\\\/7\",\"isPartOf\":{\"@id\":\"https:\\\/\\\/justgym.pl\\\/#website\"},\"datePublished\":\"2025-09-12T15:13:10+00:00\",\"dateModified\":\"2025-12-23T08:50:25+00:00\",\"description\":\"Sprawd\u017a, jak dzia\u0142a karta Medicover Sport w Just GYM. Trenuj bez limitu, 24 godziny na dob\u0119, 7 dni w tygodniu, w nowoczesnych klubach fitness w ca\u0142ej Polsce.\",\"breadcrumb\":{\"@id\":\"https:\\\/\\\/justgym.pl\\\/karty-sportowe\\\/medicover-sport#breadcrumb\"},\"inLanguage\":\"uk\",\"potentialAction\":[{\"@type\":\"ReadAction\",\"target\":[\"https:\\\/\\\/justgym.pl\\\/karty-sportowe\\\/medicover-sport\"]}]},{\"@type\":\"BreadcrumbList\",\"@id\":\"https:\\\/\\\/justgym.pl\\\/karty-sportowe\\\/medicover-sport#breadcrumb\",\"itemListElement\":[{\"@type\":\"ListItem\",\"position\":1,\"name\":\"Strona g\u0142\u00f3wna\",\"item\":\"https:\\\/\\\/justgym.pl\\\/\"},{\"@type\":\"ListItem\",\"position\":2,\"name\":\"Karty sportowe\",\"item\":\"https:\\\/\\\/justgym.pl\\\/karty-sportowe\"},{\"@type\":\"ListItem\",\"position\":3,\"name\":\"Medicover Sport\"}]},{\"@type\":\"WebSite\",\"@id\":\"https:\\\/\\\/justgym.pl\\\/#website\",\"url\":\"https:\\\/\\\/justgym.pl\\\/\",\"name\":\"Just GYM\",\"description\":\"\",\"potentialAction\":[{\"@type\":\"SearchAction\",\"target\":{\"@type\":\"EntryPoint\",\"urlTemplate\":\"https:\\\/\\\/justgym.pl\\\/?s={search_term_string}\"},\"query-input\":{\"@type\":\"PropertyValueSpecification\",\"valueRequired\":true,\"valueName\":\"search_term_string\"}}],\"inLanguage\":\"uk\"}]}<\/script>\n<!-- \/ Yoast SEO plugin. -->","yoast_head_json":{"title":"Medicover Sport \u0432 Just GYM - \u0434\u043e\u0441\u0442\u0443\u043f \u0434\u043e \u0442\u0440\u0435\u043d\u0430\u0436\u0435\u0440\u043d\u043e\u0433\u043e \u0437\u0430\u043b\u0443 24\/7","description":"\u041f\u0435\u0440\u0435\u0432\u0456\u0440\u0442\u0435, \u044f\u043a \u043f\u0440\u0430\u0446\u044e\u0454 \u043a\u0430\u0440\u0442\u043a\u0430 Medicover Sport \u0443 Just GYM. \u0422\u0440\u0435\u043d\u0443\u0439\u0442\u0435\u0441\u044f \u0431\u0435\u0437 \u043e\u0431\u043c\u0435\u0436\u0435\u043d\u044c, 24 \u0433\u043e\u0434\u0438\u043d\u0438 \u043d\u0430 \u0434\u043e\u0431\u0443, 7 \u0434\u043d\u0456\u0432 \u043d\u0430 \u0442\u0438\u0436\u0434\u0435\u043d\u044c \u0443 \u0441\u0443\u0447\u0430\u0441\u043d\u0438\u0445 \u0444\u0456\u0442\u043d\u0435\u0441-\u043a\u043b\u0443\u0431\u0430\u0445 \u043f\u043e \u0432\u0441\u0456\u0439 \u041f\u043e\u043b\u044c\u0449\u0456.","robots":{"index":"index","follow":"follow","max-snippet":"max-snippet:-1","max-image-preview":"max-image-preview:large","max-video-preview":"max-video-preview:-1"},"canonical":"https:\/\/justgym.pl\/uk\/\u0441\u043f\u043e\u0440\u0442\u0438\u0432\u043d\u0456-\u043a\u0430\u0440\u0442\u043a\u0438\/medicover-sport","og_locale":"uk_UA","og_type":"article","og_title":"Medicover Sport w Just GYM \u2013 ca\u0142odobowy dost\u0119p do si\u0142owni 24\/7","og_description":"Sprawd\u017a, jak dzia\u0142a karta Medicover Sport w Just GYM. Trenuj bez limitu, 24 godziny na dob\u0119, 7 dni w tygodniu, w nowoczesnych klubach fitness w ca\u0142ej Polsce.","og_url":"https:\/\/justgym.pl\/uk\/\u0441\u043f\u043e\u0440\u0442\u0438\u0432\u043d\u0456-\u043a\u0430\u0440\u0442\u043a\u0438\/medicover-sport","og_site_name":"Just GYM","article_modified_time":"2025-12-23T08:50:25+00:00","twitter_card":"summary_large_image","schema":{"@context":"https:\/\/schema.org","@graph":[{"@type":"WebPage","@id":"https:\/\/justgym.pl\/karty-sportowe\/medicover-sport","url":"https:\/\/justgym.pl\/karty-sportowe\/medicover-sport","name":"Medicover Sport \u0432 Just GYM - \u0434\u043e\u0441\u0442\u0443\u043f \u0434\u043e \u0442\u0440\u0435\u043d\u0430\u0436\u0435\u0440\u043d\u043e\u0433\u043e \u0437\u0430\u043b\u0443 24\/7","isPartOf":{"@id":"https:\/\/justgym.pl\/#website"},"datePublished":"2025-09-12T15:13:10+00:00","dateModified":"2025-12-23T08:50:25+00:00","description":"\u041f\u0435\u0440\u0435\u0432\u0456\u0440\u0442\u0435, \u044f\u043a \u043f\u0440\u0430\u0446\u044e\u0454 \u043a\u0430\u0440\u0442\u043a\u0430 Medicover Sport \u0443 Just GYM. \u0422\u0440\u0435\u043d\u0443\u0439\u0442\u0435\u0441\u044f \u0431\u0435\u0437 \u043e\u0431\u043c\u0435\u0436\u0435\u043d\u044c, 24 \u0433\u043e\u0434\u0438\u043d\u0438 \u043d\u0430 \u0434\u043e\u0431\u0443, 7 \u0434\u043d\u0456\u0432 \u043d\u0430 \u0442\u0438\u0436\u0434\u0435\u043d\u044c \u0443 \u0441\u0443\u0447\u0430\u0441\u043d\u0438\u0445 \u0444\u0456\u0442\u043d\u0435\u0441-\u043a\u043b\u0443\u0431\u0430\u0445 \u043f\u043e \u0432\u0441\u0456\u0439 \u041f\u043e\u043b\u044c\u0449\u0456.","breadcrumb":{"@id":"https:\/\/justgym.pl\/karty-sportowe\/medicover-sport#breadcrumb"},"inLanguage":"uk","potentialAction":[{"@type":"ReadAction","target":["https:\/\/justgym.pl\/karty-sportowe\/medicover-sport"]}]},{"@type":"BreadcrumbList","@id":"https:\/\/justgym.pl\/karty-sportowe\/medicover-sport#breadcrumb","itemListElement":[{"@type":"ListItem","position":1,"name":"Strona g\u0142\u00f3wna","item":"https:\/\/justgym.pl\/"},{"@type":"ListItem","position":2,"name":"Karty sportowe","item":"https:\/\/justgym.pl\/karty-sportowe"},{"@type":"ListItem","position":3,"name":"Medicover Sport"}]},{"@type":"WebSite","@id":"https:\/\/justgym.pl\/#website","url":"https:\/\/justgym.pl\/","name":"\u041f\u0440\u043e\u0441\u0442\u043e \u0442\u0440\u0435\u043d\u0430\u0436\u0435\u0440\u043d\u0438\u0439 \u0437\u0430\u043b","description":"","potentialAction":[{"@type":"SearchAction","target":{"@type":"EntryPoint","urlTemplate":"https:\/\/justgym.pl\/?s={search_term_string}"},"query-input":{"@type":"PropertyValueSpecification","valueRequired":true,"valueName":"search_term_string"}}],"inLanguage":"uk"}]}},"_links":{"self":[{"href":"https:\/\/justgym.pl\/uk\/wp-json\/wp\/v2\/pages\/242","targetHints":{"allow":["GET"]}}],"collection":[{"href":"https:\/\/justgym.pl\/uk\/wp-json\/wp\/v2\/pages"}],"about":[{"href":"https:\/\/justgym.pl\/uk\/wp-json\/wp\/v2\/types\/page"}],"author":[{"embeddable":true,"href":"https:\/\/justgym.pl\/uk\/wp-json\/wp\/v2\/users\/1"}],"replies":[{"embeddable":true,"href":"https:\/\/justgym.pl\/uk\/wp-json\/wp\/v2\/comments?post=242"}],"version-history":[{"count":12,"href":"https:\/\/justgym.pl\/uk\/wp-json\/wp\/v2\/pages\/242\/revisions"}],"predecessor-version":[{"id":1900,"href":"https:\/\/justgym.pl\/uk\/wp-json\/wp\/v2\/pages\/242\/revisions\/1900"}],"up":[{"embeddable":true,"href":"https:\/\/justgym.pl\/uk\/wp-json\/wp\/v2\/pages\/1344"}],"wp:attachment":[{"href":"https:\/\/justgym.pl\/uk\/wp-json\/wp\/v2\/media?parent=242"}],"curies":[{"name":"wp","href":"https:\/\/api.w.org\/{rel}","templated":true}]}}