{"id":250,"date":"2025-09-17T12:47:12","date_gmt":"2025-09-17T10:47:12","guid":{"rendered":"https:\/\/justgym.pl\/?page_id=250"},"modified":"2026-01-26T13:48:17","modified_gmt":"2026-01-26T12:48:17","slug":"%d1%81%d1%82%d0%b0%d0%bd%d0%b4%d0%b0%d1%80%d1%82%d0%b8-%d0%b7%d0%b0%d1%85%d0%b8%d1%81%d1%82%d1%83-%d0%bd%d0%b5%d0%bf%d0%be%d0%b2%d0%bd%d0%be%d0%bb%d1%96%d1%82%d0%bd%d1%96%d1%85","status":"publish","type":"page","link":"https:\/\/justgym.pl\/uk\/standardy-ochrony-maloletnich","title":{"rendered":"\u0421\u0442\u0430\u043d\u0434\u0430\u0440\u0442\u0438 \u0437\u0430\u0445\u0438\u0441\u0442\u0443 \u043d\u0435\u043f\u043e\u0432\u043d\u043e\u043b\u0456\u0442\u043d\u0456\u0445"},"content":{"rendered":"","protected":false},"excerpt":{"rendered":"","protected":false},"author":1,"featured_media":0,"parent":0,"menu_order":0,"comment_status":"closed","ping_status":"closed","template":"","meta":{"_acf_changed":false,"inline_featured_image":false,"footnotes":""},"class_list":["post-250","page","type-page","status-publish","hentry"],"acf":[],"yoast_head":"<!-- This site is optimized with the Yoast SEO plugin v27.2 - https:\/\/yoast.com\/product\/yoast-seo-wordpress\/ -->\n<title>Standardy Ochrony Ma\u0142oletnich - Just GYM<\/title>\n<meta name=\"description\" content=\"Dowiedz si\u0119, jak Just GYM dba o bezpiecze\u0144stwo os\u00f3b niepe\u0142noletnich. Poznaj nasze standardy ochrony ma\u0142oletnich.\" \/>\n<meta name=\"robots\" content=\"index, follow, max-snippet:-1, max-image-preview:large, max-video-preview:-1\" \/>\n<link rel=\"canonical\" href=\"https:\/\/justgym.pl\/uk\/\u0441\u0442\u0430\u043d\u0434\u0430\u0440\u0442\u0438-\u0437\u0430\u0445\u0438\u0441\u0442\u0443-\u043d\u0435\u043f\u043e\u0432\u043d\u043e\u043b\u0456\u0442\u043d\u0456\u0445\" \/>\n<meta property=\"og:locale\" content=\"uk_UA\" \/>\n<meta property=\"og:type\" content=\"article\" \/>\n<meta property=\"og:title\" content=\"Standardy Ochrony Ma\u0142oletnich - Just GYM\" \/>\n<meta property=\"og:description\" content=\"Dowiedz si\u0119, jak Just GYM dba o bezpiecze\u0144stwo os\u00f3b niepe\u0142noletnich. Poznaj nasze standardy ochrony ma\u0142oletnich.\" \/>\n<meta property=\"og:url\" content=\"https:\/\/justgym.pl\/uk\/\u0441\u0442\u0430\u043d\u0434\u0430\u0440\u0442\u0438-\u0437\u0430\u0445\u0438\u0441\u0442\u0443-\u043d\u0435\u043f\u043e\u0432\u043d\u043e\u043b\u0456\u0442\u043d\u0456\u0445\" \/>\n<meta property=\"og:site_name\" content=\"Just GYM\" \/>\n<meta property=\"article:modified_time\" content=\"2026-01-26T12:48:17+00:00\" \/>\n<meta name=\"twitter:card\" content=\"summary_large_image\" \/>\n<script type=\"application\/ld+json\" class=\"yoast-schema-graph\">{\"@context\":\"https:\/\/schema.org\",\"@graph\":[{\"@type\":\"WebPage\",\"@id\":\"https:\/\/justgym.pl\/standardy-ochrony-maloletnich\",\"url\":\"https:\/\/justgym.pl\/standardy-ochrony-maloletnich\",\"name\":\"Standardy Ochrony Ma\u0142oletnich - Just GYM\",\"isPartOf\":{\"@id\":\"https:\/\/justgym.pl\/#website\"},\"datePublished\":\"2025-09-17T10:47:12+00:00\",\"dateModified\":\"2026-01-26T12:48:17+00:00\",\"description\":\"Dowiedz si\u0119, jak Just GYM dba o bezpiecze\u0144stwo os\u00f3b niepe\u0142noletnich. Poznaj nasze standardy ochrony ma\u0142oletnich.\",\"breadcrumb\":{\"@id\":\"https:\/\/justgym.pl\/standardy-ochrony-maloletnich#breadcrumb\"},\"inLanguage\":\"uk\",\"potentialAction\":[{\"@type\":\"ReadAction\",\"target\":[\"https:\/\/justgym.pl\/standardy-ochrony-maloletnich\"]}]},{\"@type\":\"BreadcrumbList\",\"@id\":\"https:\/\/justgym.pl\/standardy-ochrony-maloletnich#breadcrumb\",\"itemListElement\":[{\"@type\":\"ListItem\",\"position\":1,\"name\":\"Strona g\u0142\u00f3wna\",\"item\":\"https:\/\/justgym.pl\/\"},{\"@type\":\"ListItem\",\"position\":2,\"name\":\"Standardy Ochrony Ma\u0142oletnich\"}]},{\"@type\":\"WebSite\",\"@id\":\"https:\/\/justgym.pl\/#website\",\"url\":\"https:\/\/justgym.pl\/\",\"name\":\"Just GYM\",\"description\":\"\",\"potentialAction\":[{\"@type\":\"SearchAction\",\"target\":{\"@type\":\"EntryPoint\",\"urlTemplate\":\"https:\/\/justgym.pl\/?s={search_term_string}\"},\"query-input\":{\"@type\":\"PropertyValueSpecification\",\"valueRequired\":true,\"valueName\":\"search_term_string\"}}],\"inLanguage\":\"uk\"}]}<\/script>\n<!-- \/ Yoast SEO plugin. -->","yoast_head_json":{"title":"\u0421\u0442\u0430\u043d\u0434\u0430\u0440\u0442\u0438 \u0437\u0430\u0445\u0438\u0441\u0442\u0443 \u043d\u0435\u043f\u043e\u0432\u043d\u043e\u043b\u0456\u0442\u043d\u0456\u0445 - Just GYM","description":"\u0414\u0456\u0437\u043d\u0430\u0439\u0442\u0435\u0441\u044f, \u044f\u043a Just GYM \u0437\u0430\u0445\u0438\u0449\u0430\u0454 \u043d\u0435\u043f\u043e\u0432\u043d\u043e\u043b\u0456\u0442\u043d\u0456\u0445. \u0414\u0456\u0437\u043d\u0430\u0439\u0442\u0435\u0441\u044f \u043f\u0440\u043e \u043d\u0430\u0448\u0456 \u0441\u0442\u0430\u043d\u0434\u0430\u0440\u0442\u0438 \u0437\u0430\u0445\u0438\u0441\u0442\u0443 \u043d\u0435\u043f\u043e\u0432\u043d\u043e\u043b\u0456\u0442\u043d\u0456\u0445.","robots":{"index":"index","follow":"follow","max-snippet":"max-snippet:-1","max-image-preview":"max-image-preview:large","max-video-preview":"max-video-preview:-1"},"canonical":"https:\/\/justgym.pl\/uk\/\u0441\u0442\u0430\u043d\u0434\u0430\u0440\u0442\u0438-\u0437\u0430\u0445\u0438\u0441\u0442\u0443-\u043d\u0435\u043f\u043e\u0432\u043d\u043e\u043b\u0456\u0442\u043d\u0456\u0445","og_locale":"uk_UA","og_type":"article","og_title":"Standardy Ochrony Ma\u0142oletnich - Just GYM","og_description":"Dowiedz si\u0119, jak Just GYM dba o bezpiecze\u0144stwo os\u00f3b niepe\u0142noletnich. Poznaj nasze standardy ochrony ma\u0142oletnich.","og_url":"https:\/\/justgym.pl\/uk\/\u0441\u0442\u0430\u043d\u0434\u0430\u0440\u0442\u0438-\u0437\u0430\u0445\u0438\u0441\u0442\u0443-\u043d\u0435\u043f\u043e\u0432\u043d\u043e\u043b\u0456\u0442\u043d\u0456\u0445","og_site_name":"Just GYM","article_modified_time":"2026-01-26T12:48:17+00:00","twitter_card":"summary_large_image","schema":{"@context":"https:\/\/schema.org","@graph":[{"@type":"WebPage","@id":"https:\/\/justgym.pl\/standardy-ochrony-maloletnich","url":"https:\/\/justgym.pl\/standardy-ochrony-maloletnich","name":"\u0421\u0442\u0430\u043d\u0434\u0430\u0440\u0442\u0438 \u0437\u0430\u0445\u0438\u0441\u0442\u0443 \u043d\u0435\u043f\u043e\u0432\u043d\u043e\u043b\u0456\u0442\u043d\u0456\u0445 - Just GYM","isPartOf":{"@id":"https:\/\/justgym.pl\/#website"},"datePublished":"2025-09-17T10:47:12+00:00","dateModified":"2026-01-26T12:48:17+00:00","description":"\u0414\u0456\u0437\u043d\u0430\u0439\u0442\u0435\u0441\u044f, \u044f\u043a Just GYM \u0437\u0430\u0445\u0438\u0449\u0430\u0454 \u043d\u0435\u043f\u043e\u0432\u043d\u043e\u043b\u0456\u0442\u043d\u0456\u0445. \u0414\u0456\u0437\u043d\u0430\u0439\u0442\u0435\u0441\u044f \u043f\u0440\u043e \u043d\u0430\u0448\u0456 \u0441\u0442\u0430\u043d\u0434\u0430\u0440\u0442\u0438 \u0437\u0430\u0445\u0438\u0441\u0442\u0443 \u043d\u0435\u043f\u043e\u0432\u043d\u043e\u043b\u0456\u0442\u043d\u0456\u0445.","breadcrumb":{"@id":"https:\/\/justgym.pl\/standardy-ochrony-maloletnich#breadcrumb"},"inLanguage":"uk","potentialAction":[{"@type":"ReadAction","target":["https:\/\/justgym.pl\/standardy-ochrony-maloletnich"]}]},{"@type":"BreadcrumbList","@id":"https:\/\/justgym.pl\/standardy-ochrony-maloletnich#breadcrumb","itemListElement":[{"@type":"ListItem","position":1,"name":"Strona g\u0142\u00f3wna","item":"https:\/\/justgym.pl\/"},{"@type":"ListItem","position":2,"name":"Standardy Ochrony Ma\u0142oletnich"}]},{"@type":"WebSite","@id":"https:\/\/justgym.pl\/#website","url":"https:\/\/justgym.pl\/","name":"\u041f\u0440\u043e\u0441\u0442\u043e \u0442\u0440\u0435\u043d\u0430\u0436\u0435\u0440\u043d\u0438\u0439 \u0437\u0430\u043b","description":"","potentialAction":[{"@type":"SearchAction","target":{"@type":"EntryPoint","urlTemplate":"https:\/\/justgym.pl\/?s={search_term_string}"},"query-input":{"@type":"PropertyValueSpecification","valueRequired":true,"valueName":"search_term_string"}}],"inLanguage":"uk"}]}},"_links":{"self":[{"href":"https:\/\/justgym.pl\/uk\/wp-json\/wp\/v2\/pages\/250","targetHints":{"allow":["GET"]}}],"collection":[{"href":"https:\/\/justgym.pl\/uk\/wp-json\/wp\/v2\/pages"}],"about":[{"href":"https:\/\/justgym.pl\/uk\/wp-json\/wp\/v2\/types\/page"}],"author":[{"embeddable":true,"href":"https:\/\/justgym.pl\/uk\/wp-json\/wp\/v2\/users\/1"}],"replies":[{"embeddable":true,"href":"https:\/\/justgym.pl\/uk\/wp-json\/wp\/v2\/comments?post=250"}],"version-history":[{"count":3,"href":"https:\/\/justgym.pl\/uk\/wp-json\/wp\/v2\/pages\/250\/revisions"}],"predecessor-version":[{"id":2193,"href":"https:\/\/justgym.pl\/uk\/wp-json\/wp\/v2\/pages\/250\/revisions\/2193"}],"wp:attachment":[{"href":"https:\/\/justgym.pl\/uk\/wp-json\/wp\/v2\/media?parent=250"}],"curies":[{"name":"wp","href":"https:\/\/api.w.org\/{rel}","templated":true}]}}