{"id":5,"date":"2025-09-11T13:38:51","date_gmt":"2025-09-11T11:38:51","guid":{"rendered":"https:\/\/justgym.pl\/?page_id=5"},"modified":"2026-04-09T10:10:02","modified_gmt":"2026-04-09T08:10:02","slug":"strona-glowna","status":"publish","type":"page","link":"https:\/\/justgym.pl\/uk\/","title":{"rendered":"\u0413\u043e\u043b\u043e\u0432\u043d\u0430 \u0441\u0442\u043e\u0440\u0456\u043d\u043a\u0430"},"content":{"rendered":"<h1 style=\"position: absolute; width: 1px; height: 1px; padding: 0; margin: -1px; overflow: hidden; clip: rect(0, 0, 0, 0); white-space: nowrap; border: 0;\">\n  \u0422\u0440\u0435\u043d\u0430\u0436\u0435\u0440\u043d\u0456 \u0437\u0430\u043b\u0438 \u043f\u043e \u0432\u0441\u0456\u0439 \u041f\u043e\u043b\u044c\u0449\u0456<br \/>\n<\/h1>","protected":false},"excerpt":{"rendered":"<p>\u0422\u0440\u0435\u043d\u0430\u0436\u0435\u0440\u043d\u0456 \u0437\u0430\u043b\u0438 \u043f\u043e \u0432\u0441\u0456\u0439 \u041f\u043e\u043b\u044c\u0449\u0456<\/p>","protected":false},"author":1,"featured_media":0,"parent":0,"menu_order":0,"comment_status":"closed","ping_status":"closed","template":"","meta":{"_acf_changed":false,"inline_featured_image":false,"footnotes":""},"class_list":["post-5","page","type-page","status-publish","hentry"],"acf":[],"yoast_head":"<!-- This site is optimized with the Yoast SEO plugin v27.2 - https:\/\/yoast.com\/product\/yoast-seo-wordpress\/ -->\n<title>Just GYM \u2013 nowoczesne si\u0142ownie 24\/7 bez um\u00f3w i haczyk\u00f3w<\/title>\n<meta name=\"description\" content=\"Si\u0142ownie 24\/7 w ca\u0142ej Polsce. Trenuj bez um\u00f3w i zb\u0119dnych formalno\u015bci. Zaj\u0119cia grupowe w cenie karnetu i nowoczesny sprz\u0119t. Do\u0142\u0105cz do Just GYM!\" \/>\n<meta name=\"robots\" content=\"index, follow, max-snippet:-1, max-image-preview:large, max-video-preview:-1\" \/>\n<link rel=\"canonical\" href=\"https:\/\/justgym.pl\/uk\" \/>\n<meta property=\"og:locale\" content=\"uk_UA\" \/>\n<meta property=\"og:type\" content=\"article\" \/>\n<meta property=\"og:title\" content=\"Just GYM \u2013 nowoczesne si\u0142ownie 24\/7 bez um\u00f3w i haczyk\u00f3w\" \/>\n<meta property=\"og:description\" content=\"Si\u0142ownie 24\/7 w ca\u0142ej Polsce. Trenuj bez um\u00f3w i zb\u0119dnych formalno\u015bci. Zaj\u0119cia grupowe w cenie karnetu i nowoczesny sprz\u0119t. Do\u0142\u0105cz do Just GYM!\" \/>\n<meta property=\"og:url\" content=\"https:\/\/justgym.pl\/uk\" \/>\n<meta property=\"og:site_name\" content=\"Just GYM\" \/>\n<meta property=\"article:modified_time\" content=\"2026-04-09T08:10:02+00:00\" \/>\n<meta name=\"twitter:card\" content=\"summary_large_image\" \/>\n<meta name=\"twitter:label1\" content=\"\u041f\u0440\u0438\u0431\u043b. \u0447\u0430\u0441 \u0447\u0438\u0442\u0430\u043d\u043d\u044f\" \/>\n\t<meta name=\"twitter:data1\" content=\"1 \u0445\u0432\u0438\u043b\u0438\u043d\u0430\" \/>\n<script type=\"application\/ld+json\" class=\"yoast-schema-graph\">{\"@context\":\"https:\/\/schema.org\",\"@graph\":[{\"@type\":\"WebPage\",\"@id\":\"https:\/\/justgym.pl\/\",\"url\":\"https:\/\/justgym.pl\/\",\"name\":\"Just GYM \u2013 nowoczesne si\u0142ownie 24\/7 bez um\u00f3w i haczyk\u00f3w\",\"isPartOf\":{\"@id\":\"https:\/\/justgym.pl\/#website\"},\"datePublished\":\"2025-09-11T11:38:51+00:00\",\"dateModified\":\"2026-04-09T08:10:02+00:00\",\"description\":\"Si\u0142ownie 24\/7 w ca\u0142ej Polsce. Trenuj bez um\u00f3w i zb\u0119dnych formalno\u015bci. Zaj\u0119cia grupowe w cenie karnetu i nowoczesny sprz\u0119t. Do\u0142\u0105cz do Just GYM!\",\"breadcrumb\":{\"@id\":\"https:\/\/justgym.pl\/#breadcrumb\"},\"inLanguage\":\"uk\",\"potentialAction\":[{\"@type\":\"ReadAction\",\"target\":[\"https:\/\/justgym.pl\/\"]}]},{\"@type\":\"BreadcrumbList\",\"@id\":\"https:\/\/justgym.pl\/#breadcrumb\",\"itemListElement\":[{\"@type\":\"ListItem\",\"position\":1,\"name\":\"Strona g\u0142\u00f3wna\",\"item\":\"https:\/\/justgym.pl\/\"},{\"@type\":\"ListItem\",\"position\":2,\"name\":\"Strona g\u0142\u00f3wna\"}]},{\"@type\":\"WebSite\",\"@id\":\"https:\/\/justgym.pl\/#website\",\"url\":\"https:\/\/justgym.pl\/\",\"name\":\"Just GYM\",\"description\":\"\",\"potentialAction\":[{\"@type\":\"SearchAction\",\"target\":{\"@type\":\"EntryPoint\",\"urlTemplate\":\"https:\/\/justgym.pl\/?s={search_term_string}\"},\"query-input\":{\"@type\":\"PropertyValueSpecification\",\"valueRequired\":true,\"valueName\":\"search_term_string\"}}],\"inLanguage\":\"uk\"}]}<\/script>\n<!-- \/ Yoast SEO plugin. -->","yoast_head_json":{"title":"Just GYM - \u0441\u0443\u0447\u0430\u0441\u043d\u0456 \u0442\u0440\u0435\u043d\u0430\u0436\u0435\u0440\u043d\u0456 \u0437\u0430\u043b\u0438 24\/7 \u0431\u0435\u0437 \u043a\u043e\u043d\u0442\u0440\u0430\u043a\u0442\u0456\u0432 \u0456 \u0433\u0430\u0447\u043a\u0456\u0432","description":"\u0422\u0440\u0435\u043d\u0430\u0436\u0435\u0440\u043d\u0456 \u0437\u0430\u043b\u0438 24\/7 \u043f\u043e \u0432\u0441\u0456\u0439 \u041f\u043e\u043b\u044c\u0449\u0456. \u0422\u0440\u0435\u043d\u0443\u0439\u0442\u0435\u0441\u044f \u0431\u0435\u0437 \u0434\u043e\u0433\u043e\u0432\u043e\u0440\u0456\u0432 \u0442\u0430 \u0437\u0430\u0439\u0432\u0438\u0445 \u0444\u043e\u0440\u043c\u0430\u043b\u044c\u043d\u043e\u0441\u0442\u0435\u0439. \u0413\u0440\u0443\u043f\u043e\u0432\u0456 \u0437\u0430\u043d\u044f\u0442\u0442\u044f \u0437\u0430 \u0446\u0456\u043d\u043e\u044e \u0430\u0431\u043e\u043d\u0435\u043c\u0435\u043d\u0442\u0430 \u0442\u0430 \u0441\u0443\u0447\u0430\u0441\u043d\u0435 \u043e\u0431\u043b\u0430\u0434\u043d\u0430\u043d\u043d\u044f. \u041f\u0440\u0438\u0454\u0434\u043d\u0443\u0439\u0441\u044f \u0434\u043e Just GYM!","robots":{"index":"index","follow":"follow","max-snippet":"max-snippet:-1","max-image-preview":"max-image-preview:large","max-video-preview":"max-video-preview:-1"},"canonical":"https:\/\/justgym.pl\/uk","og_locale":"uk_UA","og_type":"article","og_title":"Just GYM \u2013 nowoczesne si\u0142ownie 24\/7 bez um\u00f3w i haczyk\u00f3w","og_description":"Si\u0142ownie 24\/7 w ca\u0142ej Polsce. Trenuj bez um\u00f3w i zb\u0119dnych formalno\u015bci. Zaj\u0119cia grupowe w cenie karnetu i nowoczesny sprz\u0119t. Do\u0142\u0105cz do Just GYM!","og_url":"https:\/\/justgym.pl\/uk","og_site_name":"Just GYM","article_modified_time":"2026-04-09T08:10:02+00:00","twitter_card":"summary_large_image","twitter_misc":{"\u041f\u0440\u0438\u0431\u043b. \u0447\u0430\u0441 \u0447\u0438\u0442\u0430\u043d\u043d\u044f":"1 \u0445\u0432\u0438\u043b\u0438\u043d\u0430"},"schema":{"@context":"https:\/\/schema.org","@graph":[{"@type":"WebPage","@id":"https:\/\/justgym.pl\/","url":"https:\/\/justgym.pl\/","name":"Just GYM - \u0441\u0443\u0447\u0430\u0441\u043d\u0456 \u0442\u0440\u0435\u043d\u0430\u0436\u0435\u0440\u043d\u0456 \u0437\u0430\u043b\u0438 24\/7 \u0431\u0435\u0437 \u043a\u043e\u043d\u0442\u0440\u0430\u043a\u0442\u0456\u0432 \u0456 \u0433\u0430\u0447\u043a\u0456\u0432","isPartOf":{"@id":"https:\/\/justgym.pl\/#website"},"datePublished":"2025-09-11T11:38:51+00:00","dateModified":"2026-04-09T08:10:02+00:00","description":"\u0422\u0440\u0435\u043d\u0430\u0436\u0435\u0440\u043d\u0456 \u0437\u0430\u043b\u0438 24\/7 \u043f\u043e \u0432\u0441\u0456\u0439 \u041f\u043e\u043b\u044c\u0449\u0456. \u0422\u0440\u0435\u043d\u0443\u0439\u0442\u0435\u0441\u044f \u0431\u0435\u0437 \u0434\u043e\u0433\u043e\u0432\u043e\u0440\u0456\u0432 \u0442\u0430 \u0437\u0430\u0439\u0432\u0438\u0445 \u0444\u043e\u0440\u043c\u0430\u043b\u044c\u043d\u043e\u0441\u0442\u0435\u0439. \u0413\u0440\u0443\u043f\u043e\u0432\u0456 \u0437\u0430\u043d\u044f\u0442\u0442\u044f \u0437\u0430 \u0446\u0456\u043d\u043e\u044e \u0430\u0431\u043e\u043d\u0435\u043c\u0435\u043d\u0442\u0430 \u0442\u0430 \u0441\u0443\u0447\u0430\u0441\u043d\u0435 \u043e\u0431\u043b\u0430\u0434\u043d\u0430\u043d\u043d\u044f. \u041f\u0440\u0438\u0454\u0434\u043d\u0443\u0439\u0441\u044f \u0434\u043e Just GYM!","breadcrumb":{"@id":"https:\/\/justgym.pl\/#breadcrumb"},"inLanguage":"uk","potentialAction":[{"@type":"ReadAction","target":["https:\/\/justgym.pl\/"]}]},{"@type":"BreadcrumbList","@id":"https:\/\/justgym.pl\/#breadcrumb","itemListElement":[{"@type":"ListItem","position":1,"name":"Strona g\u0142\u00f3wna","item":"https:\/\/justgym.pl\/"},{"@type":"ListItem","position":2,"name":"Strona g\u0142\u00f3wna"}]},{"@type":"WebSite","@id":"https:\/\/justgym.pl\/#website","url":"https:\/\/justgym.pl\/","name":"\u041f\u0440\u043e\u0441\u0442\u043e \u0442\u0440\u0435\u043d\u0430\u0436\u0435\u0440\u043d\u0438\u0439 \u0437\u0430\u043b","description":"","potentialAction":[{"@type":"SearchAction","target":{"@type":"EntryPoint","urlTemplate":"https:\/\/justgym.pl\/?s={search_term_string}"},"query-input":{"@type":"PropertyValueSpecification","valueRequired":true,"valueName":"search_term_string"}}],"inLanguage":"uk"}]}},"_links":{"self":[{"href":"https:\/\/justgym.pl\/uk\/wp-json\/wp\/v2\/pages\/5","targetHints":{"allow":["GET"]}}],"collection":[{"href":"https:\/\/justgym.pl\/uk\/wp-json\/wp\/v2\/pages"}],"about":[{"href":"https:\/\/justgym.pl\/uk\/wp-json\/wp\/v2\/types\/page"}],"author":[{"embeddable":true,"href":"https:\/\/justgym.pl\/uk\/wp-json\/wp\/v2\/users\/1"}],"replies":[{"embeddable":true,"href":"https:\/\/justgym.pl\/uk\/wp-json\/wp\/v2\/comments?post=5"}],"version-history":[{"count":163,"href":"https:\/\/justgym.pl\/uk\/wp-json\/wp\/v2\/pages\/5\/revisions"}],"predecessor-version":[{"id":2943,"href":"https:\/\/justgym.pl\/uk\/wp-json\/wp\/v2\/pages\/5\/revisions\/2943"}],"wp:attachment":[{"href":"https:\/\/justgym.pl\/uk\/wp-json\/wp\/v2\/media?parent=5"}],"curies":[{"name":"wp","href":"https:\/\/api.w.org\/{rel}","templated":true}]}}